{"id":116974,"date":"2022-10-12T15:24:43","date_gmt":"2022-10-12T13:24:43","guid":{"rendered":"http:\/\/dev.claret.cat\/producte\/nunca-fuimos-heroes-2\/"},"modified":"2023-01-28T07:02:48","modified_gmt":"2023-01-28T06:02:48","slug":"nunca-fuimos-heroes-9788408221685","status":"publish","type":"product","link":"https:\/\/www.claret.cat\/es\/libro\/nunca-fuimos-heroes-9788408221685\/","title":{"rendered":"NUNCA FUIMOS H\u00c9ROES"},"content":{"rendered":"<p>Gabo es un comisario de polic\u00eda retirado que ha dedicado toda su carrera a la lucha contra el terrorismo. Harri es un terrorista que ha pasado los \u00faltimos veinte a\u00f1os en Colombia tras conseguir escapar de numerosos intentos de captura.<br \/>Cuando los servicios de inteligencia espa\u00f1oles descubren que Harri ha vuelto a Madrid, el comisario general de Informaci\u00f3n le pide a su antiguo amigo y subordinado, Gabo, que averig\u00fce extraoficialmente el motivo de su regreso. Aunque se hab\u00eda prometido mantenerse alejado de su antigua vida, la vieja fijaci\u00f3n por detener a Harri y saldar cuentas pendientes arrastra a Gabo a iniciar una investigaci\u00f3n en la que se cruzar\u00e1 con las redes internacionales de narcotr\u00e1fico, el crimen organizado, el yihadismo y el oscuro mundo de los confidentes.<br \/>El polic\u00eda, atrapado en una vigilancia obsesiva, establecer\u00e1 una perturbadora relaci\u00f3n personal con el terrorista que le har\u00e1 revivir un pasado que ha luchado por olvidar. Las viejas heridas se reabrir\u00e1n. La frustraci\u00f3n de los atentados, la tensi\u00f3n de las operaciones, los compa\u00f1eros que quedaron en el camino, los a\u00f1os de la guerra sucia y una historia de amor nunca olvidada regresar\u00e1n a su memoria.<br \/>Una joven inspectora de Estupefacientes, Estela, ayudar\u00e1 a Gabo en su b\u00fasqueda, conscientes de que se les est\u00e1 agotando el tiempo para impedir que Harri cometa un nuevo crimen.<br \/>Nunca fuimos h\u00e9roes es una apasionante novela polic\u00edaca de ritmo e intriga creciente, un emocionante recorrido por nuestro pasado m\u00e1s doloroso y una reflexi\u00f3n profunda y conmovedora de los \u00faltimos cuarenta a\u00f1os de la historia de Espa\u00f1a.<\/p>\n","protected":false},"excerpt":{"rendered":"<p>BENZO, FERNANDO<\/p>\n","protected":false},"featured_media":116975,"template":"","meta":{"_acf_changed":false,"om_disable_all_campaigns":false,"rs_blank_template":"","rs_page_bg_color":"","slide_template_v7":"","inline_featured_image":false,"_monsterinsights_skip_tracking":false,"_monsterinsights_sitenote_active":false,"_monsterinsights_sitenote_note":"","_monsterinsights_sitenote_category":0},"product_brand":[],"product_cat":[127],"product_tag":[],"class_list":{"0":"post-116974","1":"product","2":"type-product","3":"status-publish","4":"has-post-thumbnail","6":"product_cat-novella-contemporania","8":"first","9":"instock","10":"taxable","11":"shipping-taxable","12":"purchasable","13":"product-type-simple"},"acf":{"editorial":[{"ID":6233,"post_author":"3","post_date":"2022-07-28 17:47:48","post_date_gmt":"2022-07-28 15:47:48","post_content":"","post_title":"EDITORIAL PLANETA","post_excerpt":"","post_status":"publish","comment_status":"closed","ping_status":"closed","post_password":"","post_name":"editorial-planeta","to_ping":"","pinged":"","post_modified":"2022-07-28 17:47:48","post_modified_gmt":"2022-07-28 15:47:48","post_content_filtered":"","post_parent":0,"guid":"http:\/\/dev.claret.cat\/editorial\/editorial-planeta\/","menu_order":0,"post_type":"editorial","post_mime_type":"","comment_count":"0","filter":"raw"}],"autores-libros":[{"ID":155791,"post_author":"3","post_date":"2022-10-14 15:15:39","post_date_gmt":"2022-10-14 13:15:39","post_content":"","post_title":"FERNANDO BENZO","post_excerpt":"","post_status":"publish","comment_status":"closed","ping_status":"closed","post_password":"","post_name":"fernando-benzo","to_ping":"","pinged":"","post_modified":"2022-10-14 15:15:39","post_modified_gmt":"2022-10-14 13:15:39","post_content_filtered":"","post_parent":0,"guid":"http:\/\/dev.claret.cat\/autor\/fernando-benzo\/","menu_order":0,"post_type":"autor","post_mime_type":"","comment_count":"0","filter":"raw"}],"autor":"BENZO, FERNANDO","codart":"840822168","libros-coleccion":"Autores Espa\u00f1oles e Iberoamericanos","ediciones":"1","encuadernacion":"Carton\u00e9","fecha_de_publicacion":"01\/01\/2020","novedad":"1","paginas":"416","subtitulo":"","orden":"0","portada":"0","idioma":"spa"},"aioseo_notices":[],"_links":{"self":[{"href":"https:\/\/www.claret.cat\/es\/wp-json\/wp\/v2\/product\/116974","targetHints":{"allow":["GET"]}}],"collection":[{"href":"https:\/\/www.claret.cat\/es\/wp-json\/wp\/v2\/product"}],"about":[{"href":"https:\/\/www.claret.cat\/es\/wp-json\/wp\/v2\/types\/product"}],"wp:featuredmedia":[{"embeddable":true,"href":"https:\/\/www.claret.cat\/es\/wp-json\/wp\/v2\/media\/116975"}],"wp:attachment":[{"href":"https:\/\/www.claret.cat\/es\/wp-json\/wp\/v2\/media?parent=116974"}],"wp:term":[{"taxonomy":"product_brand","embeddable":true,"href":"https:\/\/www.claret.cat\/es\/wp-json\/wp\/v2\/product_brand?post=116974"},{"taxonomy":"product_cat","embeddable":true,"href":"https:\/\/www.claret.cat\/es\/wp-json\/wp\/v2\/product_cat?post=116974"},{"taxonomy":"product_tag","embeddable":true,"href":"https:\/\/www.claret.cat\/es\/wp-json\/wp\/v2\/product_tag?post=116974"}],"curies":[{"name":"wp","href":"https:\/\/api.w.org\/{rel}","templated":true}]}}