{"id":11703,"date":"2022-09-30T20:09:03","date_gmt":"2022-09-30T18:09:03","guid":{"rendered":"http:\/\/dev.claret.cat\/producte\/sense-fer-mai-el-cim\/"},"modified":"2025-01-31T23:19:17","modified_gmt":"2025-01-31T22:19:17","slug":"sense-fer-mai-el-cim-9788417181901","status":"publish","type":"product","link":"https:\/\/www.claret.cat\/es\/libro\/sense-fer-mai-el-cim-9788417181901\/","title":{"rendered":"SENSE FER MAI EL CIM"},"content":{"rendered":"<p>Despr\u00e9s de &#8216;Les vuit muntanyes&#8217; Cognetti ens captiva amb un nou viatge a l&#8217;interior de l&#8217;\u00e0nima humana i a la natura.<br \/>Aquest llibre \u00e9s una llibreta de viatge, per\u00f2 tamb\u00e9 la narraci\u00f3 il\u00b7lustrada, c\u00e0lida, detallada, de la manera com trontollen les certeses amb el mal d\u2019altura, com es dialoga amb un gos tibet\u00e0, com el paisatge es fa trama del cos i l\u2019esperit. Perqu\u00e8 l\u2019Him\u00e0laia no \u00e9s una terra per endinsar-s\u2019hi a la lleugera: \u00e9s una muntanya viva, habitada, utilitzada, de vegades soferta, molt lluny de la nostra. Per afrontar-la cal una expedici\u00f3 de veritat, i sobretot bons companys de viatge. Les nits infinites a la tenda amb el Nicola, la magnific\u00e8ncia absoluta de la muntanya contemplada amb el Remigio, el pujar-i-baixar del cam\u00ed a alta cota, l\u2019alteritat dels llocs i de les persones trobades. Aquest \u00e9s el viatge que Paolo Cognetti empr\u00e8n a les acaballes del seu quarant\u00e8 any de vida.<\/p>\n","protected":false},"excerpt":{"rendered":"<p>COGNETTI, PAOLO<\/p>\n","protected":false},"featured_media":68088,"template":"","meta":{"_acf_changed":false,"om_disable_all_campaigns":false,"rs_blank_template":"","rs_page_bg_color":"","slide_template_v7":"","inline_featured_image":false,"_monsterinsights_skip_tracking":false,"_monsterinsights_sitenote_active":false,"_monsterinsights_sitenote_note":"","_monsterinsights_sitenote_category":0},"product_brand":[],"product_cat":[353,87],"product_tag":[],"class_list":{"0":"post-11703","1":"product","2":"type-product","3":"status-publish","4":"has-post-thumbnail","6":"product_cat-literatura-2_humanidades","7":"product_cat-literatura","9":"first","10":"instock","11":"taxable","12":"shipping-taxable","13":"purchasable","14":"product-type-simple"},"acf":{"autor":"COGNETTI, PAOLO","codart":"841718190","libros-coleccion":"NAVONA_PORT BO","ediciones":"1","encuadernacion":"R\u00fastica","fecha_de_publicacion":"01\/06\/2019","novedad":"1","paginas":"134","subtitulo":"VIATGE A L'HIM\u00c0LAIA","orden":"0","portada":"0","idioma":"cat","editorial":[{"ID":148565,"post_author":"3","post_date":"2022-10-14 11:59:14","post_date_gmt":"2022-10-14 09:59:14","post_content":"","post_title":"NAVONA.TERAPIAS VERDES","post_excerpt":"","post_status":"publish","comment_status":"closed","ping_status":"closed","post_password":"","post_name":"navona-terapias-verdes","to_ping":"","pinged":"","post_modified":"2022-10-14 11:59:14","post_modified_gmt":"2022-10-14 09:59:14","post_content_filtered":"","post_parent":0,"guid":"http:\/\/dev.claret.cat\/editorial\/navona-terapias-verdes\/","menu_order":0,"post_type":"editorial","post_mime_type":"","comment_count":"0","filter":"raw"}],"autores-libros":[{"ID":166546,"post_author":"3","post_date":"2022-10-14 18:04:08","post_date_gmt":"2022-10-14 16:04:08","post_content":"","post_title":"PAOLO  COGNETTI","post_excerpt":"","post_status":"publish","comment_status":"closed","ping_status":"closed","post_password":"","post_name":"paolo-cognetti","to_ping":"","pinged":"","post_modified":"2022-10-14 18:04:08","post_modified_gmt":"2022-10-14 16:04:08","post_content_filtered":"","post_parent":0,"guid":"http:\/\/dev.claret.cat\/autor\/paolo-cognetti\/","menu_order":0,"post_type":"autor","post_mime_type":"","comment_count":"0","filter":"raw"}]},"aioseo_notices":[],"_links":{"self":[{"href":"https:\/\/www.claret.cat\/es\/wp-json\/wp\/v2\/product\/11703","targetHints":{"allow":["GET"]}}],"collection":[{"href":"https:\/\/www.claret.cat\/es\/wp-json\/wp\/v2\/product"}],"about":[{"href":"https:\/\/www.claret.cat\/es\/wp-json\/wp\/v2\/types\/product"}],"wp:featuredmedia":[{"embeddable":true,"href":"https:\/\/www.claret.cat\/es\/wp-json\/wp\/v2\/media\/68088"}],"wp:attachment":[{"href":"https:\/\/www.claret.cat\/es\/wp-json\/wp\/v2\/media?parent=11703"}],"wp:term":[{"taxonomy":"product_brand","embeddable":true,"href":"https:\/\/www.claret.cat\/es\/wp-json\/wp\/v2\/product_brand?post=11703"},{"taxonomy":"product_cat","embeddable":true,"href":"https:\/\/www.claret.cat\/es\/wp-json\/wp\/v2\/product_cat?post=11703"},{"taxonomy":"product_tag","embeddable":true,"href":"https:\/\/www.claret.cat\/es\/wp-json\/wp\/v2\/product_tag?post=11703"}],"curies":[{"name":"wp","href":"https:\/\/api.w.org\/{rel}","templated":true}]}}