{"id":117129,"date":"2022-10-12T15:27:04","date_gmt":"2022-10-12T13:27:04","guid":{"rendered":"http:\/\/dev.claret.cat\/producte\/balcanes-occidentales-1\/"},"modified":"2023-01-28T14:25:34","modified_gmt":"2023-01-28T13:25:34","slug":"balcanes-occidentales-1-9788408216742","status":"publish","type":"product","link":"https:\/\/www.claret.cat\/es\/libro\/balcanes-occidentales-1-9788408216742\/","title":{"rendered":"BALCANES OCCIDENTALES 1"},"content":{"rendered":"<p>Con m\u00e1s historia, cultura y esplendor paisaj\u00edstico de lo que por sus dimensiones cabr\u00eda esperar, es una de las regiones m\u00e1s fascinantes de Europa. Posee una naturaleza espectacular, con hermosas costas de aguas cristalinas y abruptas monta\u00f1as en el interior, ideales para realizar excursiones. Pero los atractivos de los Balcanes no acaban ah\u00ed: sus ciudades son como un libro abierto de historia y la cultura es omnipresente, con un legado arquitect\u00f3nico inigualable y todo tipo de tesoros art\u00edsticos. Y para acabar de poner la guinda, la gastronom\u00eda regalar\u00e1 al viajero un sinf\u00edn de sabores, una mezcla de venecianos, austr\u00edacos, h\u00fangaros y otomanos que la regi\u00f3n ha hecho propios y que har\u00e1n las delicias de los m\u00e1s exigentes.<\/p>\n<p>Incluye: Eslovenia, Croacia, Bosnia y Herzegovina, Serbia, Montenegro, Kosovo, Albania y Macedonia del Norte.<\/p>\n","protected":false},"excerpt":{"rendered":"<p>DRAGICEVICH, PETER \/ BAKER, MARK \/ BUTLER, STUART \/ HAM, ANTHONY \/ LEE, JESSICA<\/p>\n","protected":false},"featured_media":117130,"template":"","meta":{"_acf_changed":false,"om_disable_all_campaigns":false,"rs_blank_template":"","rs_page_bg_color":"","slide_template_v7":"","inline_featured_image":false,"_monsterinsights_skip_tracking":false,"_monsterinsights_sitenote_active":false,"_monsterinsights_sitenote_note":"","_monsterinsights_sitenote_category":0},"product_brand":[],"product_cat":[107],"product_tag":[],"class_list":{"0":"post-117129","1":"product","2":"type-product","3":"status-publish","4":"has-post-thumbnail","6":"product_cat-guies-de-viatge","8":"first","9":"instock","10":"taxable","11":"shipping-taxable","12":"purchasable","13":"product-type-simple"},"acf":{"editorial":[{"ID":6233,"post_author":"3","post_date":"2022-07-28 17:47:48","post_date_gmt":"2022-07-28 15:47:48","post_content":"","post_title":"EDITORIAL PLANETA","post_excerpt":"","post_status":"publish","comment_status":"closed","ping_status":"closed","post_password":"","post_name":"editorial-planeta","to_ping":"","pinged":"","post_modified":"2022-07-28 17:47:48","post_modified_gmt":"2022-07-28 15:47:48","post_content_filtered":"","post_parent":0,"guid":"http:\/\/dev.claret.cat\/editorial\/editorial-planeta\/","menu_order":0,"post_type":"editorial","post_mime_type":"","comment_count":"0","filter":"raw"}],"autores-libros":[{"ID":159068,"post_author":"3","post_date":"2022-10-14 15:41:50","post_date_gmt":"2022-10-14 13:41:50","post_content":"","post_title":"JESSICA LEE","post_excerpt":"","post_status":"publish","comment_status":"closed","ping_status":"closed","post_password":"","post_name":"jessica-lee","to_ping":"","pinged":"","post_modified":"2022-10-14 15:41:50","post_modified_gmt":"2022-10-14 13:41:50","post_content_filtered":"","post_parent":0,"guid":"http:\/\/dev.claret.cat\/autor\/jessica-lee\/","menu_order":0,"post_type":"autor","post_mime_type":"","comment_count":"0","filter":"raw"},{"ID":169882,"post_author":"3","post_date":"2022-10-14 22:30:47","post_date_gmt":"2022-10-14 20:30:47","post_content":"","post_title":"STUART BUTLER","post_excerpt":"","post_status":"publish","comment_status":"closed","ping_status":"closed","post_password":"","post_name":"stuart-butler","to_ping":"","pinged":"","post_modified":"2022-10-14 22:30:47","post_modified_gmt":"2022-10-14 20:30:47","post_content_filtered":"","post_parent":0,"guid":"http:\/\/dev.claret.cat\/autor\/stuart-butler\/","menu_order":0,"post_type":"autor","post_mime_type":"","comment_count":"0","filter":"raw"},{"ID":164060,"post_author":"3","post_date":"2022-10-14 17:44:02","post_date_gmt":"2022-10-14 15:44:02","post_content":"","post_title":"MARK BAKER","post_excerpt":"","post_status":"publish","comment_status":"closed","ping_status":"closed","post_password":"","post_name":"mark-baker","to_ping":"","pinged":"","post_modified":"2022-10-14 17:44:02","post_modified_gmt":"2022-10-14 15:44:02","post_content_filtered":"","post_parent":0,"guid":"http:\/\/dev.claret.cat\/autor\/mark-baker\/","menu_order":0,"post_type":"autor","post_mime_type":"","comment_count":"0","filter":"raw"},{"ID":167087,"post_author":"3","post_date":"2022-10-14 18:08:26","post_date_gmt":"2022-10-14 16:08:26","post_content":"","post_title":"PETER DRAGICEVICH","post_excerpt":"","post_status":"publish","comment_status":"closed","ping_status":"closed","post_password":"","post_name":"peter-dragicevich","to_ping":"","pinged":"","post_modified":"2022-10-14 18:08:26","post_modified_gmt":"2022-10-14 16:08:26","post_content_filtered":"","post_parent":0,"guid":"http:\/\/dev.claret.cat\/autor\/peter-dragicevich\/","menu_order":0,"post_type":"autor","post_mime_type":"","comment_count":"0","filter":"raw"},{"ID":150770,"post_author":"3","post_date":"2022-10-14 14:35:36","post_date_gmt":"2022-10-14 12:35:36","post_content":"","post_title":"ANTHONY HAM","post_excerpt":"","post_status":"publish","comment_status":"closed","ping_status":"closed","post_password":"","post_name":"anthony-ham","to_ping":"","pinged":"","post_modified":"2022-10-14 14:35:36","post_modified_gmt":"2022-10-14 12:35:36","post_content_filtered":"","post_parent":0,"guid":"http:\/\/dev.claret.cat\/autor\/anthony-ham\/","menu_order":0,"post_type":"autor","post_mime_type":"","comment_count":"0","filter":"raw"}],"autor":"DRAGICEVICH, PETER \/ BAKER, MARK \/ BUTLER, STUART \/ HAM, ANTHONY \/ LEE, JESSICA","codart":"840821674","libros-coleccion":"PLANETA EDICIONES","ediciones":"1","encuadernacion":"R\u00fastica","fecha_de_publicacion":"01\/02\/2020","novedad":"1","paginas":"480","subtitulo":"","orden":"0","portada":"0","idioma":"spa"},"aioseo_notices":[],"_links":{"self":[{"href":"https:\/\/www.claret.cat\/es\/wp-json\/wp\/v2\/product\/117129","targetHints":{"allow":["GET"]}}],"collection":[{"href":"https:\/\/www.claret.cat\/es\/wp-json\/wp\/v2\/product"}],"about":[{"href":"https:\/\/www.claret.cat\/es\/wp-json\/wp\/v2\/types\/product"}],"wp:featuredmedia":[{"embeddable":true,"href":"https:\/\/www.claret.cat\/es\/wp-json\/wp\/v2\/media\/117130"}],"wp:attachment":[{"href":"https:\/\/www.claret.cat\/es\/wp-json\/wp\/v2\/media?parent=117129"}],"wp:term":[{"taxonomy":"product_brand","embeddable":true,"href":"https:\/\/www.claret.cat\/es\/wp-json\/wp\/v2\/product_brand?post=117129"},{"taxonomy":"product_cat","embeddable":true,"href":"https:\/\/www.claret.cat\/es\/wp-json\/wp\/v2\/product_cat?post=117129"},{"taxonomy":"product_tag","embeddable":true,"href":"https:\/\/www.claret.cat\/es\/wp-json\/wp\/v2\/product_tag?post=117129"}],"curies":[{"name":"wp","href":"https:\/\/api.w.org\/{rel}","templated":true}]}}