{"id":117138,"date":"2022-10-12T15:27:13","date_gmt":"2022-10-12T13:27:13","guid":{"rendered":"http:\/\/dev.claret.cat\/producte\/lo-mejor-de-paris-4\/"},"modified":"2023-01-28T16:54:09","modified_gmt":"2023-01-28T15:54:09","slug":"lo-mejor-de-paris-4-9788408214670","status":"publish","type":"product","link":"https:\/\/www.claret.cat\/es\/libro\/lo-mejor-de-paris-4-9788408214670\/","title":{"rendered":"LO MEJOR DE PAR\u00cdS 4"},"content":{"rendered":"<p>La capital de Francia rebosa de lugares emblem\u00e1ticos, adem\u00e1s de museos y galer\u00edas especializados que le han otorgado fama mundial y un nombre propio, la Ville Lumi\u00e8re, la Ciudad de la Luz, as\u00ed llamada por su destacado papel en la Ilustraci\u00f3n. Sus grandes bulevares, engalanados con monumentos, museos, bistr\u00f3s y boutiques, se consolidan con toda una nueva oleada de galer\u00edas multimedia, vinotecas, tiendas de dise\u00f1o y empresas tecnol\u00f3gicas emergentes que sit\u00faan Par\u00eds como ciudad cosmopolita, visionaria e internacional.<\/p>\n","protected":false},"excerpt":{"rendered":"<p>LE NEVEZ, CATHERINE \/ PITTS, CHRISTOPHER \/ WILLIAMS, NICOLA<\/p>\n","protected":false},"featured_media":117139,"template":"","meta":{"_acf_changed":false,"om_disable_all_campaigns":false,"rs_blank_template":"","rs_page_bg_color":"","slide_template_v7":"","inline_featured_image":false,"_monsterinsights_skip_tracking":false,"_monsterinsights_sitenote_active":false,"_monsterinsights_sitenote_note":"","_monsterinsights_sitenote_category":0},"product_brand":[],"product_cat":[107],"product_tag":[],"class_list":{"0":"post-117138","1":"product","2":"type-product","3":"status-publish","4":"has-post-thumbnail","6":"product_cat-guies-de-viatge","8":"first","9":"instock","10":"taxable","11":"shipping-taxable","12":"purchasable","13":"product-type-simple"},"acf":{"editorial":[{"ID":6233,"post_author":"3","post_date":"2022-07-28 17:47:48","post_date_gmt":"2022-07-28 15:47:48","post_content":"","post_title":"EDITORIAL PLANETA","post_excerpt":"","post_status":"publish","comment_status":"closed","ping_status":"closed","post_password":"","post_name":"editorial-planeta","to_ping":"","pinged":"","post_modified":"2022-07-28 17:47:48","post_modified_gmt":"2022-07-28 15:47:48","post_content_filtered":"","post_parent":0,"guid":"http:\/\/dev.claret.cat\/editorial\/editorial-planeta\/","menu_order":0,"post_type":"editorial","post_mime_type":"","comment_count":"0","filter":"raw"}],"autores-libros":[{"ID":152593,"post_author":"3","post_date":"2022-10-14 14:50:01","post_date_gmt":"2022-10-14 12:50:01","post_content":"","post_title":"CATHERINE LE NEVEZ","post_excerpt":"","post_status":"publish","comment_status":"closed","ping_status":"closed","post_password":"","post_name":"catherine-le-nevez","to_ping":"","pinged":"","post_modified":"2022-10-14 14:50:01","post_modified_gmt":"2022-10-14 12:50:01","post_content_filtered":"","post_parent":0,"guid":"http:\/\/dev.claret.cat\/autor\/catherine-le-nevez\/","menu_order":0,"post_type":"autor","post_mime_type":"","comment_count":"0","filter":"raw"},{"ID":165817,"post_author":"3","post_date":"2022-10-14 17:58:11","post_date_gmt":"2022-10-14 15:58:11","post_content":"","post_title":"NICOLA WILLIAMS","post_excerpt":"","post_status":"publish","comment_status":"closed","ping_status":"closed","post_password":"","post_name":"nicola-williams","to_ping":"","pinged":"","post_modified":"2022-10-14 17:58:11","post_modified_gmt":"2022-10-14 15:58:11","post_content_filtered":"","post_parent":0,"guid":"http:\/\/dev.claret.cat\/autor\/nicola-williams\/","menu_order":0,"post_type":"autor","post_mime_type":"","comment_count":"0","filter":"raw"},{"ID":152968,"post_author":"3","post_date":"2022-10-14 14:53:01","post_date_gmt":"2022-10-14 12:53:01","post_content":"","post_title":"CHRISTOPHER PITTS","post_excerpt":"","post_status":"publish","comment_status":"closed","ping_status":"closed","post_password":"","post_name":"christopher-pitts","to_ping":"","pinged":"","post_modified":"2022-10-14 14:53:01","post_modified_gmt":"2022-10-14 12:53:01","post_content_filtered":"","post_parent":0,"guid":"http:\/\/dev.claret.cat\/autor\/christopher-pitts\/","menu_order":0,"post_type":"autor","post_mime_type":"","comment_count":"0","filter":"raw"}],"autor":"LE NEVEZ, CATHERINE \/ PITTS, CHRISTOPHER \/ WILLIAMS, NICOLA","codart":"840821467","libros-coleccion":"Gu\u00edas Lo mejor de Ciudad Lonely Planet","ediciones":"1","encuadernacion":"R\u00fastica","fecha_de_publicacion":"01\/02\/2020","novedad":"1","paginas":"266","subtitulo":"","orden":"0","portada":"0","idioma":"spa"},"aioseo_notices":[],"_links":{"self":[{"href":"https:\/\/www.claret.cat\/es\/wp-json\/wp\/v2\/product\/117138","targetHints":{"allow":["GET"]}}],"collection":[{"href":"https:\/\/www.claret.cat\/es\/wp-json\/wp\/v2\/product"}],"about":[{"href":"https:\/\/www.claret.cat\/es\/wp-json\/wp\/v2\/types\/product"}],"wp:featuredmedia":[{"embeddable":true,"href":"https:\/\/www.claret.cat\/es\/wp-json\/wp\/v2\/media\/117139"}],"wp:attachment":[{"href":"https:\/\/www.claret.cat\/es\/wp-json\/wp\/v2\/media?parent=117138"}],"wp:term":[{"taxonomy":"product_brand","embeddable":true,"href":"https:\/\/www.claret.cat\/es\/wp-json\/wp\/v2\/product_brand?post=117138"},{"taxonomy":"product_cat","embeddable":true,"href":"https:\/\/www.claret.cat\/es\/wp-json\/wp\/v2\/product_cat?post=117138"},{"taxonomy":"product_tag","embeddable":true,"href":"https:\/\/www.claret.cat\/es\/wp-json\/wp\/v2\/product_tag?post=117138"}],"curies":[{"name":"wp","href":"https:\/\/api.w.org\/{rel}","templated":true}]}}