{"id":117141,"date":"2022-10-12T15:27:15","date_gmt":"2022-10-12T13:27:15","guid":{"rendered":"http:\/\/dev.claret.cat\/producte\/manual-para-dominar-los-pensamientos-ansiosos\/"},"modified":"2025-09-19T16:43:30","modified_gmt":"2025-09-19T14:43:30","slug":"manual-para-dominar-los-pensamientos-ansiosos-9788433030900","status":"publish","type":"product","link":"https:\/\/www.claret.cat\/es\/libro\/manual-para-dominar-los-pensamientos-ansiosos-9788433030900\/","title":{"rendered":"MANUAL PARA DOMINAR LOS PENSAMIENTOS ANSIOSOS"},"content":{"rendered":"<p>Recomiendo encarecidamente este libro a todas aquellas personas que est\u00e9n luchando con la ansiedad, la depresi\u00f3n o dem\u00e1s problemas asociados con las intrusiones mentales no deseadas.<br \/> MARTIN M. ANTONY, PHD Universidad de Ryerson<br \/> \u00bfTe est\u00e1n entorpeciendo la vida los pensamientos negativos o desagradables? Si la respuesta es s\u00ed, no est\u00e1s solo. Muchas personas tienen pensamientos no deseados, molestos o desagradables de los que parece que no se pueden deshacer -pensamientos que adem\u00e1s dan lugar a sentimientos de culpa, ansiedad, depresi\u00f3n y miedo. Este manual, con instrucciones paso a paso, propone m\u00e9todos pr\u00e1cticos y efectivos que puedes utilizar directamente para conseguir distanciarte de esos pensamientos antes de que tomen el control.<br \/> David A. Clark presenta una t\u00e9cnica exclusiva que te ayudar\u00e1 a dejar atr\u00e1s una amplia gama de patrones de pensamiento negativo. Con estas p\u00e1ginas aprender\u00e1s a romper el ciclo destructivo responsable de tu pensamiento ansioso y depresivo y a despojar a esos pensamientos desagradables de su poder -un proceso al que Clark se refiere como desintoxicaci\u00f3n.Tambi\u00e9n aprender\u00e1s trucos para gestionar los sentimientos de culpa que a menudo pueden acompa\u00f1ar a esos pensamientos. Si consideras que ha llegado el momento de dejar atr\u00e1s tus pensamientos intrusivos y empezar a centrarte en vivir la mejor vida posible, las potentes t\u00e9cnicas de este manual te ayudar\u00e1n a empezar.<br \/> David A. Clark es psic\u00f3logo cl\u00ednico y Profesor Em\u00e9rito en la Universidad de New Brunswick de Canad\u00e1. Es autor y coautor de varios libros sobre depresi\u00f3n, ansiedad y trastorno obsesivo compulsivo, como Manual pr\u00e1ctico para la ansiedad y las preocupaciones: la soluci\u00f3n cognitiva conductual y Terapia cognitiva para trastornos de ansiedad, ambos publicados en esta editorial.<br \/> La autora del pr\u00f3logo, Judith S. Beck, es Directora del Instituto Beck de terapia cognitiva y antigua Presidenta de la Academia de terapia cognitiva.<\/p>\n","protected":false},"excerpt":{"rendered":"<p>CLARK, DAVID A.<\/p>\n","protected":false},"featured_media":347191,"template":"","meta":{"_acf_changed":false,"om_disable_all_campaigns":false,"rs_blank_template":"","rs_page_bg_color":"","slide_template_v7":"","inline_featured_image":false,"_monsterinsights_skip_tracking":false,"_monsterinsights_sitenote_active":false,"_monsterinsights_sitenote_note":"","_monsterinsights_sitenote_category":0},"product_brand":[],"product_cat":[376,178],"product_tag":[],"class_list":{"0":"post-117141","1":"product","2":"type-product","3":"status-publish","4":"has-post-thumbnail","6":"product_cat-autores-psicologia-2_humanidades","7":"product_cat-autors-psicologia","9":"first","10":"instock","11":"taxable","12":"shipping-taxable","13":"purchasable","14":"product-type-simple"},"acf":{"editorial":[{"ID":6179,"post_author":"3","post_date":"2022-07-28 17:46:36","post_date_gmt":"2022-07-28 15:46:36","post_content":"","post_title":"DESCLEE DE BROUWER","post_excerpt":"","post_status":"publish","comment_status":"closed","ping_status":"closed","post_password":"","post_name":"desclee-de-brouwer","to_ping":"","pinged":"","post_modified":"2022-07-28 17:46:36","post_modified_gmt":"2022-07-28 15:46:36","post_content_filtered":"","post_parent":0,"guid":"http:\/\/dev.claret.cat\/editorial\/desclee-de-brouwer\/","menu_order":0,"post_type":"editorial","post_mime_type":"","comment_count":"0","filter":"raw"}],"autor":"CLARK, DAVID A.","codart":"843303090","libros-coleccion":"Serendipity Maior","ediciones":"1","encuadernacion":"R\u00fastica","fecha_de_publicacion":"03\/02\/2020","novedad":"1","paginas":"240","subtitulo":"HABILIDADES PARA SUPERAR LOS PENSAMIENTOS INTRUSIVOS NO DESEADOS QUE NOS LLEVAN A LA ANSIEDAD, LAS OBSESIONES Y LA DEPRESI\u00d3N","orden":"0","portada":"0","idioma":"spa","autores-libros":[{"ID":153725,"post_author":"3","post_date":"2022-10-14 14:59:02","post_date_gmt":"2022-10-14 12:59:02","post_content":"","post_title":"DAVID A. CLARK","post_excerpt":"","post_status":"publish","comment_status":"closed","ping_status":"closed","post_password":"","post_name":"david-a-clark","to_ping":"","pinged":"","post_modified":"2022-10-14 14:59:02","post_modified_gmt":"2022-10-14 12:59:02","post_content_filtered":"","post_parent":0,"guid":"http:\/\/dev.claret.cat\/autor\/david-a-clark\/","menu_order":0,"post_type":"autor","post_mime_type":"","comment_count":"0","filter":"raw"}],"booktrailer":"","resenas":""},"aioseo_notices":[],"_links":{"self":[{"href":"https:\/\/www.claret.cat\/es\/wp-json\/wp\/v2\/product\/117141","targetHints":{"allow":["GET"]}}],"collection":[{"href":"https:\/\/www.claret.cat\/es\/wp-json\/wp\/v2\/product"}],"about":[{"href":"https:\/\/www.claret.cat\/es\/wp-json\/wp\/v2\/types\/product"}],"wp:featuredmedia":[{"embeddable":true,"href":"https:\/\/www.claret.cat\/es\/wp-json\/wp\/v2\/media\/347191"}],"wp:attachment":[{"href":"https:\/\/www.claret.cat\/es\/wp-json\/wp\/v2\/media?parent=117141"}],"wp:term":[{"taxonomy":"product_brand","embeddable":true,"href":"https:\/\/www.claret.cat\/es\/wp-json\/wp\/v2\/product_brand?post=117141"},{"taxonomy":"product_cat","embeddable":true,"href":"https:\/\/www.claret.cat\/es\/wp-json\/wp\/v2\/product_cat?post=117141"},{"taxonomy":"product_tag","embeddable":true,"href":"https:\/\/www.claret.cat\/es\/wp-json\/wp\/v2\/product_tag?post=117141"}],"curies":[{"name":"wp","href":"https:\/\/api.w.org\/{rel}","templated":true}]}}