{"id":117243,"date":"2022-10-12T15:28:52","date_gmt":"2022-10-12T13:28:52","guid":{"rendered":"http:\/\/dev.claret.cat\/producte\/respira-que-se-te-pasara\/"},"modified":"2023-02-28T08:36:04","modified_gmt":"2023-02-28T07:36:04","slug":"respira-que-se-te-pasara-9788491111559","status":"publish","type":"product","link":"https:\/\/www.claret.cat\/es\/libro\/respira-que-se-te-pasara-9788491111559\/","title":{"rendered":"\u00a1RESPIRA, QUE SE TE PASAR\u00c1!"},"content":{"rendered":"<p>La respiraci\u00f3n consciente contiene un gran potencial y en cualquier instante puede proporcionarte salud, equilibrio y serenidad.<\/p>\n<p>  En medio de una situaci\u00f3n de estr\u00e9s, o de un problema, una sencilla respiraci\u00f3n profunda crea una sensaci\u00f3n de tiempo y espacio ilimitados, de infinitas posibilidades.<\/p>\n<p>  \u00a1Respira, que se te pasar\u00e1! no es tan s\u00f3lo una frase hecha, pues una respiraci\u00f3n correcta y consciente ayuda a aliviar y a prevenir numerosas dolencias f\u00edsicas, combate los efectos del estr\u00e9s, cambia viejas actitudes mentales y crea una mayor armon\u00eda en uno mismo y en la relaci\u00f3n con los dem\u00e1s. La respiraci\u00f3n tambi\u00e9n es algo m\u00e1s: es un magn\u00edfico puente hacia estados de conciencia m\u00e1s elevados.<\/p>\n<p>  Este manual pr\u00e1ctico te ofrece m\u00e1s de 30 T\u00c9CNICAS DE RESPIRACI\u00d3N ESPEC\u00cdFICAS que usadas en cualquier momento del d\u00eda te permitir\u00e1n sentirte m\u00e1s en calma, m\u00e1s vital, m\u00e1s en armon\u00eda con la vida&#8230;, en pocas palabras: \u00a1m\u00e1s feliz!<\/p>\n","protected":false},"excerpt":{"rendered":"<p>JAERSCHKY, JAYADEV<\/p>\n","protected":false},"featured_media":117244,"template":"","meta":{"_acf_changed":false,"om_disable_all_campaigns":false,"rs_blank_template":"","rs_page_bg_color":"","slide_template_v7":"","inline_featured_image":false,"_monsterinsights_skip_tracking":false,"_monsterinsights_sitenote_active":false,"_monsterinsights_sitenote_note":"","_monsterinsights_sitenote_category":0},"product_brand":[],"product_cat":[547,97],"product_tag":[],"class_list":{"0":"post-117243","1":"product","2":"type-product","3":"status-publish","4":"has-post-thumbnail","6":"product_cat-salud","7":"product_cat-salut","9":"first","10":"instock","11":"taxable","12":"shipping-taxable","13":"purchasable","14":"product-type-simple"},"acf":{"editorial":[{"ID":147839,"post_author":"3","post_date":"2022-10-14 11:53:36","post_date_gmt":"2022-10-14 09:53:36","post_content":"","post_title":"EDICIONES OBELISCO","post_excerpt":"","post_status":"publish","comment_status":"closed","ping_status":"closed","post_password":"","post_name":"ediciones-obelisco","to_ping":"","pinged":"","post_modified":"2022-10-14 11:53:36","post_modified_gmt":"2022-10-14 09:53:36","post_content_filtered":"","post_parent":0,"guid":"http:\/\/dev.claret.cat\/editorial\/ediciones-obelisco\/","menu_order":0,"post_type":"editorial","post_mime_type":"","comment_count":"0","filter":"raw"}],"autor":"JAERSCHKY, JAYADEV","codart":"849111155","libros-coleccion":"","ediciones":"1","encuadernacion":"R\u00fastica","fecha_de_publicacion":"01\/10\/2016","novedad":"0","paginas":"134","subtitulo":"M\u00c1S DE 30 T\u00c9CNICAS DE RESPIRACI\u00d3N CURATIVA CON LAS ESE\u00d1ANZAS DE PARAMHANSA YOGANANDA Y SWAMI KRIYANANDA","orden":"999","portada":"0","idioma":"spa","autores-libros":[{"ID":158818,"post_author":"3","post_date":"2022-10-14 15:39:51","post_date_gmt":"2022-10-14 13:39:51","post_content":"","post_title":"JAYADEV JAERSCHKY","post_excerpt":"","post_status":"publish","comment_status":"closed","ping_status":"closed","post_password":"","post_name":"jayadev-jaerschky","to_ping":"","pinged":"","post_modified":"2022-10-14 15:39:51","post_modified_gmt":"2022-10-14 13:39:51","post_content_filtered":"","post_parent":0,"guid":"http:\/\/dev.claret.cat\/autor\/jayadev-jaerschky\/","menu_order":0,"post_type":"autor","post_mime_type":"","comment_count":"0","filter":"raw"}]},"aioseo_notices":[],"_links":{"self":[{"href":"https:\/\/www.claret.cat\/es\/wp-json\/wp\/v2\/product\/117243","targetHints":{"allow":["GET"]}}],"collection":[{"href":"https:\/\/www.claret.cat\/es\/wp-json\/wp\/v2\/product"}],"about":[{"href":"https:\/\/www.claret.cat\/es\/wp-json\/wp\/v2\/types\/product"}],"wp:featuredmedia":[{"embeddable":true,"href":"https:\/\/www.claret.cat\/es\/wp-json\/wp\/v2\/media\/117244"}],"wp:attachment":[{"href":"https:\/\/www.claret.cat\/es\/wp-json\/wp\/v2\/media?parent=117243"}],"wp:term":[{"taxonomy":"product_brand","embeddable":true,"href":"https:\/\/www.claret.cat\/es\/wp-json\/wp\/v2\/product_brand?post=117243"},{"taxonomy":"product_cat","embeddable":true,"href":"https:\/\/www.claret.cat\/es\/wp-json\/wp\/v2\/product_cat?post=117243"},{"taxonomy":"product_tag","embeddable":true,"href":"https:\/\/www.claret.cat\/es\/wp-json\/wp\/v2\/product_tag?post=117243"}],"curies":[{"name":"wp","href":"https:\/\/api.w.org\/{rel}","templated":true}]}}