{"id":117291,"date":"2022-10-12T15:29:36","date_gmt":"2022-10-12T13:29:36","guid":{"rendered":"http:\/\/dev.claret.cat\/producte\/appletown\/"},"modified":"2023-01-28T20:25:51","modified_gmt":"2023-01-28T19:25:51","slug":"appletown-9788413031590","status":"publish","type":"product","link":"https:\/\/www.claret.cat\/es\/libro\/appletown-9788413031590\/","title":{"rendered":"APPLETOWN"},"content":{"rendered":"<p>Appletown, el barri dels lleidatans de Nova York, torna a ser<br \/> un lloc perill\u00f3s. La lluita entre els dos clans mafiosos rivals,<br \/> els Torra i els Vidal, s&#8217;ha agreujat. El detectiu Johnny Pelegr\u00ed<br \/> va deixar el barri fa temps, per\u00f2 rebr\u00e0 un enc\u00e0rrec que no<br \/> podr\u00e0 rebutjar i que el portar\u00e0 de nou als carrerons foscos<br \/> d&#8217;Appletown, on els g\u00e0ngsters parlen amb accent lleidat\u00e0,<br \/> el jazz es barreja amb els garrotins i la vida d&#8217;un home val el<br \/> mateix que un plat de caragols a la llauna. I a Lleida, l&#8217;aparici\u00f3<br \/> d&#8217;un cad\u00e0ver al canal Segarra-Garrigues el dia de la seva<br \/> inauguraci\u00f3 i l&#8217;arribada d&#8217;una misteriosa poetessa del grup<br \/> dels Irrefrenables canviaran la vida del jove Marcel Riera,<br \/> cronista de comarques del diari pobre de la ciutat i indec\u00eds<br \/> aspirant a novel\u00b7lista. Appletown \u00e9s una novel\u00b7la que juga en<br \/> diversos plans de realitat, on res no \u00e9s el que sembla, on els<br \/> personatges busquen el seu lloc en el m\u00f3n i on l&#8217;escriptor.<\/p>\n","protected":false},"excerpt":{"rendered":"<p>MAR\u00cdN RUBIO, DAVID<\/p>\n","protected":false},"featured_media":275634,"template":"","meta":{"_acf_changed":false,"om_disable_all_campaigns":false,"rs_blank_template":"","rs_page_bg_color":"","slide_template_v7":"","inline_featured_image":false,"_monsterinsights_skip_tracking":false,"_monsterinsights_sitenote_active":false,"_monsterinsights_sitenote_note":"","_monsterinsights_sitenote_category":0},"product_brand":[],"product_cat":[90,540],"product_tag":[],"class_list":{"0":"post-117291","1":"product","2":"type-product","3":"status-publish","4":"has-post-thumbnail","6":"product_cat-altres","7":"product_cat-otros","9":"first","10":"instock","11":"taxable","12":"shipping-taxable","13":"purchasable","14":"product-type-simple"},"acf":{"editorial":[{"ID":6322,"post_author":"3","post_date":"2022-07-28 17:49:42","post_date_gmt":"2022-07-28 15:49:42","post_content":"","post_title":"PAG\u00c8S EDITORS","post_excerpt":"","post_status":"publish","comment_status":"closed","ping_status":"closed","post_password":"","post_name":"pages-editors","to_ping":"","pinged":"","post_modified":"2022-07-28 17:49:42","post_modified_gmt":"2022-07-28 15:49:42","post_content_filtered":"","post_parent":0,"guid":"http:\/\/dev.claret.cat\/editorial\/pages-editors\/","menu_order":0,"post_type":"editorial","post_mime_type":"","comment_count":"0","filter":"raw"}],"autores-libros":[{"ID":153881,"post_author":"3","post_date":"2022-10-14 15:00:18","post_date_gmt":"2022-10-14 13:00:18","post_content":"","post_title":"DAVID MAR\u00cdN RUBIO","post_excerpt":"","post_status":"publish","comment_status":"closed","ping_status":"closed","post_password":"","post_name":"david-marin-rubio","to_ping":"","pinged":"","post_modified":"2022-10-14 15:00:18","post_modified_gmt":"2022-10-14 13:00:18","post_content_filtered":"","post_parent":0,"guid":"http:\/\/dev.claret.cat\/autor\/david-marin-rubio\/","menu_order":0,"post_type":"autor","post_mime_type":"","comment_count":"0","filter":"raw"}],"autor":"MAR\u00cdN RUBIO, DAVID","codart":"841303159","libros-coleccion":"Lo Marraco Negre","ediciones":"1","encuadernacion":"R\u00fastica","fecha_de_publicacion":"01\/01\/2020","novedad":"1","paginas":"187","subtitulo":"","orden":"0","portada":"0","idioma":"cat"},"aioseo_notices":[],"_links":{"self":[{"href":"https:\/\/www.claret.cat\/es\/wp-json\/wp\/v2\/product\/117291","targetHints":{"allow":["GET"]}}],"collection":[{"href":"https:\/\/www.claret.cat\/es\/wp-json\/wp\/v2\/product"}],"about":[{"href":"https:\/\/www.claret.cat\/es\/wp-json\/wp\/v2\/types\/product"}],"wp:featuredmedia":[{"embeddable":true,"href":"https:\/\/www.claret.cat\/es\/wp-json\/wp\/v2\/media\/275634"}],"wp:attachment":[{"href":"https:\/\/www.claret.cat\/es\/wp-json\/wp\/v2\/media?parent=117291"}],"wp:term":[{"taxonomy":"product_brand","embeddable":true,"href":"https:\/\/www.claret.cat\/es\/wp-json\/wp\/v2\/product_brand?post=117291"},{"taxonomy":"product_cat","embeddable":true,"href":"https:\/\/www.claret.cat\/es\/wp-json\/wp\/v2\/product_cat?post=117291"},{"taxonomy":"product_tag","embeddable":true,"href":"https:\/\/www.claret.cat\/es\/wp-json\/wp\/v2\/product_tag?post=117291"}],"curies":[{"name":"wp","href":"https:\/\/api.w.org\/{rel}","templated":true}]}}