{"id":117325,"date":"2022-10-12T15:30:09","date_gmt":"2022-10-12T13:30:09","guid":{"rendered":"http:\/\/dev.claret.cat\/producte\/la-dimision-de-un-papa\/"},"modified":"2024-05-22T23:04:55","modified_gmt":"2024-05-22T21:04:55","slug":"la-dimision-de-un-papa-9788497154529","status":"publish","type":"product","link":"https:\/\/www.claret.cat\/es\/libro\/la-dimision-de-un-papa-9788497154529\/","title":{"rendered":"LA DIMISI\u00d3N DE UN PAPA"},"content":{"rendered":"<p>Cuando Benedicto XVI dimiti\u00f3 en 2013 muchos pensaron en Celestino V, el papa de la \u00abgran renuncia\u00bb (1294). El \u00abpapa campesino\u00bb, como algunos lo denominaron, vuelve a estar de actualidad. Las comparaciones entre su dimisi\u00f3n y la de Benedicto son inevitables, y resurge un interrogante recurrente desde hace siglos: \u00bffue la renuncia de Celestino una vileza, o m\u00e1s bien un acto de valent\u00eda? \u00bfNo ser\u00eda necesario revisar c\u00f3mo se desarroll\u00f3 el asunto del papa Celestino?<br \/>Eso es lo que nos proponemos con esta obra. Desde los a\u00f1os como monje y  eremita a los acontecimientos tumultuosos que llevaron a su elecci\u00f3n y a su gobierno de apenas cinco meses, estas p\u00e1ginas reconstruyen las tensiones externas y las pruebas internas que lo llevaron a la renuncia, hasta su huida y su muerte en la c\u00e1rcel.<\/p>\n","protected":false},"excerpt":{"rendered":"<p>DAL BELLO, MARIO<\/p>\n","protected":false},"featured_media":364099,"template":"","meta":{"_acf_changed":false,"om_disable_all_campaigns":false,"rs_blank_template":"","rs_page_bg_color":"","slide_template_v7":"","inline_featured_image":false,"_monsterinsights_skip_tracking":false,"_monsterinsights_sitenote_active":false,"_monsterinsights_sitenote_note":"","_monsterinsights_sitenote_category":0},"product_brand":[],"product_cat":[90,540],"product_tag":[],"class_list":{"0":"post-117325","1":"product","2":"type-product","3":"status-publish","4":"has-post-thumbnail","6":"product_cat-altres","7":"product_cat-otros","9":"first","10":"instock","11":"taxable","12":"shipping-taxable","13":"purchasable","14":"product-type-simple"},"acf":{"editorial":[{"ID":6157,"post_author":"3","post_date":"2022-07-28 17:46:07","post_date_gmt":"2022-07-28 15:46:07","post_content":"","post_title":"Ciudad Nueva","post_excerpt":"","post_status":"publish","comment_status":"closed","ping_status":"closed","post_password":"","post_name":"ciudad-nueva","to_ping":"","pinged":"","post_modified":"2022-07-28 17:46:07","post_modified_gmt":"2022-07-28 15:46:07","post_content_filtered":"","post_parent":0,"guid":"http:\/\/dev.claret.cat\/editorial\/ciudad-nueva\/","menu_order":0,"post_type":"editorial","post_mime_type":"","comment_count":"0","filter":"raw"}],"autor":"DAL BELLO, MARIO","codart":"849715452","libros-coleccion":"Misterios desvelados","ediciones":"1","encuadernacion":"R\u00fastica","fecha_de_publicacion":"27\/01\/2019","novedad":"1","paginas":"162","subtitulo":"HISTORIA DE CELESTINO V","orden":"0","portada":"0","idioma":"spa","autores-libros":[{"ID":163970,"post_author":"3","post_date":"2022-10-14 17:43:19","post_date_gmt":"2022-10-14 15:43:19","post_content":"","post_title":"MARIO DAL BELLO","post_excerpt":"","post_status":"publish","comment_status":"closed","ping_status":"closed","post_password":"","post_name":"mario-dal-bello","to_ping":"","pinged":"","post_modified":"2022-10-14 17:43:19","post_modified_gmt":"2022-10-14 15:43:19","post_content_filtered":"","post_parent":0,"guid":"http:\/\/dev.claret.cat\/autor\/mario-dal-bello\/","menu_order":0,"post_type":"autor","post_mime_type":"","comment_count":"0","filter":"raw"}]},"aioseo_notices":[],"_links":{"self":[{"href":"https:\/\/www.claret.cat\/es\/wp-json\/wp\/v2\/product\/117325","targetHints":{"allow":["GET"]}}],"collection":[{"href":"https:\/\/www.claret.cat\/es\/wp-json\/wp\/v2\/product"}],"about":[{"href":"https:\/\/www.claret.cat\/es\/wp-json\/wp\/v2\/types\/product"}],"wp:featuredmedia":[{"embeddable":true,"href":"https:\/\/www.claret.cat\/es\/wp-json\/wp\/v2\/media\/364099"}],"wp:attachment":[{"href":"https:\/\/www.claret.cat\/es\/wp-json\/wp\/v2\/media?parent=117325"}],"wp:term":[{"taxonomy":"product_brand","embeddable":true,"href":"https:\/\/www.claret.cat\/es\/wp-json\/wp\/v2\/product_brand?post=117325"},{"taxonomy":"product_cat","embeddable":true,"href":"https:\/\/www.claret.cat\/es\/wp-json\/wp\/v2\/product_cat?post=117325"},{"taxonomy":"product_tag","embeddable":true,"href":"https:\/\/www.claret.cat\/es\/wp-json\/wp\/v2\/product_tag?post=117325"}],"curies":[{"name":"wp","href":"https:\/\/api.w.org\/{rel}","templated":true}]}}