{"id":11735,"date":"2022-10-01T00:37:24","date_gmt":"2022-09-30T22:37:24","guid":{"rendered":"http:\/\/dev.claret.cat\/producte\/dvd-la-puput-explica-histories-del-nadal\/"},"modified":"2024-05-02T18:26:43","modified_gmt":"2024-05-02T16:26:43","slug":"dvd-la-puput-explica-histories-del-nadal-9780064110013","status":"publish","type":"product","link":"https:\/\/www.claret.cat\/es\/libro\/dvd-la-puput-explica-histories-del-nadal-9780064110013\/","title":{"rendered":"DVD- LA PUPUT EXPLICA HIST\u00d2RIES DEL NADAL"},"content":{"rendered":"<p>LA PUPUT EXPLICA COSES SORPRENENTS.<br \/>LA PETITA PUPUT PRESENTA LA HIST\u00d2RIA DEL NADAL D&#8217;UNA MANERA QUE NO ES POT IMITAR.<br \/>TOTHOM HI APAREIX: ZACARIES , ELISABET I EL PETIT JOAN: JOSEP, MARIA I EL NEN JES\u00daS: ELS PASTORS I ELS SEUS RAMATS;ELS ASTR\u00d2LEGS QUE VIATGEN EN CAMELL I EL SORUT REI HOODES.UNA HIST\u00d2RIA QUE HA CANVIAT EL M\u00d3N T\u00c9 UN COMEN\u00c7AMENT ADMIRABLE.<\/p>\n","protected":false},"excerpt":{"rendered":"<p>EDITORIAL CLARET<\/p>\n","protected":false},"featured_media":329310,"template":"","meta":{"_acf_changed":false,"om_disable_all_campaigns":false,"rs_blank_template":"","rs_page_bg_color":"","slide_template_v7":"","inline_featured_image":false,"_monsterinsights_skip_tracking":false,"_monsterinsights_sitenote_active":false,"_monsterinsights_sitenote_note":"","_monsterinsights_sitenote_category":0},"product_brand":[],"product_cat":[581,88,423],"product_tag":[],"class_list":{"0":"post-11735","1":"product","2":"type-product","3":"status-publish","4":"has-post-thumbnail","6":"product_cat-editorial-claret","7":"product_cat-multimedia","8":"product_cat-multimedia-5_otras","10":"first","11":"instock","12":"taxable","13":"shipping-taxable","14":"purchasable","15":"product-type-simple"},"acf":{"autor":"EDITORIAL CLARET","codart":"006411001","libros-coleccion":"","ediciones":"1","encuadernacion":"[Vac\u00edo]","fecha_de_publicacion":"13\/12\/2005","novedad":"0","paginas":"1","subtitulo":"HISTORIES DE NADAL","orden":"999","portada":"0","idioma":"cat","editorial":[{"ID":6158,"post_author":"3","post_date":"2022-07-28 17:46:08","post_date_gmt":"2022-07-28 15:46:08","post_content":"","post_title":"CLARET","post_excerpt":"","post_status":"publish","comment_status":"closed","ping_status":"closed","post_password":"","post_name":"claret","to_ping":"","pinged":"","post_modified":"2022-07-28 17:46:08","post_modified_gmt":"2022-07-28 15:46:08","post_content_filtered":"","post_parent":0,"guid":"http:\/\/dev.claret.cat\/editorial\/claret\/","menu_order":0,"post_type":"editorial","post_mime_type":"","comment_count":"0","filter":"raw"}],"autores-libros":[{"ID":5420,"post_author":"3","post_date":"2022-07-28 17:23:34","post_date_gmt":"2022-07-28 15:23:34","post_content":"","post_title":"EDITORIAL CLARET","post_excerpt":"","post_status":"publish","comment_status":"closed","ping_status":"closed","post_password":"","post_name":"editorial-claret","to_ping":"","pinged":"","post_modified":"2022-07-28 17:23:34","post_modified_gmt":"2022-07-28 15:23:34","post_content_filtered":"","post_parent":0,"guid":"http:\/\/dev.claret.cat\/autor\/editorial-claret\/","menu_order":0,"post_type":"autor","post_mime_type":"","comment_count":"0","filter":"raw"}]},"aioseo_notices":[],"_links":{"self":[{"href":"https:\/\/www.claret.cat\/es\/wp-json\/wp\/v2\/product\/11735","targetHints":{"allow":["GET"]}}],"collection":[{"href":"https:\/\/www.claret.cat\/es\/wp-json\/wp\/v2\/product"}],"about":[{"href":"https:\/\/www.claret.cat\/es\/wp-json\/wp\/v2\/types\/product"}],"wp:featuredmedia":[{"embeddable":true,"href":"https:\/\/www.claret.cat\/es\/wp-json\/wp\/v2\/media\/329310"}],"wp:attachment":[{"href":"https:\/\/www.claret.cat\/es\/wp-json\/wp\/v2\/media?parent=11735"}],"wp:term":[{"taxonomy":"product_brand","embeddable":true,"href":"https:\/\/www.claret.cat\/es\/wp-json\/wp\/v2\/product_brand?post=11735"},{"taxonomy":"product_cat","embeddable":true,"href":"https:\/\/www.claret.cat\/es\/wp-json\/wp\/v2\/product_cat?post=11735"},{"taxonomy":"product_tag","embeddable":true,"href":"https:\/\/www.claret.cat\/es\/wp-json\/wp\/v2\/product_tag?post=11735"}],"curies":[{"name":"wp","href":"https:\/\/api.w.org\/{rel}","templated":true}]}}