{"id":117394,"date":"2022-10-12T15:31:15","date_gmt":"2022-10-12T13:31:15","guid":{"rendered":"http:\/\/dev.claret.cat\/producte\/la-posverdad-o-el-dominio-de-lo-trivial\/"},"modified":"2023-01-28T12:16:04","modified_gmt":"2023-01-28T11:16:04","slug":"la-posverdad-o-el-dominio-de-lo-trivial-9788413390062","status":"publish","type":"product","link":"https:\/\/www.claret.cat\/es\/libro\/la-posverdad-o-el-dominio-de-lo-trivial-9788413390062\/","title":{"rendered":"LA POSVERDAD O EL DOMINIO DE LO TRIVIAL"},"content":{"rendered":"<p>La pregunta \u00bfimporta todav\u00eda la verdad? ha surgido con fuerza, aunque con un toque de escepticismo, en el pensamiento contempor\u00e1neo y en el agitado mundo de los medios de comunicaci\u00f3n social. Si los debates actuales ense\u00f1an que no conven\u00eda dar por definitivamente perdida la exigencia de verdad, como se daba por sentado en la cultura posmoderna, tambi\u00e9n muestran la fragilidad de lo recuperado. \u00bfHasta qu\u00e9 punto hay que tomar en serio esta exigencia actual de verdad? \u00bfSe trata de un cambio de ciclo o de un eslogan trivial? \u00bfDisponemos de recursos suficientes para diferenciar los distintos modos en los que se presentan la verdad y la falsedad?<br \/> De todas estas cuestiones tratan los trabajos reunidos en este volumen. Recrean una conversaci\u00f3n que acoge planteamientos diversos tanto de la tradici\u00f3n filos\u00f3fica, como de las disciplinas afines, en los que destaca el empe\u00f1o por desbrozar el camino siempre dif\u00edcil de la verdad.<\/p>\n","protected":false},"excerpt":{"rendered":"<p>FLAMARIQUE ZARATIEGUI, MAR\u00cdA LOURDES \/ CARBONELL FERN\u00c1NDEZ, CLAUDIA<\/p>\n","protected":false},"featured_media":117395,"template":"","meta":{"_acf_changed":false,"om_disable_all_campaigns":false,"rs_blank_template":"","rs_page_bg_color":"","slide_template_v7":"","inline_featured_image":false,"_monsterinsights_skip_tracking":false,"_monsterinsights_sitenote_active":false,"_monsterinsights_sitenote_note":"","_monsterinsights_sitenote_category":0},"product_brand":[],"product_cat":[166],"product_tag":[],"class_list":{"0":"post-117394","1":"product","2":"type-product","3":"status-publish","4":"has-post-thumbnail","6":"product_cat-autors-filosofia","8":"first","9":"instock","10":"taxable","11":"shipping-taxable","12":"purchasable","13":"product-type-simple"},"acf":{"editorial":[{"ID":6201,"post_author":"3","post_date":"2022-07-28 17:47:01","post_date_gmt":"2022-07-28 15:47:01","post_content":"","post_title":"Ediciones Encuentro","post_excerpt":"","post_status":"publish","comment_status":"closed","ping_status":"closed","post_password":"","post_name":"ediciones-encuentro","to_ping":"","pinged":"","post_modified":"2022-07-28 17:47:01","post_modified_gmt":"2022-07-28 15:47:01","post_content_filtered":"","post_parent":0,"guid":"http:\/\/dev.claret.cat\/editorial\/ediciones-encuentro\/","menu_order":0,"post_type":"editorial","post_mime_type":"","comment_count":"0","filter":"raw"}],"autores-libros":[{"ID":163689,"post_author":"3","post_date":"2022-10-14 17:41:03","post_date_gmt":"2022-10-14 15:41:03","post_content":"","post_title":"MAR\u00cdA LOURDES FLAMARIQUE ZARATIEGUI","post_excerpt":"","post_status":"publish","comment_status":"closed","ping_status":"closed","post_password":"","post_name":"maria-lourdes-flamarique-zaratiegui","to_ping":"","pinged":"","post_modified":"2022-10-14 17:41:03","post_modified_gmt":"2022-10-14 15:41:03","post_content_filtered":"","post_parent":0,"guid":"http:\/\/dev.claret.cat\/autor\/maria-lourdes-flamarique-zaratiegui\/","menu_order":0,"post_type":"autor","post_mime_type":"","comment_count":"0","filter":"raw"},{"ID":153081,"post_author":"3","post_date":"2022-10-14 14:53:55","post_date_gmt":"2022-10-14 12:53:55","post_content":"","post_title":"CLAUDIA CARBONELL FERN\u00c1NDEZ","post_excerpt":"","post_status":"publish","comment_status":"closed","ping_status":"closed","post_password":"","post_name":"claudia-carbonell-fernandez","to_ping":"","pinged":"","post_modified":"2022-10-14 14:53:55","post_modified_gmt":"2022-10-14 12:53:55","post_content_filtered":"","post_parent":0,"guid":"http:\/\/dev.claret.cat\/autor\/claudia-carbonell-fernandez\/","menu_order":0,"post_type":"autor","post_mime_type":"","comment_count":"0","filter":"raw"}],"autor":"FLAMARIQUE ZARATIEGUI, MAR\u00cdA LOURDES \/ CARBONELL FERN\u00c1NDEZ, CLAUDIA","codart":"841339006","libros-coleccion":"Nuevo Ensayo","ediciones":"1","encuadernacion":"R\u00fastica","fecha_de_publicacion":"01\/12\/2019","novedad":"1","paginas":"402","subtitulo":"","orden":"0","portada":"0","idioma":"spa"},"aioseo_notices":[],"_links":{"self":[{"href":"https:\/\/www.claret.cat\/es\/wp-json\/wp\/v2\/product\/117394","targetHints":{"allow":["GET"]}}],"collection":[{"href":"https:\/\/www.claret.cat\/es\/wp-json\/wp\/v2\/product"}],"about":[{"href":"https:\/\/www.claret.cat\/es\/wp-json\/wp\/v2\/types\/product"}],"wp:featuredmedia":[{"embeddable":true,"href":"https:\/\/www.claret.cat\/es\/wp-json\/wp\/v2\/media\/117395"}],"wp:attachment":[{"href":"https:\/\/www.claret.cat\/es\/wp-json\/wp\/v2\/media?parent=117394"}],"wp:term":[{"taxonomy":"product_brand","embeddable":true,"href":"https:\/\/www.claret.cat\/es\/wp-json\/wp\/v2\/product_brand?post=117394"},{"taxonomy":"product_cat","embeddable":true,"href":"https:\/\/www.claret.cat\/es\/wp-json\/wp\/v2\/product_cat?post=117394"},{"taxonomy":"product_tag","embeddable":true,"href":"https:\/\/www.claret.cat\/es\/wp-json\/wp\/v2\/product_tag?post=117394"}],"curies":[{"name":"wp","href":"https:\/\/api.w.org\/{rel}","templated":true}]}}