{"id":117448,"date":"2022-10-12T15:32:07","date_gmt":"2022-10-12T13:32:07","guid":{"rendered":"http:\/\/dev.claret.cat\/producte\/razones-para-la-anarquia\/"},"modified":"2024-12-30T12:55:49","modified_gmt":"2024-12-30T11:55:49","slug":"razones-para-la-anarquia-9788417893415","status":"publish","type":"product","link":"https:\/\/www.claret.cat\/es\/libro\/razones-para-la-anarquia-9788417893415\/","title":{"rendered":"RAZONES PARA LA ANARQU\u00cdA"},"content":{"rendered":"<p>Noam Chomsky es uno de los pensadores m\u00e1s influyentes del \u00faltimo medio siglo. Sus ataques al capitalismo, la arrogancia imperial, la desinformaci\u00f3n period\u00edstica o las coacciones estatales son conocidos por todos. &#8216;Razones para la anarqu\u00eda&#8217; re\u00fane un conjunto de ensayos donde recupera las herencias convergentes del anarcosindicalismo, el socialismo libertario y el marxismo antiautoritario para trazar los rasgos de un programa subversivo basado en voluntades colectivas. Este libro es el cap\u00edtulo m\u00e1s reciente y menos fr\u00edo de esa extraordinaria aventura intelectual.<\/p>\n","protected":false},"excerpt":{"rendered":"<p>CHOMSKY, NOAM<\/p>\n","protected":false},"featured_media":117449,"template":"","meta":{"_acf_changed":false,"om_disable_all_campaigns":false,"rs_blank_template":"","rs_page_bg_color":"","slide_template_v7":"","inline_featured_image":false,"_monsterinsights_skip_tracking":false,"_monsterinsights_sitenote_active":false,"_monsterinsights_sitenote_note":"","_monsterinsights_sitenote_category":0},"product_brand":[],"product_cat":[569,120],"product_tag":[],"class_list":{"0":"post-117448","1":"product","2":"type-product","3":"status-publish","4":"has-post-thumbnail","6":"product_cat-politica-2_humanidades-spa","7":"product_cat-politica","9":"first","10":"instock","11":"taxable","12":"shipping-taxable","13":"purchasable","14":"product-type-simple"},"acf":{"editorial":[{"ID":6300,"post_author":"3","post_date":"2022-07-28 17:49:14","post_date_gmt":"2022-07-28 15:49:14","post_content":"","post_title":"MALPASO Y CIA","post_excerpt":"","post_status":"publish","comment_status":"closed","ping_status":"closed","post_password":"","post_name":"malpaso-y-cia","to_ping":"","pinged":"","post_modified":"2022-07-28 17:49:14","post_modified_gmt":"2022-07-28 15:49:14","post_content_filtered":"","post_parent":0,"guid":"http:\/\/dev.claret.cat\/editorial\/malpaso-y-cia\/","menu_order":0,"post_type":"editorial","post_mime_type":"","comment_count":"0","filter":"raw"}],"autor":"CHOMSKY, NOAM","codart":"841789341","libros-coleccion":"ENSAYO COMBATE","ediciones":"5","encuadernacion":"Carton\u00e9","fecha_de_publicacion":"01\/01\/2020","novedad":"1","paginas":"267","subtitulo":"","orden":"0","portada":"0","idioma":"spa","autores-libros":[{"ID":165919,"post_author":"3","post_date":"2022-10-14 17:58:59","post_date_gmt":"2022-10-14 15:58:59","post_content":"","post_title":"NOAM CHOMSKY","post_excerpt":"","post_status":"publish","comment_status":"closed","ping_status":"closed","post_password":"","post_name":"noam-chomsky","to_ping":"","pinged":"","post_modified":"2022-10-14 17:58:59","post_modified_gmt":"2022-10-14 15:58:59","post_content_filtered":"","post_parent":0,"guid":"http:\/\/dev.claret.cat\/autor\/noam-chomsky\/","menu_order":0,"post_type":"autor","post_mime_type":"","comment_count":"0","filter":"raw"}]},"aioseo_notices":[],"_links":{"self":[{"href":"https:\/\/www.claret.cat\/es\/wp-json\/wp\/v2\/product\/117448","targetHints":{"allow":["GET"]}}],"collection":[{"href":"https:\/\/www.claret.cat\/es\/wp-json\/wp\/v2\/product"}],"about":[{"href":"https:\/\/www.claret.cat\/es\/wp-json\/wp\/v2\/types\/product"}],"wp:featuredmedia":[{"embeddable":true,"href":"https:\/\/www.claret.cat\/es\/wp-json\/wp\/v2\/media\/117449"}],"wp:attachment":[{"href":"https:\/\/www.claret.cat\/es\/wp-json\/wp\/v2\/media?parent=117448"}],"wp:term":[{"taxonomy":"product_brand","embeddable":true,"href":"https:\/\/www.claret.cat\/es\/wp-json\/wp\/v2\/product_brand?post=117448"},{"taxonomy":"product_cat","embeddable":true,"href":"https:\/\/www.claret.cat\/es\/wp-json\/wp\/v2\/product_cat?post=117448"},{"taxonomy":"product_tag","embeddable":true,"href":"https:\/\/www.claret.cat\/es\/wp-json\/wp\/v2\/product_tag?post=117448"}],"curies":[{"name":"wp","href":"https:\/\/api.w.org\/{rel}","templated":true}]}}