{"id":117466,"date":"2022-10-12T15:32:24","date_gmt":"2022-10-12T13:32:24","guid":{"rendered":"http:\/\/dev.claret.cat\/producte\/a-lo-lejos\/"},"modified":"2023-01-28T22:22:09","modified_gmt":"2023-01-28T21:22:09","slug":"a-lo-lejos-9788417553524","status":"publish","type":"product","link":"https:\/\/www.claret.cat\/es\/libro\/a-lo-lejos-9788417553524\/","title":{"rendered":"A LO LEJOS"},"content":{"rendered":"<p>H\u00e5kan S\u00f6derstr\u00f6m, conocido como \u00abel Halc\u00f3n\u00bb, un joven inmigrante sueco que llega a California en plena Fiebre del Oro, emprende una peregrinaci\u00f3n imposible en direcci\u00f3n a Nueva York, sin hablar el idioma, en busca de su hermano Linus, a quien perdi\u00f3 cuando embarcaron en Europa. En su extra\u00f1o viaje, H\u00e5kan se topar\u00e1 con un buscador de oro irland\u00e9s demente y con una mujer sin dientes que lo viste con un abrigo de terciopelo y zapatos con hebilla. Conocer\u00e1 a un naturalista visionario y se har\u00e1 con un caballo llamado Pingo. Ser\u00e1 perseguido por un sheriff s\u00e1dico y por un par de soldados depredadores de la guerra civil. Atrapar\u00e1 animales y buscar\u00e1 comida en el desierto, y finalmente se convertir\u00e1 en un proscrito. Acabar\u00e1 retir\u00e1ndose a las monta\u00f1as para subsistir durante a\u00f1os como trampero, en medio de la naturaleza ind\u00f3mita, sin ver a nadie ni hablar, en una suerte de destrucci\u00f3n planeada que es, al mismo tiempo, un renacimiento. Pero su mito crecer\u00e1 y sus supuestas haza\u00f1as lo convertir\u00e1n en una leyenda.<br \/> Una novela llamada a reinventar un g\u00e9nero. Un western atmosf\u00e9rico en el que cantinas, vagones mineros, indios y buscadores de oro conviven en m\u00edsticos espacios silenciosos que nos traen a la memoria a Cormac McCarthy y las aventuras del trampero Jeremiah Johnson.<\/p>\n","protected":false},"excerpt":{"rendered":"<p>D\u00cdAZ, HERN\u00c1N<\/p>\n","protected":false},"featured_media":117467,"template":"","meta":{"_acf_changed":false,"om_disable_all_campaigns":false,"rs_blank_template":"","rs_page_bg_color":"","slide_template_v7":"","inline_featured_image":false,"_monsterinsights_skip_tracking":false,"_monsterinsights_sitenote_active":false,"_monsterinsights_sitenote_note":"","_monsterinsights_sitenote_category":0},"product_brand":[],"product_cat":[16],"product_tag":[],"class_list":{"0":"post-117466","1":"product","2":"type-product","3":"status-publish","4":"has-post-thumbnail","6":"product_cat-sense-categoria","8":"first","9":"instock","10":"taxable","11":"shipping-taxable","12":"purchasable","13":"product-type-simple"},"acf":{"autor":"D\u00cdAZ, HERN\u00c1N","codart":"841755352","libros-coleccion":"Impedimenta","ediciones":"1","encuadernacion":"R\u00fastica","fecha_de_publicacion":"01\/02\/2020","novedad":"1","paginas":"340","subtitulo":"","orden":"0","portada":"0","idioma":"spa","editorial":[{"ID":148284,"post_author":"3","post_date":"2022-10-14 11:57:03","post_date_gmt":"2022-10-14 09:57:03","post_content":"","post_title":"IMPEDIMENTA","post_excerpt":"","post_status":"publish","comment_status":"closed","ping_status":"closed","post_password":"","post_name":"impedimenta","to_ping":"","pinged":"","post_modified":"2022-10-14 11:57:03","post_modified_gmt":"2022-10-14 09:57:03","post_content_filtered":"","post_parent":0,"guid":"http:\/\/dev.claret.cat\/editorial\/impedimenta\/","menu_order":0,"post_type":"editorial","post_mime_type":"","comment_count":"0","filter":"raw"}],"autores-libros":[{"ID":157555,"post_author":"3","post_date":"2022-10-14 15:29:45","post_date_gmt":"2022-10-14 13:29:45","post_content":"","post_title":"HERNAN DIAZ","post_excerpt":"","post_status":"publish","comment_status":"closed","ping_status":"closed","post_password":"","post_name":"hernan-diaz","to_ping":"","pinged":"","post_modified":"2022-10-14 15:29:45","post_modified_gmt":"2022-10-14 13:29:45","post_content_filtered":"","post_parent":0,"guid":"http:\/\/dev.claret.cat\/autor\/hernan-diaz\/","menu_order":0,"post_type":"autor","post_mime_type":"","comment_count":"0","filter":"raw"}]},"aioseo_notices":[],"_links":{"self":[{"href":"https:\/\/www.claret.cat\/es\/wp-json\/wp\/v2\/product\/117466","targetHints":{"allow":["GET"]}}],"collection":[{"href":"https:\/\/www.claret.cat\/es\/wp-json\/wp\/v2\/product"}],"about":[{"href":"https:\/\/www.claret.cat\/es\/wp-json\/wp\/v2\/types\/product"}],"wp:featuredmedia":[{"embeddable":true,"href":"https:\/\/www.claret.cat\/es\/wp-json\/wp\/v2\/media\/117467"}],"wp:attachment":[{"href":"https:\/\/www.claret.cat\/es\/wp-json\/wp\/v2\/media?parent=117466"}],"wp:term":[{"taxonomy":"product_brand","embeddable":true,"href":"https:\/\/www.claret.cat\/es\/wp-json\/wp\/v2\/product_brand?post=117466"},{"taxonomy":"product_cat","embeddable":true,"href":"https:\/\/www.claret.cat\/es\/wp-json\/wp\/v2\/product_cat?post=117466"},{"taxonomy":"product_tag","embeddable":true,"href":"https:\/\/www.claret.cat\/es\/wp-json\/wp\/v2\/product_tag?post=117466"}],"curies":[{"name":"wp","href":"https:\/\/api.w.org\/{rel}","templated":true}]}}