{"id":117475,"date":"2022-10-12T15:32:32","date_gmt":"2022-10-12T13:32:32","guid":{"rendered":"http:\/\/dev.claret.cat\/producte\/a-lhoritzo\/"},"modified":"2023-01-28T23:32:28","modified_gmt":"2023-01-28T22:32:28","slug":"a-lhoritzo-9788417339319","status":"publish","type":"product","link":"https:\/\/www.claret.cat\/es\/libro\/a-lhoritzo-9788417339319\/","title":{"rendered":"A L&#8217;HORITZ\u00d3"},"content":{"rendered":"<p>A principis del segle XIX, dos joves suecs, en H\u00e5kan i el seu germ\u00e0, decideixen emigrar a Nova York. Durant una escala del viatge, en H\u00e5kan s&#8217;equivoca i puja a un vaixell que el porta a San Francisco. Sol, desemparat, sense ni un c\u00e8ntim ni parlar angl\u00e8s, l&#8217;\u00fanic que sap \u00e9s que ha d&#8217;anar cap a l&#8217;est. Al llarg de la ruta a trav\u00e9s de les grans extensions del territori nord-americ\u00e0, es creuar\u00e0 amb buscadors d&#8217;or, indis, estafadors, naturalistes, fan\u00e0tics religiosos i bandits. La seva estatura imponent i les seves proeses l&#8217;acabaran convertint en un \u00e9sser llegendari que experimentar\u00e0 el desig, l&#8217;avar\u00edcia, l&#8217;amor i la tra\u00efci\u00f3 en totes les seves formes. <br \/> Amb aquest western que \u00e9s, alhora, un antiwestern, D\u00edaz desafia les convencions i els estereotips i ens regala un retrat radical del desarrelament. Un relat emotiu que \u00e9s alhora una profunda evocaci\u00f3 de l&#8221;a\u00efllament, una novel\u00b7la de superviv\u00e8ncia i una hist\u00f2ria sobre la devastaci\u00f3 que va acompanyar el somni americ\u00e0.<\/p>\n","protected":false},"excerpt":{"rendered":"<p>DIAZ,HERNAN<\/p>\n","protected":false},"featured_media":117476,"template":"","meta":{"_acf_changed":false,"om_disable_all_campaigns":false,"rs_blank_template":"","rs_page_bg_color":"","slide_template_v7":"","inline_featured_image":false,"_monsterinsights_skip_tracking":false,"_monsterinsights_sitenote_active":false,"_monsterinsights_sitenote_note":"","_monsterinsights_sitenote_category":0},"product_brand":[],"product_cat":[127,130],"product_tag":[],"class_list":{"0":"post-117475","1":"product","2":"type-product","3":"status-publish","4":"has-post-thumbnail","6":"product_cat-novella-contemporania","7":"product_cat-novella-historica-i-ficcio","9":"first","10":"instock","11":"taxable","12":"shipping-taxable","13":"purchasable","14":"product-type-simple"},"acf":{"editorial":[{"ID":6213,"post_author":"3","post_date":"2022-07-28 17:47:17","post_date_gmt":"2022-07-28 15:47:17","post_content":"","post_title":"EDICIONS DEL PERISCOPI","post_excerpt":"","post_status":"publish","comment_status":"closed","ping_status":"closed","post_password":"","post_name":"edicions-del-periscopi","to_ping":"","pinged":"","post_modified":"2022-07-28 17:47:17","post_modified_gmt":"2022-07-28 15:47:17","post_content_filtered":"","post_parent":0,"guid":"http:\/\/dev.claret.cat\/editorial\/edicions-del-periscopi\/","menu_order":0,"post_type":"editorial","post_mime_type":"","comment_count":"0","filter":"raw"}],"autor":"DIAZ,HERNAN","codart":"841733931","libros-coleccion":"CATALAN","ediciones":"1","encuadernacion":"R\u00fastica","fecha_de_publicacion":"01\/01\/2020","novedad":"1","paginas":"329","subtitulo":"","orden":"0","portada":"0","idioma":"cat","autores-libros":[{"ID":157555,"post_author":"3","post_date":"2022-10-14 15:29:45","post_date_gmt":"2022-10-14 13:29:45","post_content":"","post_title":"HERNAN DIAZ","post_excerpt":"","post_status":"publish","comment_status":"closed","ping_status":"closed","post_password":"","post_name":"hernan-diaz","to_ping":"","pinged":"","post_modified":"2022-10-14 15:29:45","post_modified_gmt":"2022-10-14 13:29:45","post_content_filtered":"","post_parent":0,"guid":"http:\/\/dev.claret.cat\/autor\/hernan-diaz\/","menu_order":0,"post_type":"autor","post_mime_type":"","comment_count":"0","filter":"raw"}]},"aioseo_notices":[],"_links":{"self":[{"href":"https:\/\/www.claret.cat\/es\/wp-json\/wp\/v2\/product\/117475","targetHints":{"allow":["GET"]}}],"collection":[{"href":"https:\/\/www.claret.cat\/es\/wp-json\/wp\/v2\/product"}],"about":[{"href":"https:\/\/www.claret.cat\/es\/wp-json\/wp\/v2\/types\/product"}],"wp:featuredmedia":[{"embeddable":true,"href":"https:\/\/www.claret.cat\/es\/wp-json\/wp\/v2\/media\/117476"}],"wp:attachment":[{"href":"https:\/\/www.claret.cat\/es\/wp-json\/wp\/v2\/media?parent=117475"}],"wp:term":[{"taxonomy":"product_brand","embeddable":true,"href":"https:\/\/www.claret.cat\/es\/wp-json\/wp\/v2\/product_brand?post=117475"},{"taxonomy":"product_cat","embeddable":true,"href":"https:\/\/www.claret.cat\/es\/wp-json\/wp\/v2\/product_cat?post=117475"},{"taxonomy":"product_tag","embeddable":true,"href":"https:\/\/www.claret.cat\/es\/wp-json\/wp\/v2\/product_tag?post=117475"}],"curies":[{"name":"wp","href":"https:\/\/api.w.org\/{rel}","templated":true}]}}