{"id":117478,"date":"2022-10-12T15:32:35","date_gmt":"2022-10-12T13:32:35","guid":{"rendered":"http:\/\/dev.claret.cat\/producte\/tierra-salvaje\/"},"modified":"2023-01-28T17:40:01","modified_gmt":"2023-01-28T16:40:01","slug":"tierra-salvaje-9788412123517","status":"publish","type":"product","link":"https:\/\/www.claret.cat\/es\/libro\/tierra-salvaje-9788412123517\/","title":{"rendered":"TIERRA SALVAJE"},"content":{"rendered":"<p>A la muerte de su marido David en un accidente, Elizabeth Coughlin descubre que la granja que ambos han luchado por levantar est\u00e1 hipotecada y en bancarrota. Son los a\u00f1os posteriores a la Guerra Civil, y las plagas y los especuladores han empobrecido a muchas familias del Oeste. Con ayuda del hermano de David, Michael Coughlin, un aventurero de oscuro pasado que ha vuelto tras a\u00f1os de ausencia, Elizabeth concibe un proyecto casi temerario: una expedici\u00f3n m\u00e1s all\u00e1 de territorio indio para cazar bisontes y hacer una fortuna en medio del desierto m\u00e1s inh\u00f3spito del pa\u00eds.<\/p>\n<p>Tierra salvaje reconstruye la \u00e9poca de las grandes matanzas que diezmaron al bisonte americano y narra, con una prosa de gran potencia y lirismo, la epopeya de las caravanas en la segunda mitad del siglo XIX, dentro de una historia personal de amor, lucha y sacrificio. Su autor, Robert Olmstead, ha sido comparado con Ernest Hemingway, Cormac McCarthy y John Edward Williams. Tierra salvaje es su primer libro traducido al espa\u00f1ol.<\/p>\n","protected":false},"excerpt":{"rendered":"<p>OLMSTEAD ROBERT<\/p>\n","protected":false},"featured_media":117479,"template":"","meta":{"_acf_changed":false,"om_disable_all_campaigns":false,"rs_blank_template":"","rs_page_bg_color":"","slide_template_v7":"","inline_featured_image":false,"_monsterinsights_skip_tracking":false,"_monsterinsights_sitenote_active":false,"_monsterinsights_sitenote_note":"","_monsterinsights_sitenote_category":0},"product_brand":[],"product_cat":[130],"product_tag":[],"class_list":{"0":"post-117478","1":"product","2":"type-product","3":"status-publish","4":"has-post-thumbnail","6":"product_cat-novella-historica-i-ficcio","8":"first","9":"instock","10":"taxable","11":"shipping-taxable","12":"purchasable","13":"product-type-simple"},"acf":{"editorial":[{"ID":148257,"post_author":"3","post_date":"2022-10-14 11:56:50","post_date_gmt":"2022-10-14 09:56:50","post_content":"","post_title":"HERMIDA EDITORES, S.L","post_excerpt":"","post_status":"publish","comment_status":"closed","ping_status":"closed","post_password":"","post_name":"hermida-editores-s-l","to_ping":"","pinged":"","post_modified":"2022-10-14 11:56:50","post_modified_gmt":"2022-10-14 09:56:50","post_content_filtered":"","post_parent":0,"guid":"http:\/\/dev.claret.cat\/editorial\/hermida-editores-s-l\/","menu_order":0,"post_type":"editorial","post_mime_type":"","comment_count":"0","filter":"raw"}],"autores-libros":[{"ID":166205,"post_author":"3","post_date":"2022-10-14 18:01:17","post_date_gmt":"2022-10-14 16:01:17","post_content":"","post_title":"OLMSTEAD ROBERT","post_excerpt":"","post_status":"publish","comment_status":"closed","ping_status":"closed","post_password":"","post_name":"olmstead-robert","to_ping":"","pinged":"","post_modified":"2022-10-14 18:01:17","post_modified_gmt":"2022-10-14 16:01:17","post_content_filtered":"","post_parent":0,"guid":"http:\/\/dev.claret.cat\/autor\/olmstead-robert\/","menu_order":0,"post_type":"autor","post_mime_type":"","comment_count":"0","filter":"raw"}],"autor":"OLMSTEAD ROBERT","codart":"841212351","libros-coleccion":"El Jard\u00edn de Epicuro","ediciones":"1","encuadernacion":"R\u00fastica","fecha_de_publicacion":"01\/02\/2020","novedad":"1","paginas":"285","subtitulo":"","orden":"0","portada":"0","idioma":"spa"},"aioseo_notices":[],"_links":{"self":[{"href":"https:\/\/www.claret.cat\/es\/wp-json\/wp\/v2\/product\/117478","targetHints":{"allow":["GET"]}}],"collection":[{"href":"https:\/\/www.claret.cat\/es\/wp-json\/wp\/v2\/product"}],"about":[{"href":"https:\/\/www.claret.cat\/es\/wp-json\/wp\/v2\/types\/product"}],"wp:featuredmedia":[{"embeddable":true,"href":"https:\/\/www.claret.cat\/es\/wp-json\/wp\/v2\/media\/117479"}],"wp:attachment":[{"href":"https:\/\/www.claret.cat\/es\/wp-json\/wp\/v2\/media?parent=117478"}],"wp:term":[{"taxonomy":"product_brand","embeddable":true,"href":"https:\/\/www.claret.cat\/es\/wp-json\/wp\/v2\/product_brand?post=117478"},{"taxonomy":"product_cat","embeddable":true,"href":"https:\/\/www.claret.cat\/es\/wp-json\/wp\/v2\/product_cat?post=117478"},{"taxonomy":"product_tag","embeddable":true,"href":"https:\/\/www.claret.cat\/es\/wp-json\/wp\/v2\/product_tag?post=117478"}],"curies":[{"name":"wp","href":"https:\/\/api.w.org\/{rel}","templated":true}]}}