{"id":117481,"date":"2022-10-12T15:32:38","date_gmt":"2022-10-12T13:32:38","guid":{"rendered":"http:\/\/dev.claret.cat\/producte\/que-hace-una-escuela-como-tu-en-un-siglo-como-este\/"},"modified":"2023-01-28T14:43:35","modified_gmt":"2023-01-28T13:43:35","slug":"que-hace-una-escuela-como-tu-en-un-siglo-como-este-9788490979228","status":"publish","type":"product","link":"https:\/\/www.claret.cat\/es\/libro\/que-hace-una-escuela-como-tu-en-un-siglo-como-este-9788490979228\/","title":{"rendered":"\u00bfQU\u00c9 HACE UNA ESCUELA COMO T\u00da EN UN SIGLO COMO ESTE?"},"content":{"rendered":"<p>Nacida en el contexto de la Revoluci\u00f3n industrial, la escuela est\u00e1 adaptada a las caracter\u00edsticas que se buscaban en los trabajadores de aquella nueva sociedad. Atr\u00e1s quedaba el conocimiento adquirido en el entorno familiar y a trav\u00e9s del aprendizaje de los oficios. Surge as\u00ed una escuela de car\u00e1cter segregador, orientada a clasificar a los alumnos para un mercado laboral r\u00edgido que no entiende de individuos y que todav\u00eda mantiene sus estructuras tres siglos m\u00e1s tarde. Partiendo de esa perspectiva, Rafael Feito Alonso realiza un diagn\u00f3stico de un sistema educativo anclado todav\u00eda en vicios y formas de hacer del pasado en un mundo que lo sobrepasa. Para ello el autor se vale de informes, estudios e innovadoras perspectivas educativas. Y propone un cambio de rumbo en pos del desarrollo del esp\u00edritu cr\u00edtico por encima de la memorizaci\u00f3n; de la individualizaci\u00f3n curricular por encima de la estandarizaci\u00f3n. Una escuela democr\u00e1tica para un mundo en democracia.<\/p>\n","protected":false},"excerpt":{"rendered":"<p>FEITO ALONSO, RAFAEL<\/p>\n","protected":false},"featured_media":117482,"template":"","meta":{"_acf_changed":false,"om_disable_all_campaigns":false,"rs_blank_template":"","rs_page_bg_color":"","slide_template_v7":"","inline_featured_image":false,"_monsterinsights_skip_tracking":false,"_monsterinsights_sitenote_active":false,"_monsterinsights_sitenote_note":"","_monsterinsights_sitenote_category":0},"product_brand":[],"product_cat":[189],"product_tag":[],"class_list":{"0":"post-117481","1":"product","2":"type-product","3":"status-publish","4":"has-post-thumbnail","6":"product_cat-didactica-i-praxi-escolar","8":"first","9":"instock","10":"taxable","11":"shipping-taxable","12":"purchasable","13":"product-type-simple"},"acf":{"editorial":[{"ID":6287,"post_author":"3","post_date":"2022-07-28 17:48:57","post_date_gmt":"2022-07-28 15:48:57","post_content":"","post_title":"LIBROS DE LA CATARATA","post_excerpt":"","post_status":"publish","comment_status":"closed","ping_status":"closed","post_password":"","post_name":"libros-de-la-catarata","to_ping":"","pinged":"","post_modified":"2022-07-28 17:48:57","post_modified_gmt":"2022-07-28 15:48:57","post_content_filtered":"","post_parent":0,"guid":"http:\/\/dev.claret.cat\/editorial\/libros-de-la-catarata\/","menu_order":0,"post_type":"editorial","post_mime_type":"","comment_count":"0","filter":"raw"}],"autor":"FEITO ALONSO, RAFAEL","codart":"849097922","libros-coleccion":"Mayor","ediciones":"1","encuadernacion":"R\u00fastica","fecha_de_publicacion":"01\/01\/2020","novedad":"1","paginas":"269","subtitulo":"","orden":"0","portada":"0","idioma":"spa","autores-libros":[{"ID":167576,"post_author":"3","post_date":"2022-10-14 18:12:18","post_date_gmt":"2022-10-14 16:12:18","post_content":"","post_title":"RAFAEL FEITO ALONSO","post_excerpt":"","post_status":"publish","comment_status":"closed","ping_status":"closed","post_password":"","post_name":"rafael-feito-alonso","to_ping":"","pinged":"","post_modified":"2022-10-14 18:12:18","post_modified_gmt":"2022-10-14 16:12:18","post_content_filtered":"","post_parent":0,"guid":"http:\/\/dev.claret.cat\/autor\/rafael-feito-alonso\/","menu_order":0,"post_type":"autor","post_mime_type":"","comment_count":"0","filter":"raw"}]},"aioseo_notices":[],"_links":{"self":[{"href":"https:\/\/www.claret.cat\/es\/wp-json\/wp\/v2\/product\/117481","targetHints":{"allow":["GET"]}}],"collection":[{"href":"https:\/\/www.claret.cat\/es\/wp-json\/wp\/v2\/product"}],"about":[{"href":"https:\/\/www.claret.cat\/es\/wp-json\/wp\/v2\/types\/product"}],"wp:featuredmedia":[{"embeddable":true,"href":"https:\/\/www.claret.cat\/es\/wp-json\/wp\/v2\/media\/117482"}],"wp:attachment":[{"href":"https:\/\/www.claret.cat\/es\/wp-json\/wp\/v2\/media?parent=117481"}],"wp:term":[{"taxonomy":"product_brand","embeddable":true,"href":"https:\/\/www.claret.cat\/es\/wp-json\/wp\/v2\/product_brand?post=117481"},{"taxonomy":"product_cat","embeddable":true,"href":"https:\/\/www.claret.cat\/es\/wp-json\/wp\/v2\/product_cat?post=117481"},{"taxonomy":"product_tag","embeddable":true,"href":"https:\/\/www.claret.cat\/es\/wp-json\/wp\/v2\/product_tag?post=117481"}],"curies":[{"name":"wp","href":"https:\/\/api.w.org\/{rel}","templated":true}]}}