{"id":117685,"date":"2022-10-12T15:35:21","date_gmt":"2022-10-12T13:35:21","guid":{"rendered":"http:\/\/dev.claret.cat\/producte\/la-mision-parroquial-permanente-1\/"},"modified":"2024-05-02T05:55:24","modified_gmt":"2024-05-02T03:55:24","slug":"la-mision-parroquial-permanente-1-9788428834674","status":"publish","type":"product","link":"https:\/\/www.claret.cat\/es\/libro\/la-mision-parroquial-permanente-1-9788428834674\/","title":{"rendered":"LA MISI\u00d3N PARROQUIAL PERMANENTE 1"},"content":{"rendered":"<p>Siguiendo las indicaciones del papa Francisco, que nos invita a \u00abuna nueva etapa evangelizadora marcada por la alegr\u00eda\u00bb (EG 1), mostramos un proyecto de evangelizaci\u00f3n de los alejados. Este proyecto desea ser un instrumento al servicio de los evangelizadores que les permita constituir, sobre todo en la parroquia, un \u00abestado permanente de misi\u00f3n\u00bb (EG 25). Con este proyecto queremos aproximar a la persona de Jes\u00fas y a la comunidad de sus disc\u00edpulos a quienes, por diferentes razones, jam\u00e1s han tenido la oportunidad de conocerlo como se nos muestra en los evangelios. Nuestro anhelo es ayudarles a conocer al Hijo de Dios y a encontrarse con \u00e9l.<\/p>\n","protected":false},"excerpt":{"rendered":"<p>ECHEVARR\u00cdA SERRANO, FRANCISCO<\/p>\n","protected":false},"featured_media":337989,"template":"","meta":{"_acf_changed":false,"om_disable_all_campaigns":false,"rs_blank_template":"","rs_page_bg_color":"","slide_template_v7":"","inline_featured_image":false,"_monsterinsights_skip_tracking":false,"_monsterinsights_sitenote_active":false,"_monsterinsights_sitenote_note":"","_monsterinsights_sitenote_category":0},"product_brand":[],"product_cat":[90,540],"product_tag":[],"class_list":{"0":"post-117685","1":"product","2":"type-product","3":"status-publish","4":"has-post-thumbnail","6":"product_cat-altres","7":"product_cat-otros","9":"first","10":"instock","11":"taxable","12":"shipping-taxable","13":"purchasable","14":"product-type-simple"},"acf":{"editorial":[{"ID":6335,"post_author":"3","post_date":"2022-07-28 17:49:59","post_date_gmt":"2022-07-28 15:49:59","post_content":"","post_title":"PPC altres","post_excerpt":"","post_status":"publish","comment_status":"closed","ping_status":"closed","post_password":"","post_name":"ppc-altres","to_ping":"","pinged":"","post_modified":"2022-07-28 17:49:59","post_modified_gmt":"2022-07-28 15:49:59","post_content_filtered":"","post_parent":0,"guid":"http:\/\/dev.claret.cat\/editorial\/ppc-altres\/","menu_order":0,"post_type":"editorial","post_mime_type":"","comment_count":"0","filter":"raw"}],"autor":"ECHEVARR\u00cdA SERRANO, FRANCISCO","codart":"842883467","libros-coleccion":"CATEQUESIS","ediciones":"1","encuadernacion":"R\u00fastica","fecha_de_publicacion":"28\/01\/2020","novedad":"1","paginas":"160","subtitulo":"PROYECTO LOBAL","orden":"0","portada":"0","idioma":"spa","autores-libros":[{"ID":156237,"post_author":"3","post_date":"2022-10-14 15:19:12","post_date_gmt":"2022-10-14 13:19:12","post_content":"","post_title":"FRANCISCO ECHEVARR\u00cdA SERRANO","post_excerpt":"","post_status":"publish","comment_status":"closed","ping_status":"closed","post_password":"","post_name":"francisco-echevarria-serrano","to_ping":"","pinged":"","post_modified":"2022-10-14 15:19:12","post_modified_gmt":"2022-10-14 13:19:12","post_content_filtered":"","post_parent":0,"guid":"http:\/\/dev.claret.cat\/autor\/francisco-echevarria-serrano\/","menu_order":0,"post_type":"autor","post_mime_type":"","comment_count":"0","filter":"raw"}]},"aioseo_notices":[],"_links":{"self":[{"href":"https:\/\/www.claret.cat\/es\/wp-json\/wp\/v2\/product\/117685","targetHints":{"allow":["GET"]}}],"collection":[{"href":"https:\/\/www.claret.cat\/es\/wp-json\/wp\/v2\/product"}],"about":[{"href":"https:\/\/www.claret.cat\/es\/wp-json\/wp\/v2\/types\/product"}],"wp:featuredmedia":[{"embeddable":true,"href":"https:\/\/www.claret.cat\/es\/wp-json\/wp\/v2\/media\/337989"}],"wp:attachment":[{"href":"https:\/\/www.claret.cat\/es\/wp-json\/wp\/v2\/media?parent=117685"}],"wp:term":[{"taxonomy":"product_brand","embeddable":true,"href":"https:\/\/www.claret.cat\/es\/wp-json\/wp\/v2\/product_brand?post=117685"},{"taxonomy":"product_cat","embeddable":true,"href":"https:\/\/www.claret.cat\/es\/wp-json\/wp\/v2\/product_cat?post=117685"},{"taxonomy":"product_tag","embeddable":true,"href":"https:\/\/www.claret.cat\/es\/wp-json\/wp\/v2\/product_tag?post=117685"}],"curies":[{"name":"wp","href":"https:\/\/api.w.org\/{rel}","templated":true}]}}