{"id":117688,"date":"2022-10-12T15:35:23","date_gmt":"2022-10-12T13:35:23","guid":{"rendered":"http:\/\/dev.claret.cat\/producte\/junto-al-pozo-2\/"},"modified":"2024-05-02T05:54:09","modified_gmt":"2024-05-02T03:54:09","slug":"junto-al-pozo-2-9788428834773","status":"publish","type":"product","link":"https:\/\/www.claret.cat\/es\/libro\/junto-al-pozo-2-9788428834773\/","title":{"rendered":"JUNTO AL POZO 2"},"content":{"rendered":"<p>Siguiendo las directrices del papa Francisco, que nos invita a \u00abuna nueva etapa evangelizadora marcada por la alegr\u00eda\u00bb (EG 1), mostramos un proyecto de evangelizaci\u00f3nde los alejados. Este proyecto pretende ser un instrumento al servicio de los evangelizadores que les permita constituir, ante todo en la parroquia, un \u00abestado permanente de misi\u00f3n\u00bb (EG 25). Con este proyecto queremos aproximar a la persona de Jes\u00fas y a la comunidad de sus disc\u00edpulos a quienes, por diferentes razones, jam\u00e1s han tenido la oportunidad de conocerlo como se nos muestra en los evangelios. Nuestro anhelo es ayudarles a conocer al Hijo de Dios y a encontrarse con \u00e9l. Este segundo volumen de la serie &#8216;En las periferias&#8217; recoge el punto de partida de la acci\u00f3n misionera. A la hora de buscar una vivencia com\u00fan sobre la que otorgar la luz de la fe y el anuncio de Jesucristo, conectamos con el deseo de felicidad que late en lo hondo de todos los corazones. Por eso, presentamos la fe en Jesucristo como respuesta a ese anhelo, dejando que sea cada uno el que, en su interior, haga la opci\u00f3n que, desde la libertad, crea m\u00e1s oportuna.<\/p>\n","protected":false},"excerpt":{"rendered":"<p>ECHEVARR\u00cdA SERRANO, FRANCISCO<\/p>\n","protected":false},"featured_media":338001,"template":"","meta":{"_acf_changed":false,"om_disable_all_campaigns":false,"rs_blank_template":"","rs_page_bg_color":"","slide_template_v7":"","inline_featured_image":false,"_monsterinsights_skip_tracking":false,"_monsterinsights_sitenote_active":false,"_monsterinsights_sitenote_note":"","_monsterinsights_sitenote_category":0},"product_brand":[],"product_cat":[90,540],"product_tag":[],"class_list":{"0":"post-117688","1":"product","2":"type-product","3":"status-publish","4":"has-post-thumbnail","6":"product_cat-altres","7":"product_cat-otros","9":"first","10":"instock","11":"taxable","12":"shipping-taxable","13":"purchasable","14":"product-type-simple"},"acf":{"editorial":[{"ID":6335,"post_author":"3","post_date":"2022-07-28 17:49:59","post_date_gmt":"2022-07-28 15:49:59","post_content":"","post_title":"PPC altres","post_excerpt":"","post_status":"publish","comment_status":"closed","ping_status":"closed","post_password":"","post_name":"ppc-altres","to_ping":"","pinged":"","post_modified":"2022-07-28 17:49:59","post_modified_gmt":"2022-07-28 15:49:59","post_content_filtered":"","post_parent":0,"guid":"http:\/\/dev.claret.cat\/editorial\/ppc-altres\/","menu_order":0,"post_type":"editorial","post_mime_type":"","comment_count":"0","filter":"raw"}],"autor":"ECHEVARR\u00cdA SERRANO, FRANCISCO","codart":"842883477","libros-coleccion":"CATEQUESIS","ediciones":"1","encuadernacion":"R\u00fastica","fecha_de_publicacion":"28\/01\/2020","novedad":"1","paginas":"192","subtitulo":"EL PRIMER ANUNCIO EN CLAVE DE BUENA NOTICIA","orden":"0","portada":"0","idioma":"spa","autores-libros":[{"ID":156237,"post_author":"3","post_date":"2022-10-14 15:19:12","post_date_gmt":"2022-10-14 13:19:12","post_content":"","post_title":"FRANCISCO ECHEVARR\u00cdA SERRANO","post_excerpt":"","post_status":"publish","comment_status":"closed","ping_status":"closed","post_password":"","post_name":"francisco-echevarria-serrano","to_ping":"","pinged":"","post_modified":"2022-10-14 15:19:12","post_modified_gmt":"2022-10-14 13:19:12","post_content_filtered":"","post_parent":0,"guid":"http:\/\/dev.claret.cat\/autor\/francisco-echevarria-serrano\/","menu_order":0,"post_type":"autor","post_mime_type":"","comment_count":"0","filter":"raw"}]},"aioseo_notices":[],"_links":{"self":[{"href":"https:\/\/www.claret.cat\/es\/wp-json\/wp\/v2\/product\/117688","targetHints":{"allow":["GET"]}}],"collection":[{"href":"https:\/\/www.claret.cat\/es\/wp-json\/wp\/v2\/product"}],"about":[{"href":"https:\/\/www.claret.cat\/es\/wp-json\/wp\/v2\/types\/product"}],"wp:featuredmedia":[{"embeddable":true,"href":"https:\/\/www.claret.cat\/es\/wp-json\/wp\/v2\/media\/338001"}],"wp:attachment":[{"href":"https:\/\/www.claret.cat\/es\/wp-json\/wp\/v2\/media?parent=117688"}],"wp:term":[{"taxonomy":"product_brand","embeddable":true,"href":"https:\/\/www.claret.cat\/es\/wp-json\/wp\/v2\/product_brand?post=117688"},{"taxonomy":"product_cat","embeddable":true,"href":"https:\/\/www.claret.cat\/es\/wp-json\/wp\/v2\/product_cat?post=117688"},{"taxonomy":"product_tag","embeddable":true,"href":"https:\/\/www.claret.cat\/es\/wp-json\/wp\/v2\/product_tag?post=117688"}],"curies":[{"name":"wp","href":"https:\/\/api.w.org\/{rel}","templated":true}]}}