{"id":117694,"date":"2022-10-12T15:35:27","date_gmt":"2022-10-12T13:35:27","guid":{"rendered":"http:\/\/dev.claret.cat\/producte\/san-pablo-y-las-mujeres\/"},"modified":"2025-01-05T19:05:24","modified_gmt":"2025-01-05T18:05:24","slug":"san-pablo-y-las-mujeres-9788428835404","status":"publish","type":"product","link":"https:\/\/www.claret.cat\/es\/libro\/san-pablo-y-las-mujeres-9788428835404\/","title":{"rendered":"SAN PABLO Y LAS MUJERES"},"content":{"rendered":"<p>Esta obra indaga sobre aquelles hermanas, amigas y ap\u00f3stoles que colaboraron activamente en la misi\u00f3n evangelizadora del Ap\u00f3stol.  Tambi\u00e9n de estas mujeres de sobra conocidas, se ha querido dar lugar a una figura femenina an\u00f3nima que siempre ha recibido poca atenci\u00f3n por parte de los estudiosos: la esclava pose\u00edda y curada por Pablo, seg\u00fan cuenta Lucas en Hch 16,16-19. Nuestra atenci\u00f3n se ha dirigido adem\u00e1s a tres grupos de mujeres que, aunque no son mencionadas en las cartas paulinas, jugaron un papel significativo en la Iglesia primitiva: las profetisas (las cuatro hijas n\u00fabiles de Felipe, Hch 21,6), las diaconisas (1 Tim 3,11) y las viudas (1 Tim 5,3-16).<\/p>\n","protected":false},"excerpt":{"rendered":"<p>CALDUCH-BENAGES, NURIA; (coord.)<\/p>\n","protected":false},"featured_media":973977,"template":"","meta":{"_acf_changed":false,"om_disable_all_campaigns":false,"rs_blank_template":"","rs_page_bg_color":"","slide_template_v7":"","inline_featured_image":false,"_monsterinsights_skip_tracking":false,"_monsterinsights_sitenote_active":false,"_monsterinsights_sitenote_note":"","_monsterinsights_sitenote_category":0},"product_brand":[],"product_cat":[90,540],"product_tag":[],"class_list":{"0":"post-117694","1":"product","2":"type-product","3":"status-publish","4":"has-post-thumbnail","6":"product_cat-altres","7":"product_cat-otros","9":"first","10":"instock","11":"taxable","12":"shipping-taxable","13":"purchasable","14":"product-type-simple"},"acf":{"editorial":[{"ID":6335,"post_author":"3","post_date":"2022-07-28 17:49:59","post_date_gmt":"2022-07-28 15:49:59","post_content":"","post_title":"PPC altres","post_excerpt":"","post_status":"publish","comment_status":"closed","ping_status":"closed","post_password":"","post_name":"ppc-altres","to_ping":"","pinged":"","post_modified":"2022-07-28 17:49:59","post_modified_gmt":"2022-07-28 15:49:59","post_content_filtered":"","post_parent":0,"guid":"http:\/\/dev.claret.cat\/editorial\/ppc-altres\/","menu_order":0,"post_type":"editorial","post_mime_type":"","comment_count":"0","filter":"raw"}],"autores-libros":[{"ID":5895,"post_author":"3","post_date":"2022-07-28 17:33:48","post_date_gmt":"2022-07-28 15:33:48","post_content":"","post_title":"N\u00daRIA CALDUCH-BENAGES","post_excerpt":"","post_status":"publish","comment_status":"closed","ping_status":"closed","post_password":"","post_name":"nuria-calduch-benages","to_ping":"","pinged":"","post_modified":"2022-07-28 17:33:48","post_modified_gmt":"2022-07-28 15:33:48","post_content_filtered":"","post_parent":0,"guid":"http:\/\/dev.claret.cat\/autor\/nuria-calduch-benages\/","menu_order":0,"post_type":"autor","post_mime_type":"","comment_count":"0","filter":"raw"},{"ID":148992,"post_author":"3","post_date":"2022-10-14 14:21:15","post_date_gmt":"2022-10-14 12:21:15","post_content":"","post_title":"(coord.)","post_excerpt":"","post_status":"publish","comment_status":"closed","ping_status":"closed","post_password":"","post_name":"coord","to_ping":"","pinged":"","post_modified":"2022-10-14 14:21:15","post_modified_gmt":"2022-10-14 12:21:15","post_content_filtered":"","post_parent":0,"guid":"http:\/\/dev.claret.cat\/autor\/coord\/","menu_order":0,"post_type":"autor","post_mime_type":"","comment_count":"0","filter":"raw"}],"autor":"CALDUCH-BENAGES, NURIA; (coord.)","codart":"842883540","libros-coleccion":"Las palabras y los d\u00edas","ediciones":"1","encuadernacion":"Carpeta","fecha_de_publicacion":"28\/01\/2020","novedad":"1","paginas":"126","subtitulo":"LAS PALABRAS Y LOS D\u00cdAS","orden":"0","portada":"0","idioma":"spa"},"aioseo_notices":[],"_links":{"self":[{"href":"https:\/\/www.claret.cat\/es\/wp-json\/wp\/v2\/product\/117694","targetHints":{"allow":["GET"]}}],"collection":[{"href":"https:\/\/www.claret.cat\/es\/wp-json\/wp\/v2\/product"}],"about":[{"href":"https:\/\/www.claret.cat\/es\/wp-json\/wp\/v2\/types\/product"}],"wp:featuredmedia":[{"embeddable":true,"href":"https:\/\/www.claret.cat\/es\/wp-json\/wp\/v2\/media\/973977"}],"wp:attachment":[{"href":"https:\/\/www.claret.cat\/es\/wp-json\/wp\/v2\/media?parent=117694"}],"wp:term":[{"taxonomy":"product_brand","embeddable":true,"href":"https:\/\/www.claret.cat\/es\/wp-json\/wp\/v2\/product_brand?post=117694"},{"taxonomy":"product_cat","embeddable":true,"href":"https:\/\/www.claret.cat\/es\/wp-json\/wp\/v2\/product_cat?post=117694"},{"taxonomy":"product_tag","embeddable":true,"href":"https:\/\/www.claret.cat\/es\/wp-json\/wp\/v2\/product_tag?post=117694"}],"curies":[{"name":"wp","href":"https:\/\/api.w.org\/{rel}","templated":true}]}}