{"id":11783,"date":"2022-10-01T00:37:54","date_gmt":"2022-09-30T22:37:54","guid":{"rendered":"http:\/\/dev.claret.cat\/producte\/robos-de-leyenda\/"},"modified":"2023-01-28T17:14:06","modified_gmt":"2023-01-28T16:14:06","slug":"robos-de-leyenda-9788417374730","status":"publish","type":"product","link":"https:\/\/www.claret.cat\/es\/libro\/robos-de-leyenda-9788417374730\/","title":{"rendered":"ROBOS DE LEYENDA"},"content":{"rendered":"<p>Una apasionante cr\u00f3nica ilustrada de los golpes m\u00e1s audaces y sofisticados de las \u00faltimos 150 a\u00f1os. C\u00f3mo se planificaron, qu\u00e9 m\u00e9todos se emplearon para burlar los sistemas de seguridad, cu\u00e1les fueron las pistas que la polic\u00eda sigui\u00f3 para perseguir a los ladrones, por qu\u00e9 lograron llevarse millonarios botines y, en muchos casos, escapar. Descubre los detalles m\u00e1s asombrosos de estos robos legendarios.<\/p>\n","protected":false},"excerpt":{"rendered":"<p>ROMERO MARI\u00d1O, SOLEDAD\/ANTONIO BLASCO, JULIO<\/p>\n","protected":false},"featured_media":65712,"template":"","meta":{"_acf_changed":false,"om_disable_all_campaigns":false,"rs_blank_template":"","rs_page_bg_color":"","slide_template_v7":"","inline_featured_image":false,"_monsterinsights_skip_tracking":false,"_monsterinsights_sitenote_active":false,"_monsterinsights_sitenote_note":"","_monsterinsights_sitenote_category":0},"product_brand":[],"product_cat":[16],"product_tag":[],"class_list":{"0":"post-11783","1":"product","2":"type-product","3":"status-publish","4":"has-post-thumbnail","6":"product_cat-sense-categoria","8":"first","9":"instock","10":"taxable","11":"shipping-taxable","12":"purchasable","13":"product-type-simple"},"acf":{"autor":"ROMERO MARI\u00d1O, SOLEDAD\/ANTONIO BLASCO, JULIO","codart":"841737473","libros-coleccion":"","ediciones":"1","encuadernacion":"Carton\u00e9","fecha_de_publicacion":"01\/09\/2020","novedad":"1","paginas":"60","subtitulo":"","orden":"0","portada":"0","idioma":"spa","editorial":[{"ID":148985,"post_author":"3","post_date":"2022-10-14 12:02:33","post_date_gmt":"2022-10-14 10:02:33","post_content":"","post_title":"Zahori de ideas","post_excerpt":"","post_status":"publish","comment_status":"closed","ping_status":"closed","post_password":"","post_name":"zahori-de-ideas","to_ping":"","pinged":"","post_modified":"2022-10-14 12:02:33","post_modified_gmt":"2022-10-14 10:02:33","post_content_filtered":"","post_parent":0,"guid":"http:\/\/dev.claret.cat\/editorial\/zahori-de-ideas\/","menu_order":0,"post_type":"editorial","post_mime_type":"","comment_count":"0","filter":"raw"}],"autores-libros":[{"ID":169649,"post_author":"3","post_date":"2022-10-14 22:28:55","post_date_gmt":"2022-10-14 20:28:55","post_content":"","post_title":"SOLEDAD ROMERO MARI\u00d1O","post_excerpt":"","post_status":"publish","comment_status":"closed","ping_status":"closed","post_password":"","post_name":"soledad-romero-marino","to_ping":"","pinged":"","post_modified":"2022-10-14 22:28:55","post_modified_gmt":"2022-10-14 20:28:55","post_content_filtered":"","post_parent":0,"guid":"http:\/\/dev.claret.cat\/autor\/soledad-romero-marino\/","menu_order":0,"post_type":"autor","post_mime_type":"","comment_count":"0","filter":"raw"},{"ID":161320,"post_author":"3","post_date":"2022-10-14 17:17:16","post_date_gmt":"2022-10-14 15:17:16","post_content":"","post_title":"JULIO ANTONIO BLASCO","post_excerpt":"","post_status":"publish","comment_status":"closed","ping_status":"closed","post_password":"","post_name":"julio-antonio-blasco","to_ping":"","pinged":"","post_modified":"2022-10-14 17:17:16","post_modified_gmt":"2022-10-14 15:17:16","post_content_filtered":"","post_parent":0,"guid":"http:\/\/dev.claret.cat\/autor\/julio-antonio-blasco\/","menu_order":0,"post_type":"autor","post_mime_type":"","comment_count":"0","filter":"raw"}]},"aioseo_notices":[],"_links":{"self":[{"href":"https:\/\/www.claret.cat\/es\/wp-json\/wp\/v2\/product\/11783","targetHints":{"allow":["GET"]}}],"collection":[{"href":"https:\/\/www.claret.cat\/es\/wp-json\/wp\/v2\/product"}],"about":[{"href":"https:\/\/www.claret.cat\/es\/wp-json\/wp\/v2\/types\/product"}],"wp:featuredmedia":[{"embeddable":true,"href":"https:\/\/www.claret.cat\/es\/wp-json\/wp\/v2\/media\/65712"}],"wp:attachment":[{"href":"https:\/\/www.claret.cat\/es\/wp-json\/wp\/v2\/media?parent=11783"}],"wp:term":[{"taxonomy":"product_brand","embeddable":true,"href":"https:\/\/www.claret.cat\/es\/wp-json\/wp\/v2\/product_brand?post=11783"},{"taxonomy":"product_cat","embeddable":true,"href":"https:\/\/www.claret.cat\/es\/wp-json\/wp\/v2\/product_cat?post=11783"},{"taxonomy":"product_tag","embeddable":true,"href":"https:\/\/www.claret.cat\/es\/wp-json\/wp\/v2\/product_tag?post=11783"}],"curies":[{"name":"wp","href":"https:\/\/api.w.org\/{rel}","templated":true}]}}