{"id":11786,"date":"2022-10-01T00:37:56","date_gmt":"2022-09-30T22:37:56","guid":{"rendered":"http:\/\/dev.claret.cat\/producte\/robatoris-de-llegenda\/"},"modified":"2025-04-26T11:45:26","modified_gmt":"2025-04-26T09:45:26","slug":"robatoris-de-llegenda-9788417374747","status":"publish","type":"product","link":"https:\/\/www.claret.cat\/es\/libro\/robatoris-de-llegenda-9788417374747\/","title":{"rendered":"ROBATORIS DE LLEGENDA"},"content":{"rendered":"<p>Una apassionant cr\u00f2nica il\u00b7lustrada dels robatoris m\u00e9s auda\u00e7os i sofisticats dels \u00faltims 150 anys. Com es van planificar, quins m\u00e8todes es va emprar per burlar els sistemes de seguretat, quines van ser les pistes que la policia va seguir per perseguir els lladres, per qu\u00e8 van aconseguir emportar-se milionaris botins i, en molts casos, escapar-se. Descobreix els detalls m\u00e9s sorprenents d&#8221;aquest robatoris llegendaris.<\/p>\n","protected":false},"excerpt":{"rendered":"<p>ROMERO MARI\u00d1O, SOLEDAD\/ANTONIO BLASCO, JULIO<\/p>\n","protected":false},"featured_media":1019254,"template":"","meta":{"_acf_changed":false,"om_disable_all_campaigns":false,"rs_blank_template":"","rs_page_bg_color":"","slide_template_v7":"","inline_featured_image":false,"_monsterinsights_skip_tracking":false,"_monsterinsights_sitenote_active":false,"_monsterinsights_sitenote_note":"","_monsterinsights_sitenote_category":0},"product_brand":[],"product_cat":[133,363],"product_tag":[],"class_list":{"0":"post-11786","1":"product","2":"type-product","3":"status-publish","4":"has-post-thumbnail","6":"product_cat-lectures-per-adolescents-12-18-anys","7":"product_cat-lecturas-por-adolescentes-12-18-anos","9":"first","10":"outofstock","11":"taxable","12":"shipping-taxable","13":"purchasable","14":"product-type-simple"},"acf":{"autor":"ROMERO MARI\u00d1O, SOLEDAD\/ANTONIO BLASCO, JULIO","codart":"841737474","libros-coleccion":"","ediciones":"1","encuadernacion":"Carton\u00e9","fecha_de_publicacion":"01\/09\/2020","novedad":"0","paginas":"60","subtitulo":"","orden":"0","portada":"0","idioma":"cat","editorial":[{"ID":148985,"post_author":"3","post_date":"2022-10-14 12:02:33","post_date_gmt":"2022-10-14 10:02:33","post_content":"","post_title":"Zahori de ideas","post_excerpt":"","post_status":"publish","comment_status":"closed","ping_status":"closed","post_password":"","post_name":"zahori-de-ideas","to_ping":"","pinged":"","post_modified":"2022-10-14 12:02:33","post_modified_gmt":"2022-10-14 10:02:33","post_content_filtered":"","post_parent":0,"guid":"http:\/\/dev.claret.cat\/editorial\/zahori-de-ideas\/","menu_order":0,"post_type":"editorial","post_mime_type":"","comment_count":"0","filter":"raw"}],"autores-libros":[{"ID":169649,"post_author":"3","post_date":"2022-10-14 22:28:55","post_date_gmt":"2022-10-14 20:28:55","post_content":"","post_title":"SOLEDAD ROMERO MARI\u00d1O","post_excerpt":"","post_status":"publish","comment_status":"closed","ping_status":"closed","post_password":"","post_name":"soledad-romero-marino","to_ping":"","pinged":"","post_modified":"2022-10-14 22:28:55","post_modified_gmt":"2022-10-14 20:28:55","post_content_filtered":"","post_parent":0,"guid":"http:\/\/dev.claret.cat\/autor\/soledad-romero-marino\/","menu_order":0,"post_type":"autor","post_mime_type":"","comment_count":"0","filter":"raw"},{"ID":161320,"post_author":"3","post_date":"2022-10-14 17:17:16","post_date_gmt":"2022-10-14 15:17:16","post_content":"","post_title":"JULIO ANTONIO BLASCO","post_excerpt":"","post_status":"publish","comment_status":"closed","ping_status":"closed","post_password":"","post_name":"julio-antonio-blasco","to_ping":"","pinged":"","post_modified":"2022-10-14 17:17:16","post_modified_gmt":"2022-10-14 15:17:16","post_content_filtered":"","post_parent":0,"guid":"http:\/\/dev.claret.cat\/autor\/julio-antonio-blasco\/","menu_order":0,"post_type":"autor","post_mime_type":"","comment_count":"0","filter":"raw"}],"booktrailer":"","resenas":""},"aioseo_notices":[],"_links":{"self":[{"href":"https:\/\/www.claret.cat\/es\/wp-json\/wp\/v2\/product\/11786","targetHints":{"allow":["GET"]}}],"collection":[{"href":"https:\/\/www.claret.cat\/es\/wp-json\/wp\/v2\/product"}],"about":[{"href":"https:\/\/www.claret.cat\/es\/wp-json\/wp\/v2\/types\/product"}],"wp:featuredmedia":[{"embeddable":true,"href":"https:\/\/www.claret.cat\/es\/wp-json\/wp\/v2\/media\/1019254"}],"wp:attachment":[{"href":"https:\/\/www.claret.cat\/es\/wp-json\/wp\/v2\/media?parent=11786"}],"wp:term":[{"taxonomy":"product_brand","embeddable":true,"href":"https:\/\/www.claret.cat\/es\/wp-json\/wp\/v2\/product_brand?post=11786"},{"taxonomy":"product_cat","embeddable":true,"href":"https:\/\/www.claret.cat\/es\/wp-json\/wp\/v2\/product_cat?post=11786"},{"taxonomy":"product_tag","embeddable":true,"href":"https:\/\/www.claret.cat\/es\/wp-json\/wp\/v2\/product_tag?post=11786"}],"curies":[{"name":"wp","href":"https:\/\/api.w.org\/{rel}","templated":true}]}}