{"id":117907,"date":"2022-10-12T15:38:33","date_gmt":"2022-10-12T13:38:33","guid":{"rendered":"http:\/\/dev.claret.cat\/producte\/farandula-2\/"},"modified":"2023-01-28T12:32:10","modified_gmt":"2023-01-28T11:32:10","slug":"farandula-9788433960573","status":"publish","type":"product","link":"https:\/\/www.claret.cat\/es\/libro\/farandula-9788433960573\/","title":{"rendered":"FAR\u00c1NDULA"},"content":{"rendered":"<p>La actriz Valeria Falc\u00f3n es amiga de Ana Urrutia, una vieja gloria que no tiene donde caerse muerta. Su ocaso se solapa con la eclosi\u00f3n de Natalia de Miguel, una joven aspirante que enamora al c\u00ednico Lorenzo Lucas. Daniel Valls confronta su \u00e9xito, su dinero y su glamour con la posibilidad de su compromiso pol\u00edtico. Charlotte Saint-Clair, su esposa, lo cuida como una geisha y odia a Valeria, gran amiga de Daniel. Un ictus, el montaje teatral de Eva al desnudo y la firma de un manifiesto descubrir\u00e1n al lector: Una historia sobre el miedo a perder el sitio. Sobre la resistencia a la metamorfosis y su conveniencia o no. Sobre qu\u00e9 significa hoy ser reaccionario. Sobre los cambios de lenguaje que reflejan cambios en el mundo. Sobre el desprestigio de la cultura y su posibilidad de intervenir en la realidad. Sobre la devaluaci\u00f3n de la imagen del artista. Y su precariedad. Sobre el p\u00fablico. Sobre el relevo gene racional y el envejecimiento. Sobre los actores ricos que firman manifiestos y los actores pobres que no firman nada porque nadie los tiene en cuenta. Sobre la paradoja de que solo cuando alguien es an\u00f3nimo empieza a servir para algo en su comunidad. Sobre la caridad como mal y las galas de beneficencia como bucle reproductor de la injusticia. Sobre si se puede luchar contra el sistema desde el sistema.<br \/> Un texto borde, divertido, triste, puntiagudo, urgente. Es far\u00e1ndula.<\/p>\n","protected":false},"excerpt":{"rendered":"<p>SANZ, MARTA<\/p>\n","protected":false},"featured_media":117908,"template":"","meta":{"_acf_changed":false,"om_disable_all_campaigns":false,"rs_blank_template":"","rs_page_bg_color":"","slide_template_v7":"","inline_featured_image":false,"_monsterinsights_skip_tracking":false,"_monsterinsights_sitenote_active":false,"_monsterinsights_sitenote_note":"","_monsterinsights_sitenote_category":0},"product_brand":[],"product_cat":[127],"product_tag":[],"class_list":{"0":"post-117907","1":"product","2":"type-product","3":"status-publish","4":"has-post-thumbnail","6":"product_cat-novella-contemporania","8":"first","9":"instock","10":"taxable","11":"shipping-taxable","12":"purchasable","13":"product-type-simple"},"acf":{"editorial":[{"ID":6219,"post_author":"3","post_date":"2022-07-28 17:47:26","post_date_gmt":"2022-07-28 15:47:26","post_content":"","post_title":"Editorial Anagrama S.A.","post_excerpt":"","post_status":"publish","comment_status":"closed","ping_status":"closed","post_password":"","post_name":"editorial-anagrama-s-a","to_ping":"","pinged":"","post_modified":"2022-07-28 17:47:26","post_modified_gmt":"2022-07-28 15:47:26","post_content_filtered":"","post_parent":0,"guid":"http:\/\/dev.claret.cat\/editorial\/editorial-anagrama-s-a\/","menu_order":0,"post_type":"editorial","post_mime_type":"","comment_count":"0","filter":"raw"}],"autor":"SANZ, MARTA","codart":"843396057","libros-coleccion":"Compactos","ediciones":"1","encuadernacion":"R\u00fastica","fecha_de_publicacion":"01\/01\/2020","novedad":"1","paginas":"238","subtitulo":"","orden":"0","portada":"0","idioma":"spa","autores-libros":[{"ID":164220,"post_author":"3","post_date":"2022-10-14 17:45:20","post_date_gmt":"2022-10-14 15:45:20","post_content":"","post_title":"MARTA SANZ","post_excerpt":"","post_status":"publish","comment_status":"closed","ping_status":"closed","post_password":"","post_name":"marta-sanz","to_ping":"","pinged":"","post_modified":"2022-10-14 17:45:20","post_modified_gmt":"2022-10-14 15:45:20","post_content_filtered":"","post_parent":0,"guid":"http:\/\/dev.claret.cat\/autor\/marta-sanz\/","menu_order":0,"post_type":"autor","post_mime_type":"","comment_count":"0","filter":"raw"}]},"aioseo_notices":[],"_links":{"self":[{"href":"https:\/\/www.claret.cat\/es\/wp-json\/wp\/v2\/product\/117907","targetHints":{"allow":["GET"]}}],"collection":[{"href":"https:\/\/www.claret.cat\/es\/wp-json\/wp\/v2\/product"}],"about":[{"href":"https:\/\/www.claret.cat\/es\/wp-json\/wp\/v2\/types\/product"}],"wp:featuredmedia":[{"embeddable":true,"href":"https:\/\/www.claret.cat\/es\/wp-json\/wp\/v2\/media\/117908"}],"wp:attachment":[{"href":"https:\/\/www.claret.cat\/es\/wp-json\/wp\/v2\/media?parent=117907"}],"wp:term":[{"taxonomy":"product_brand","embeddable":true,"href":"https:\/\/www.claret.cat\/es\/wp-json\/wp\/v2\/product_brand?post=117907"},{"taxonomy":"product_cat","embeddable":true,"href":"https:\/\/www.claret.cat\/es\/wp-json\/wp\/v2\/product_cat?post=117907"},{"taxonomy":"product_tag","embeddable":true,"href":"https:\/\/www.claret.cat\/es\/wp-json\/wp\/v2\/product_tag?post=117907"}],"curies":[{"name":"wp","href":"https:\/\/api.w.org\/{rel}","templated":true}]}}