{"id":117937,"date":"2022-10-12T15:39:03","date_gmt":"2022-10-12T13:39:03","guid":{"rendered":"http:\/\/dev.claret.cat\/producte\/conceptes-fonamentals-dantropologia-i-religio\/"},"modified":"2024-12-30T18:35:15","modified_gmt":"2024-12-30T17:35:15","slug":"conceptes-fonamentals-dantropologia-i-religio-9788417796167","status":"publish","type":"product","link":"https:\/\/www.claret.cat\/es\/libro\/conceptes-fonamentals-dantropologia-i-religio-9788417796167\/","title":{"rendered":"CONCEPTES FONAMENTALS D&#8217;ANTROPOLOGIA I RELIGI\u00d3"},"content":{"rendered":"<p>Aquesta obra aplega trenta-quatre articles d&#8217;enciclop\u00e8dia redactats per Llu\u00eds Duch per a la Gran enciclop\u00e8dia catalana, per a Conceptos clave de la antropolog\u00eda cultural, d&#8217;\u00c1ngel Aguirre, i per a Conceptos fundamentales del cristianismo, de Casiano Florist\u00e1n i Juan Jos\u00e9 Tamayo. El recull d&#8217;aquestes col\u00b7laboracions en un \u00fanic llibre dona lloc a una obra homog\u00e8nia i coherent: una mena de diccionari d&#8217;antropologia i religi\u00f3 o, si es prefereix, d&#8217;antropologia de la religi\u00f3. Tot article d&#8217;enciclop\u00e8dia t\u00e9, \u00f2bviament, una finalitat l\u00f2gicament divulgadora, i els de Duch que s&#8217;apleguen en aquest llibre no en s\u00f3n cap excepci\u00f3. Tanmateix, en gaireb\u00e9 tots els textos \u00e9s perceptible el segell propi de l&#8217;autor. No som davant un simple divulgador, sin\u00f3 davant un investigador de primer nivell que ha acceptat oferir resums de primera m\u00e0 de conceptes que va estudiar amb la m\u00e0xima ambici\u00f3 i profunditat.<\/p>\n","protected":false},"excerpt":{"rendered":"<p>DUCH, LLU\u00cdS<\/p>\n","protected":false},"featured_media":379122,"template":"","meta":{"_acf_changed":false,"om_disable_all_campaigns":false,"rs_blank_template":"","rs_page_bg_color":"","slide_template_v7":"","inline_featured_image":false,"_monsterinsights_skip_tracking":false,"_monsterinsights_sitenote_active":false,"_monsterinsights_sitenote_note":"","_monsterinsights_sitenote_category":0},"product_brand":[],"product_cat":[279,509],"product_tag":[],"class_list":{"0":"post-117937","1":"product","2":"type-product","3":"status-publish","4":"has-post-thumbnail","6":"product_cat-antropologia-teologica","7":"product_cat-antropologia-teologica-teologia-1_espiritualidad","9":"first","10":"instock","11":"taxable","12":"shipping-taxable","13":"purchasable","14":"product-type-simple"},"acf":{"editorial":[{"ID":6258,"post_author":"3","post_date":"2022-07-28 17:48:20","post_date_gmt":"2022-07-28 15:48:20","post_content":"","post_title":"FRAGMENTA EDITORIAL","post_excerpt":"","post_status":"publish","comment_status":"closed","ping_status":"closed","post_password":"","post_name":"fragmenta-editorial","to_ping":"","pinged":"","post_modified":"2022-07-28 17:48:20","post_modified_gmt":"2022-07-28 15:48:20","post_content_filtered":"","post_parent":0,"guid":"http:\/\/dev.claret.cat\/editorial\/fragmenta-editorial\/","menu_order":0,"post_type":"editorial","post_mime_type":"","comment_count":"0","filter":"raw"}],"autor":"DUCH, LLU\u00cdS","codart":"841779616","libros-coleccion":"Assaig","ediciones":"1","encuadernacion":"R\u00fastica","fecha_de_publicacion":"01\/01\/2020","novedad":"1","paginas":"174","subtitulo":"","orden":"0","portada":"0","idioma":"cat","autores-libros":[{"ID":162345,"post_author":"3","post_date":"2022-10-14 17:30:17","post_date_gmt":"2022-10-14 15:30:17","post_content":"","post_title":"LLU\u00cdS DUCH","post_excerpt":"","post_status":"publish","comment_status":"closed","ping_status":"closed","post_password":"","post_name":"lluis-duch","to_ping":"","pinged":"","post_modified":"2022-10-14 17:30:17","post_modified_gmt":"2022-10-14 15:30:17","post_content_filtered":"","post_parent":0,"guid":"http:\/\/dev.claret.cat\/autor\/lluis-duch\/","menu_order":0,"post_type":"autor","post_mime_type":"","comment_count":"0","filter":"raw"}]},"aioseo_notices":[],"_links":{"self":[{"href":"https:\/\/www.claret.cat\/es\/wp-json\/wp\/v2\/product\/117937","targetHints":{"allow":["GET"]}}],"collection":[{"href":"https:\/\/www.claret.cat\/es\/wp-json\/wp\/v2\/product"}],"about":[{"href":"https:\/\/www.claret.cat\/es\/wp-json\/wp\/v2\/types\/product"}],"wp:featuredmedia":[{"embeddable":true,"href":"https:\/\/www.claret.cat\/es\/wp-json\/wp\/v2\/media\/379122"}],"wp:attachment":[{"href":"https:\/\/www.claret.cat\/es\/wp-json\/wp\/v2\/media?parent=117937"}],"wp:term":[{"taxonomy":"product_brand","embeddable":true,"href":"https:\/\/www.claret.cat\/es\/wp-json\/wp\/v2\/product_brand?post=117937"},{"taxonomy":"product_cat","embeddable":true,"href":"https:\/\/www.claret.cat\/es\/wp-json\/wp\/v2\/product_cat?post=117937"},{"taxonomy":"product_tag","embeddable":true,"href":"https:\/\/www.claret.cat\/es\/wp-json\/wp\/v2\/product_tag?post=117937"}],"curies":[{"name":"wp","href":"https:\/\/api.w.org\/{rel}","templated":true}]}}