{"id":117940,"date":"2022-10-12T15:39:06","date_gmt":"2022-10-12T13:39:06","guid":{"rendered":"http:\/\/dev.claret.cat\/producte\/la-gula\/"},"modified":"2023-04-26T18:01:28","modified_gmt":"2023-04-26T16:01:28","slug":"la-gula-9788417796204","status":"publish","type":"product","link":"https:\/\/www.claret.cat\/es\/libro\/la-gula-9788417796204\/","title":{"rendered":"LA GULA"},"content":{"rendered":"<p>El glot\u00f3n es v\u00edctima y culpable. La glotoner\u00eda ha pasado de ser una ofensa a Dios a ser un pecado social. Salvo en los d\u00edas se\u00f1alados en los que la comilona y el descontrol son de recibo, y aparte de los que tienen bula por cargo o por oficio, la glotoner\u00eda despendolada suele considerarse de mal gusto. La gula ha mutado en enfermedad: ha pasado de vicio voluntario a infortunio hereditario, de pecado de ricos a pecado de todos, de depravaci\u00f3n individual a tendencia social. Hemos socializado las virtudes, pero tambi\u00e9n las taras.<br \/> Con una prosa de gran riqueza expresiva, Adri\u00e0 Pujol ofrece un recorrido muy singular por la tradici\u00f3n literaria, cinematogr\u00e1fica, art\u00edstica e iconogr\u00e1fica de Occidente en torno a la gula.<br \/> La serie \u00abPecados capitales\u00bb pretende ofrecer una visi\u00f3n fresca y rigurosa de cada \u00abpecado\u00bb de la mano de nuevas voces del ensayo.<\/p>\n","protected":false},"excerpt":{"rendered":"<p>PUJOL CRUELLS, ADRI\u00c0<\/p>\n","protected":false},"featured_media":392470,"template":"","meta":{"_acf_changed":false,"om_disable_all_campaigns":false,"rs_blank_template":"","rs_page_bg_color":"","slide_template_v7":"","inline_featured_image":false,"_monsterinsights_skip_tracking":false,"_monsterinsights_sitenote_active":false,"_monsterinsights_sitenote_note":"","_monsterinsights_sitenote_category":0},"product_brand":[],"product_cat":[373,166],"product_tag":[],"class_list":{"0":"post-117940","1":"product","2":"type-product","3":"status-publish","4":"has-post-thumbnail","6":"product_cat-autores","7":"product_cat-autors-filosofia","9":"first","10":"instock","11":"taxable","12":"shipping-taxable","13":"purchasable","14":"product-type-simple"},"acf":{"editorial":[{"ID":6258,"post_author":"3","post_date":"2022-07-28 17:48:20","post_date_gmt":"2022-07-28 15:48:20","post_content":"","post_title":"FRAGMENTA EDITORIAL","post_excerpt":"","post_status":"publish","comment_status":"closed","ping_status":"closed","post_password":"","post_name":"fragmenta-editorial","to_ping":"","pinged":"","post_modified":"2022-07-28 17:48:20","post_modified_gmt":"2022-07-28 15:48:20","post_content_filtered":"","post_parent":0,"guid":"http:\/\/dev.claret.cat\/editorial\/fragmenta-editorial\/","menu_order":0,"post_type":"editorial","post_mime_type":"","comment_count":"0","filter":"raw"}],"autor":"PUJOL CRUELLS, ADRI\u00c0","codart":"841779620","libros-coleccion":"Fragmentos","ediciones":"1","encuadernacion":"R\u00fastica","fecha_de_publicacion":"01\/01\/2020","novedad":"1","paginas":"78","subtitulo":"","orden":"0","portada":"0","idioma":"spa","autores-libros":[{"ID":149171,"post_author":"3","post_date":"2022-10-14 14:22:43","post_date_gmt":"2022-10-14 12:22:43","post_content":"","post_title":"ADRI\u00c0 PUJOL CRUELLS","post_excerpt":"","post_status":"publish","comment_status":"closed","ping_status":"closed","post_password":"","post_name":"adria-pujol-cruells","to_ping":"","pinged":"","post_modified":"2022-10-14 14:22:43","post_modified_gmt":"2022-10-14 12:22:43","post_content_filtered":"","post_parent":0,"guid":"http:\/\/dev.claret.cat\/autor\/adria-pujol-cruells\/","menu_order":0,"post_type":"autor","post_mime_type":"","comment_count":"0","filter":"raw"}]},"aioseo_notices":[],"_links":{"self":[{"href":"https:\/\/www.claret.cat\/es\/wp-json\/wp\/v2\/product\/117940","targetHints":{"allow":["GET"]}}],"collection":[{"href":"https:\/\/www.claret.cat\/es\/wp-json\/wp\/v2\/product"}],"about":[{"href":"https:\/\/www.claret.cat\/es\/wp-json\/wp\/v2\/types\/product"}],"wp:featuredmedia":[{"embeddable":true,"href":"https:\/\/www.claret.cat\/es\/wp-json\/wp\/v2\/media\/392470"}],"wp:attachment":[{"href":"https:\/\/www.claret.cat\/es\/wp-json\/wp\/v2\/media?parent=117940"}],"wp:term":[{"taxonomy":"product_brand","embeddable":true,"href":"https:\/\/www.claret.cat\/es\/wp-json\/wp\/v2\/product_brand?post=117940"},{"taxonomy":"product_cat","embeddable":true,"href":"https:\/\/www.claret.cat\/es\/wp-json\/wp\/v2\/product_cat?post=117940"},{"taxonomy":"product_tag","embeddable":true,"href":"https:\/\/www.claret.cat\/es\/wp-json\/wp\/v2\/product_tag?post=117940"}],"curies":[{"name":"wp","href":"https:\/\/api.w.org\/{rel}","templated":true}]}}