{"id":117943,"date":"2022-10-12T15:39:09","date_gmt":"2022-10-12T13:39:09","guid":{"rendered":"http:\/\/dev.claret.cat\/producte\/la-gola\/"},"modified":"2026-03-13T13:11:48","modified_gmt":"2026-03-13T12:11:48","slug":"la-gola-9788417796198","status":"publish","type":"product","link":"https:\/\/www.claret.cat\/es\/libro\/la-gola-9788417796198\/","title":{"rendered":"LA GOLA"},"content":{"rendered":"<p>El golafre \u00e9s v\u00edctima i culpable. La golafreria ha passat de ser una ofensa a D\u00e9u a ser un pecat social. Llevat dels dies assenyalats en qu\u00e8 el tiberi i el descontrol s\u00f3n de recepta, i tret dels que tenen butlla per c\u00e0rrec o per ofici, la golafreria desbridada se sol veure de mal gust. La gola ha mutat en malaltia: ha passat de vici voluntari a infortuni hereditari, de pecat de rics a pecat de tots, de depravaci\u00f3 individual a tend\u00e8ncia social. Hem socialitzat les virtuts, per\u00f2 tamb\u00e9 les tares.<br \/> Amb una prosa d&#8217;una gran riquesa expressiva, Adri\u00e0 Pujol ofereix un recorregut molt singular per la tradici\u00f3 liter\u00e0ria, cinematogr\u00e0fica, art\u00edstica i iconogr\u00e0fica d&#8217;Occident al voltant de la gola.<br \/> La s\u00e8rie \u00abPecats capitals\u00bb pret\u00e9n oferir una visi\u00f3 fresca i rigorosa de cada \u00abpecat\u00bb a c\u00e0rrec de noves veus de l&#8217;assaig catal\u00e0.<\/p>\n","protected":false},"excerpt":{"rendered":"<p>PUJOL CRUELLS, ADRI\u00c0<\/p>\n","protected":false},"featured_media":1090014,"template":"","meta":{"_acf_changed":false,"om_disable_all_campaigns":false,"rs_blank_template":"","rs_page_bg_color":"","slide_template_v7":"","inline_featured_image":false,"_monsterinsights_skip_tracking":false,"_monsterinsights_sitenote_active":false,"_monsterinsights_sitenote_note":"","_monsterinsights_sitenote_category":0},"product_brand":[],"product_cat":[373,166],"product_tag":[],"class_list":{"0":"post-117943","1":"product","2":"type-product","3":"status-publish","4":"has-post-thumbnail","6":"product_cat-autores","7":"product_cat-autors-filosofia","9":"first","10":"instock","11":"taxable","12":"shipping-taxable","13":"purchasable","14":"product-type-simple"},"acf":{"editorial":[{"ID":6258,"post_author":"3","post_date":"2022-07-28 17:48:20","post_date_gmt":"2022-07-28 15:48:20","post_content":"","post_title":"FRAGMENTA EDITORIAL","post_excerpt":"","post_status":"publish","comment_status":"closed","ping_status":"closed","post_password":"","post_name":"fragmenta-editorial","to_ping":"","pinged":"","post_modified":"2022-07-28 17:48:20","post_modified_gmt":"2022-07-28 15:48:20","post_content_filtered":"","post_parent":0,"guid":"http:\/\/dev.claret.cat\/editorial\/fragmenta-editorial\/","menu_order":0,"post_type":"editorial","post_mime_type":"","comment_count":"0","filter":"raw"}],"autor":"PUJOL CRUELLS, ADRI\u00c0","codart":"841779619","libros-coleccion":"Assaig","ediciones":"1","encuadernacion":"R\u00fastica","fecha_de_publicacion":"01\/01\/2020","novedad":"1","paginas":"78","subtitulo":"","orden":"0","portada":"0","idioma":"cat","autores-libros":[{"ID":149171,"post_author":"3","post_date":"2022-10-14 14:22:43","post_date_gmt":"2022-10-14 12:22:43","post_content":"","post_title":"ADRI\u00c0 PUJOL CRUELLS","post_excerpt":"","post_status":"publish","comment_status":"closed","ping_status":"closed","post_password":"","post_name":"adria-pujol-cruells","to_ping":"","pinged":"","post_modified":"2022-10-14 14:22:43","post_modified_gmt":"2022-10-14 12:22:43","post_content_filtered":"","post_parent":0,"guid":"http:\/\/dev.claret.cat\/autor\/adria-pujol-cruells\/","menu_order":0,"post_type":"autor","post_mime_type":"","comment_count":"0","filter":"raw"}],"booktrailer":"","resenas":""},"aioseo_notices":[],"_links":{"self":[{"href":"https:\/\/www.claret.cat\/es\/wp-json\/wp\/v2\/product\/117943","targetHints":{"allow":["GET"]}}],"collection":[{"href":"https:\/\/www.claret.cat\/es\/wp-json\/wp\/v2\/product"}],"about":[{"href":"https:\/\/www.claret.cat\/es\/wp-json\/wp\/v2\/types\/product"}],"wp:featuredmedia":[{"embeddable":true,"href":"https:\/\/www.claret.cat\/es\/wp-json\/wp\/v2\/media\/1090014"}],"wp:attachment":[{"href":"https:\/\/www.claret.cat\/es\/wp-json\/wp\/v2\/media?parent=117943"}],"wp:term":[{"taxonomy":"product_brand","embeddable":true,"href":"https:\/\/www.claret.cat\/es\/wp-json\/wp\/v2\/product_brand?post=117943"},{"taxonomy":"product_cat","embeddable":true,"href":"https:\/\/www.claret.cat\/es\/wp-json\/wp\/v2\/product_cat?post=117943"},{"taxonomy":"product_tag","embeddable":true,"href":"https:\/\/www.claret.cat\/es\/wp-json\/wp\/v2\/product_tag?post=117943"}],"curies":[{"name":"wp","href":"https:\/\/api.w.org\/{rel}","templated":true}]}}