{"id":117970,"date":"2022-10-12T15:39:35","date_gmt":"2022-10-12T13:39:35","guid":{"rendered":"http:\/\/dev.claret.cat\/producte\/consciente\/"},"modified":"2023-01-28T15:49:43","modified_gmt":"2023-01-28T14:49:43","slug":"consciente-9788449336522","status":"publish","type":"product","link":"https:\/\/www.claret.cat\/es\/libro\/consciente-9788449336522\/","title":{"rendered":"CONSCIENTE"},"content":{"rendered":"<p>En Consciente, Siegel propone una aguda mirada a la ciencia que subyace a la efectividad de la meditaci\u00f3n y ense\u00f1a a los lectores a desarrollar la pr\u00e1ctica de la Rueda de la Conciencia para centrar la atenci\u00f3n, abrir la conciencia y cultivar una intenci\u00f3n amable para ayudarnos a desarrollar un cerebro m\u00e1s sano, reducir el miedo, la ansiedad y el estr\u00e9s en nuestras vidas.<\/p>\n","protected":false},"excerpt":{"rendered":"<p>SIEGEL, DANIEL J.<\/p>\n","protected":false},"featured_media":117971,"template":"","meta":{"_acf_changed":false,"om_disable_all_campaigns":false,"rs_blank_template":"","rs_page_bg_color":"","slide_template_v7":"","inline_featured_image":false,"_monsterinsights_skip_tracking":false,"_monsterinsights_sitenote_active":false,"_monsterinsights_sitenote_note":"","_monsterinsights_sitenote_category":0},"product_brand":[],"product_cat":[179],"product_tag":[],"class_list":{"0":"post-117970","1":"product","2":"type-product","3":"status-publish","4":"has-post-thumbnail","6":"product_cat-autoajuda-i-salut-mental","8":"first","9":"instock","10":"taxable","11":"shipping-taxable","12":"purchasable","13":"product-type-simple"},"acf":{"editorial":[{"ID":6206,"post_author":"3","post_date":"2022-07-28 17:47:08","post_date_gmt":"2022-07-28 15:47:08","post_content":"","post_title":"Ediciones Paid\u00f3s","post_excerpt":"","post_status":"publish","comment_status":"closed","ping_status":"closed","post_password":"","post_name":"ediciones-paidos","to_ping":"","pinged":"","post_modified":"2022-07-28 17:47:08","post_modified_gmt":"2022-07-28 15:47:08","post_content_filtered":"","post_parent":0,"guid":"http:\/\/dev.claret.cat\/editorial\/ediciones-paidos\/","menu_order":0,"post_type":"editorial","post_mime_type":"","comment_count":"0","filter":"raw"}],"autor":"SIEGEL, DANIEL J.","codart":"844933652","libros-coleccion":"Contextos","ediciones":"1","encuadernacion":"R\u00fastica","fecha_de_publicacion":"01\/01\/2020","novedad":"1","paginas":"412","subtitulo":"CIENCIA Y PR\u00c1CTICA DEL MINDFULNESS","orden":"0","portada":"0","idioma":"spa","autores-libros":[{"ID":153600,"post_author":"3","post_date":"2022-10-14 14:58:02","post_date_gmt":"2022-10-14 12:58:02","post_content":"","post_title":"DANIEL J. SIEGEL","post_excerpt":"","post_status":"publish","comment_status":"closed","ping_status":"closed","post_password":"","post_name":"daniel-j-siegel","to_ping":"","pinged":"","post_modified":"2022-10-14 14:58:02","post_modified_gmt":"2022-10-14 12:58:02","post_content_filtered":"","post_parent":0,"guid":"http:\/\/dev.claret.cat\/autor\/daniel-j-siegel\/","menu_order":0,"post_type":"autor","post_mime_type":"","comment_count":"0","filter":"raw"}]},"aioseo_notices":[],"_links":{"self":[{"href":"https:\/\/www.claret.cat\/es\/wp-json\/wp\/v2\/product\/117970","targetHints":{"allow":["GET"]}}],"collection":[{"href":"https:\/\/www.claret.cat\/es\/wp-json\/wp\/v2\/product"}],"about":[{"href":"https:\/\/www.claret.cat\/es\/wp-json\/wp\/v2\/types\/product"}],"wp:featuredmedia":[{"embeddable":true,"href":"https:\/\/www.claret.cat\/es\/wp-json\/wp\/v2\/media\/117971"}],"wp:attachment":[{"href":"https:\/\/www.claret.cat\/es\/wp-json\/wp\/v2\/media?parent=117970"}],"wp:term":[{"taxonomy":"product_brand","embeddable":true,"href":"https:\/\/www.claret.cat\/es\/wp-json\/wp\/v2\/product_brand?post=117970"},{"taxonomy":"product_cat","embeddable":true,"href":"https:\/\/www.claret.cat\/es\/wp-json\/wp\/v2\/product_cat?post=117970"},{"taxonomy":"product_tag","embeddable":true,"href":"https:\/\/www.claret.cat\/es\/wp-json\/wp\/v2\/product_tag?post=117970"}],"curies":[{"name":"wp","href":"https:\/\/api.w.org\/{rel}","templated":true}]}}