{"id":118030,"date":"2022-10-12T15:40:30","date_gmt":"2022-10-12T13:40:30","guid":{"rendered":"http:\/\/dev.claret.cat\/producte\/tokio-de-cerca-6\/"},"modified":"2023-01-28T11:10:23","modified_gmt":"2023-01-28T10:10:23","slug":"tokio-de-cerca-6-9788408214618","status":"publish","type":"product","link":"https:\/\/www.claret.cat\/es\/libro\/tokio-de-cerca-6-9788408214618\/","title":{"rendered":"TOKIO DE CERCA 6"},"content":{"rendered":"<p>Fusi\u00f3n de pasado y futuro, Tokio deslumbra con su cultura tradicional y su pasi\u00f3n por lo m\u00e1s novedoso. M\u00e1s que un punto de inter\u00e9s concreto, es la ciudad en s\u00ed lo que fascina a los visitantes. Inabarcable hasta donde alcanza la vista, pero a la vez f\u00e1cil para orientarse, Tokio brinda las mejores experiencias de Jap\u00f3n, gastronom\u00eda y cultura incluidas.<\/p>\n","protected":false},"excerpt":{"rendered":"<p>RICHMOND, SIMON \/ MILNER, REBECCA<\/p>\n","protected":false},"featured_media":118031,"template":"","meta":{"_acf_changed":false,"om_disable_all_campaigns":false,"rs_blank_template":"","rs_page_bg_color":"","slide_template_v7":"","inline_featured_image":false,"_monsterinsights_skip_tracking":false,"_monsterinsights_sitenote_active":false,"_monsterinsights_sitenote_note":"","_monsterinsights_sitenote_category":0},"product_brand":[],"product_cat":[107],"product_tag":[],"class_list":{"0":"post-118030","1":"product","2":"type-product","3":"status-publish","4":"has-post-thumbnail","6":"product_cat-guies-de-viatge","8":"first","9":"instock","10":"taxable","11":"shipping-taxable","12":"purchasable","13":"product-type-simple"},"acf":{"editorial":[{"ID":6233,"post_author":"3","post_date":"2022-07-28 17:47:48","post_date_gmt":"2022-07-28 15:47:48","post_content":"","post_title":"EDITORIAL PLANETA","post_excerpt":"","post_status":"publish","comment_status":"closed","ping_status":"closed","post_password":"","post_name":"editorial-planeta","to_ping":"","pinged":"","post_modified":"2022-07-28 17:47:48","post_modified_gmt":"2022-07-28 15:47:48","post_content_filtered":"","post_parent":0,"guid":"http:\/\/dev.claret.cat\/editorial\/editorial-planeta\/","menu_order":0,"post_type":"editorial","post_mime_type":"","comment_count":"0","filter":"raw"}],"autores-libros":[{"ID":169554,"post_author":"3","post_date":"2022-10-14 22:28:10","post_date_gmt":"2022-10-14 20:28:10","post_content":"","post_title":"SIMON RICHMOND","post_excerpt":"","post_status":"publish","comment_status":"closed","ping_status":"closed","post_password":"","post_name":"simon-richmond","to_ping":"","pinged":"","post_modified":"2022-10-14 22:28:10","post_modified_gmt":"2022-10-14 20:28:10","post_content_filtered":"","post_parent":0,"guid":"http:\/\/dev.claret.cat\/autor\/simon-richmond\/","menu_order":0,"post_type":"autor","post_mime_type":"","comment_count":"0","filter":"raw"},{"ID":167909,"post_author":"3","post_date":"2022-10-14 18:14:59","post_date_gmt":"2022-10-14 16:14:59","post_content":"","post_title":"REBECCA MILNER","post_excerpt":"","post_status":"publish","comment_status":"closed","ping_status":"closed","post_password":"","post_name":"rebecca-milner","to_ping":"","pinged":"","post_modified":"2022-10-14 18:14:59","post_modified_gmt":"2022-10-14 16:14:59","post_content_filtered":"","post_parent":0,"guid":"http:\/\/dev.claret.cat\/autor\/rebecca-milner\/","menu_order":0,"post_type":"autor","post_mime_type":"","comment_count":"0","filter":"raw"}],"autor":"RICHMOND, SIMON \/ MILNER, REBECCA","codart":"840821461","libros-coleccion":"Lonely Planet","ediciones":"1","encuadernacion":"R\u00fastica","fecha_de_publicacion":"01\/01\/2020","novedad":"1","paginas":"192","subtitulo":"","orden":"0","portada":"0","idioma":"spa"},"aioseo_notices":[],"_links":{"self":[{"href":"https:\/\/www.claret.cat\/es\/wp-json\/wp\/v2\/product\/118030","targetHints":{"allow":["GET"]}}],"collection":[{"href":"https:\/\/www.claret.cat\/es\/wp-json\/wp\/v2\/product"}],"about":[{"href":"https:\/\/www.claret.cat\/es\/wp-json\/wp\/v2\/types\/product"}],"wp:featuredmedia":[{"embeddable":true,"href":"https:\/\/www.claret.cat\/es\/wp-json\/wp\/v2\/media\/118031"}],"wp:attachment":[{"href":"https:\/\/www.claret.cat\/es\/wp-json\/wp\/v2\/media?parent=118030"}],"wp:term":[{"taxonomy":"product_brand","embeddable":true,"href":"https:\/\/www.claret.cat\/es\/wp-json\/wp\/v2\/product_brand?post=118030"},{"taxonomy":"product_cat","embeddable":true,"href":"https:\/\/www.claret.cat\/es\/wp-json\/wp\/v2\/product_cat?post=118030"},{"taxonomy":"product_tag","embeddable":true,"href":"https:\/\/www.claret.cat\/es\/wp-json\/wp\/v2\/product_tag?post=118030"}],"curies":[{"name":"wp","href":"https:\/\/api.w.org\/{rel}","templated":true}]}}