{"id":118051,"date":"2022-10-12T15:40:50","date_gmt":"2022-10-12T13:40:50","guid":{"rendered":"http:\/\/dev.claret.cat\/producte\/100-cosas-que-tienes-que-saber-de-la-musica-clasica\/"},"modified":"2023-01-28T12:31:24","modified_gmt":"2023-01-28T11:31:24","slug":"100-cosas-que-tienes-que-saber-de-la-musica-clasica-9788416918676","status":"publish","type":"product","link":"https:\/\/www.claret.cat\/es\/libro\/100-cosas-que-tienes-que-saber-de-la-musica-clasica-9788416918676\/","title":{"rendered":"100 COSAS QUE TIENES QUE SABER DE LA M\u00daSICA CL\u00c1SICA"},"content":{"rendered":"<p>Este libro explica 100 cosas de la m\u00fasica cl\u00e1sica desde fuera y desde dentro, algunas que no habr\u00edais imaginado nunca y otras que seguro que ya sab\u00e9is. Habla de Bach, de Mozart y de Pau Casals; de las mejores obras de los \u00faltimos 500 a\u00f1os; de solistas, de auditorios, de festivales, de partituras, de constructores de violines&#8230;; de la capacidad de la m\u00fasica para emocionarnos y hacernos vibrar, y de la inmortalidad de algunas obras.  Trata la m\u00fasica cl\u00e1sica como una cosa normal y nos recuerda que es v\u00e1lida para todos y que no hay que ser un experto para disfrutarla. Que nos puede gustar m\u00e1s o menos, pero que la m\u00fasica -cualquier m\u00fasica- est\u00e1 pensada para removernos por dentro. En definitiva, es un libro que habla de la m\u00fasica cl\u00e1sica con un lenguaje apto para el com\u00fan de los mortales, que nos la acerca a dos palmos y que nos invita a preguntarle todo lo que queremos saber.<\/p>\n","protected":false},"excerpt":{"rendered":"<p>PUERTAS ESTEVE, DAVID<\/p>\n","protected":false},"featured_media":317477,"template":"","meta":{"_acf_changed":false,"om_disable_all_campaigns":false,"rs_blank_template":"","rs_page_bg_color":"","slide_template_v7":"","inline_featured_image":false,"_monsterinsights_skip_tracking":false,"_monsterinsights_sitenote_active":false,"_monsterinsights_sitenote_note":"","_monsterinsights_sitenote_category":0},"product_brand":[],"product_cat":[111,332],"product_tag":[],"class_list":{"0":"post-118051","1":"product","2":"type-product","3":"status-publish","4":"has-post-thumbnail","6":"product_cat-musica","7":"product_cat-musica-4_escolar-spa","9":"first","10":"instock","11":"taxable","12":"shipping-taxable","13":"purchasable","14":"product-type-simple"},"acf":{"editorial":[{"ID":148408,"post_author":"3","post_date":"2022-10-14 11:58:01","post_date_gmt":"2022-10-14 09:58:01","post_content":"","post_title":"Lectio Ediciones","post_excerpt":"","post_status":"publish","comment_status":"closed","ping_status":"closed","post_password":"","post_name":"lectio-ediciones","to_ping":"","pinged":"","post_modified":"2022-10-14 11:58:01","post_modified_gmt":"2022-10-14 09:58:01","post_content_filtered":"","post_parent":0,"guid":"http:\/\/dev.claret.cat\/editorial\/lectio-ediciones\/","menu_order":0,"post_type":"editorial","post_mime_type":"","comment_count":"0","filter":"raw"}],"autores-libros":[{"ID":153929,"post_author":"3","post_date":"2022-10-14 15:00:41","post_date_gmt":"2022-10-14 13:00:41","post_content":"","post_title":"DAVID PUERTAS ESTEVE","post_excerpt":"","post_status":"publish","comment_status":"closed","ping_status":"closed","post_password":"","post_name":"david-puertas-esteve","to_ping":"","pinged":"","post_modified":"2022-10-14 15:00:41","post_modified_gmt":"2022-10-14 13:00:41","post_content_filtered":"","post_parent":0,"guid":"http:\/\/dev.claret.cat\/autor\/david-puertas-esteve\/","menu_order":0,"post_type":"autor","post_mime_type":"","comment_count":"0","filter":"raw"}],"autor":"PUERTAS ESTEVE, DAVID","codart":"841691867","libros-coleccion":"Cien x 100","ediciones":"1","encuadernacion":"R\u00fastica","fecha_de_publicacion":"01\/01\/2020","novedad":"1","paginas":"232","subtitulo":"","orden":"0","portada":"0","idioma":"spa"},"aioseo_notices":[],"_links":{"self":[{"href":"https:\/\/www.claret.cat\/es\/wp-json\/wp\/v2\/product\/118051","targetHints":{"allow":["GET"]}}],"collection":[{"href":"https:\/\/www.claret.cat\/es\/wp-json\/wp\/v2\/product"}],"about":[{"href":"https:\/\/www.claret.cat\/es\/wp-json\/wp\/v2\/types\/product"}],"wp:featuredmedia":[{"embeddable":true,"href":"https:\/\/www.claret.cat\/es\/wp-json\/wp\/v2\/media\/317477"}],"wp:attachment":[{"href":"https:\/\/www.claret.cat\/es\/wp-json\/wp\/v2\/media?parent=118051"}],"wp:term":[{"taxonomy":"product_brand","embeddable":true,"href":"https:\/\/www.claret.cat\/es\/wp-json\/wp\/v2\/product_brand?post=118051"},{"taxonomy":"product_cat","embeddable":true,"href":"https:\/\/www.claret.cat\/es\/wp-json\/wp\/v2\/product_cat?post=118051"},{"taxonomy":"product_tag","embeddable":true,"href":"https:\/\/www.claret.cat\/es\/wp-json\/wp\/v2\/product_tag?post=118051"}],"curies":[{"name":"wp","href":"https:\/\/api.w.org\/{rel}","templated":true}]}}