{"id":118054,"date":"2022-10-12T15:40:53","date_gmt":"2022-10-12T13:40:53","guid":{"rendered":"http:\/\/dev.claret.cat\/producte\/100-coses-que-has-de-saber-de-la-musica-classica\/"},"modified":"2023-01-28T11:13:47","modified_gmt":"2023-01-28T10:13:47","slug":"100-coses-que-has-de-saber-de-la-musica-classica-9788490349014","status":"publish","type":"product","link":"https:\/\/www.claret.cat\/es\/libro\/100-coses-que-has-de-saber-de-la-musica-classica-9788490349014\/","title":{"rendered":"100 COSES QUE HAS DE SABER DE LA M\u00daSICA CL\u00c0SSICA"},"content":{"rendered":"<p>Aquest llibre explica 100 coses de la m\u00fasica cl\u00e0ssica des de fora i des de dintre, algunes que no us haur\u00edeu imaginat mai i d&#8217;altres que segur que ja sabeu. Parla de Bach, de Mozart i de Pau Casals; de les millors obres dels darrers 500 anys; de solistes, d&#8217;auditoris, de festivals, de partitures, de constructors de violins&#8230;; de la capacitat de la m\u00fasica per emocionar-nos i fernos vibrar, i de la immortalitat d&#8217;algunes obres.  Tracta la m\u00fasica cl\u00e0ssica com una cosa normal i ens recorda que \u00e9s v\u00e0lida per a tothom i que no cal ser-ne un expert per gaudir-la. Que ens pot agradar m\u00e9s o menys, per\u00f2 que la m\u00fasica -qualsevol m\u00fasica- est\u00e0 pensada per remoure&#8217;ns per dins. En definitiva, \u00e9s un llibre que parla de la m\u00fasica cl\u00e0ssica amb un llenguatge apte per al com\u00fa dels mortals, que ens l&#8217;apropa a dos pams i que ens convida a preguntar-li tot el que volem saber.<\/p>\n","protected":false},"excerpt":{"rendered":"<p>PUERTAS ESTEVE, DAVID<\/p>\n","protected":false},"featured_media":320619,"template":"","meta":{"_acf_changed":false,"om_disable_all_campaigns":false,"rs_blank_template":"","rs_page_bg_color":"","slide_template_v7":"","inline_featured_image":false,"_monsterinsights_skip_tracking":false,"_monsterinsights_sitenote_active":false,"_monsterinsights_sitenote_note":"","_monsterinsights_sitenote_category":0},"product_brand":[],"product_cat":[111,332],"product_tag":[],"class_list":{"0":"post-118054","1":"product","2":"type-product","3":"status-publish","4":"has-post-thumbnail","6":"product_cat-musica","7":"product_cat-musica-4_escolar-spa","9":"first","10":"instock","11":"taxable","12":"shipping-taxable","13":"purchasable","14":"product-type-simple"},"acf":{"editorial":[{"ID":6171,"post_author":"3","post_date":"2022-07-28 17:46:25","post_date_gmt":"2022-07-28 15:46:25","post_content":"","post_title":"COSSETANIA EDICIONS","post_excerpt":"","post_status":"publish","comment_status":"closed","ping_status":"closed","post_password":"","post_name":"cossetania-edicions","to_ping":"","pinged":"","post_modified":"2022-07-28 17:46:25","post_modified_gmt":"2022-07-28 15:46:25","post_content_filtered":"","post_parent":0,"guid":"http:\/\/dev.claret.cat\/editorial\/cossetania-edicions\/","menu_order":0,"post_type":"editorial","post_mime_type":"","comment_count":"0","filter":"raw"}],"autor":"PUERTAS ESTEVE, DAVID","codart":"849034901","libros-coleccion":"De 100 en 100","ediciones":"1","encuadernacion":"R\u00fastica","fecha_de_publicacion":"01\/01\/2020","novedad":"1","paginas":"232","subtitulo":"","orden":"0","portada":"0","idioma":"cat","autores-libros":[{"ID":153929,"post_author":"3","post_date":"2022-10-14 15:00:41","post_date_gmt":"2022-10-14 13:00:41","post_content":"","post_title":"DAVID PUERTAS ESTEVE","post_excerpt":"","post_status":"publish","comment_status":"closed","ping_status":"closed","post_password":"","post_name":"david-puertas-esteve","to_ping":"","pinged":"","post_modified":"2022-10-14 15:00:41","post_modified_gmt":"2022-10-14 13:00:41","post_content_filtered":"","post_parent":0,"guid":"http:\/\/dev.claret.cat\/autor\/david-puertas-esteve\/","menu_order":0,"post_type":"autor","post_mime_type":"","comment_count":"0","filter":"raw"}]},"aioseo_notices":[],"_links":{"self":[{"href":"https:\/\/www.claret.cat\/es\/wp-json\/wp\/v2\/product\/118054","targetHints":{"allow":["GET"]}}],"collection":[{"href":"https:\/\/www.claret.cat\/es\/wp-json\/wp\/v2\/product"}],"about":[{"href":"https:\/\/www.claret.cat\/es\/wp-json\/wp\/v2\/types\/product"}],"wp:featuredmedia":[{"embeddable":true,"href":"https:\/\/www.claret.cat\/es\/wp-json\/wp\/v2\/media\/320619"}],"wp:attachment":[{"href":"https:\/\/www.claret.cat\/es\/wp-json\/wp\/v2\/media?parent=118054"}],"wp:term":[{"taxonomy":"product_brand","embeddable":true,"href":"https:\/\/www.claret.cat\/es\/wp-json\/wp\/v2\/product_brand?post=118054"},{"taxonomy":"product_cat","embeddable":true,"href":"https:\/\/www.claret.cat\/es\/wp-json\/wp\/v2\/product_cat?post=118054"},{"taxonomy":"product_tag","embeddable":true,"href":"https:\/\/www.claret.cat\/es\/wp-json\/wp\/v2\/product_tag?post=118054"}],"curies":[{"name":"wp","href":"https:\/\/api.w.org\/{rel}","templated":true}]}}