{"id":118195,"date":"2022-10-12T15:43:08","date_gmt":"2022-10-12T13:43:08","guid":{"rendered":"http:\/\/dev.claret.cat\/producte\/luz-de-los-hombres\/"},"modified":"2026-04-01T16:39:26","modified_gmt":"2026-04-01T14:39:26","slug":"luz-de-los-hombres-9788429329001","status":"publish","type":"product","link":"https:\/\/www.claret.cat\/es\/libro\/luz-de-los-hombres-9788429329001\/","title":{"rendered":"LUZ DE LOS HOMBRES"},"content":{"rendered":"<p>Jes\u00fas es &#8216;la luz de los hombres&#8217;. En \u00e9l se revela la primera intenci\u00f3n que preside la creaci\u00f3n y que constituye la verdad salvadora de los seres humanos, llamados a nacer nuevamente, como &#8216;hijos de la luz&#8217; y a brillar en el mundo como se\u00f1ales del amor que nos precede, nos habita y nos convoca. Esta obra, bellamente escrita en un lenguaje evocador y accesible, es una meditaci\u00f3n sobre la fe cristiana (teolog\u00eda) con un profundo acento evangelizador (que busca replicar la mente , en el corazon y la vida de los destinatarios la experiencia original del encuentro con Cristo), en la estela marcada por el Concilio Vaticano II.<\/p>\n","protected":false},"excerpt":{"rendered":"<p>CASTRO P\u00c9REZ, FRANCISCO A.<\/p>\n","protected":false},"featured_media":340757,"template":"","meta":{"_acf_changed":false,"om_disable_all_campaigns":false,"rs_blank_template":"","rs_page_bg_color":"","slide_template_v7":"","inline_featured_image":false,"_monsterinsights_skip_tracking":false,"_monsterinsights_sitenote_active":false,"_monsterinsights_sitenote_note":"","_monsterinsights_sitenote_category":0},"product_brand":[],"product_cat":[90,540],"product_tag":[],"class_list":{"0":"post-118195","1":"product","2":"type-product","3":"status-publish","4":"has-post-thumbnail","6":"product_cat-altres","7":"product_cat-otros","9":"first","10":"instock","11":"taxable","12":"shipping-taxable","13":"purchasable","14":"product-type-simple"},"acf":{"editorial":[{"ID":6351,"post_author":"3","post_date":"2022-07-28 17:50:19","post_date_gmt":"2022-07-28 15:50:19","post_content":"","post_title":"Sal Terrae","post_excerpt":"","post_status":"publish","comment_status":"closed","ping_status":"closed","post_password":"","post_name":"sal-terrae","to_ping":"","pinged":"","post_modified":"2022-07-28 17:50:19","post_modified_gmt":"2022-07-28 15:50:19","post_content_filtered":"","post_parent":0,"guid":"http:\/\/dev.claret.cat\/editorial\/sal-terrae\/","menu_order":0,"post_type":"editorial","post_mime_type":"","comment_count":"0","filter":"raw"}],"autor":"CASTRO P\u00c9REZ, FRANCISCO A.","codart":"842932900","libros-coleccion":"PRESENCIA TEOL\u00d3GICA","ediciones":"1","encuadernacion":"R\u00fastica","fecha_de_publicacion":"21\/01\/2020","novedad":"1","paginas":"328","subtitulo":"FUNDAMENTOS DE ANTROPOLOG\u00cdA PASTORAL","orden":"0","portada":"0","idioma":"spa","autores-libros":[{"ID":156211,"post_author":"3","post_date":"2022-10-14 15:19:00","post_date_gmt":"2022-10-14 13:19:00","post_content":"","post_title":"FRANCISCO A. CASTRO P\u00c9REZ","post_excerpt":"","post_status":"publish","comment_status":"closed","ping_status":"closed","post_password":"","post_name":"francisco-a-castro-perez","to_ping":"","pinged":"","post_modified":"2022-10-14 15:19:00","post_modified_gmt":"2022-10-14 13:19:00","post_content_filtered":"","post_parent":0,"guid":"http:\/\/dev.claret.cat\/autor\/francisco-a-castro-perez\/","menu_order":0,"post_type":"autor","post_mime_type":"","comment_count":"0","filter":"raw"}],"booktrailer":"","resenas":""},"aioseo_notices":[],"_links":{"self":[{"href":"https:\/\/www.claret.cat\/es\/wp-json\/wp\/v2\/product\/118195","targetHints":{"allow":["GET"]}}],"collection":[{"href":"https:\/\/www.claret.cat\/es\/wp-json\/wp\/v2\/product"}],"about":[{"href":"https:\/\/www.claret.cat\/es\/wp-json\/wp\/v2\/types\/product"}],"wp:featuredmedia":[{"embeddable":true,"href":"https:\/\/www.claret.cat\/es\/wp-json\/wp\/v2\/media\/340757"}],"wp:attachment":[{"href":"https:\/\/www.claret.cat\/es\/wp-json\/wp\/v2\/media?parent=118195"}],"wp:term":[{"taxonomy":"product_brand","embeddable":true,"href":"https:\/\/www.claret.cat\/es\/wp-json\/wp\/v2\/product_brand?post=118195"},{"taxonomy":"product_cat","embeddable":true,"href":"https:\/\/www.claret.cat\/es\/wp-json\/wp\/v2\/product_cat?post=118195"},{"taxonomy":"product_tag","embeddable":true,"href":"https:\/\/www.claret.cat\/es\/wp-json\/wp\/v2\/product_tag?post=118195"}],"curies":[{"name":"wp","href":"https:\/\/api.w.org\/{rel}","templated":true}]}}