{"id":118198,"date":"2022-10-12T15:43:10","date_gmt":"2022-10-12T13:43:10","guid":{"rendered":"http:\/\/dev.claret.cat\/producte\/los-territorios-de-la-ciencia-y-la-religion\/"},"modified":"2026-04-01T16:38:16","modified_gmt":"2026-04-01T14:38:16","slug":"los-territorios-de-la-ciencia-y-la-religion-9788429329025","status":"publish","type":"product","link":"https:\/\/www.claret.cat\/es\/libro\/los-territorios-de-la-ciencia-y-la-religion-9788429329025\/","title":{"rendered":"LOS TERRITORIOS DE LA CIENCIA Y LA RELIGI\u00d3N"},"content":{"rendered":"<p>Cuando se nos presenta el dilema entre religi\u00f3n y ciencia, da la sensaci\u00f3n de tratarse de un enfrentamiento inevitable desde el principio de los tiempos. Sin embargo, el dilema es relativamente reciente -apenas se origin\u00f3 hace tres siglos- Y tambi\u00e9n aparente, puesto que la disputa de estas dos categor\u00edas que usamos restringen nuestro entendimiento de c\u00f3mo el estudio formal de la naturaleza se relaciona con la actitud religosa ante la existencia.<\/p>\n","protected":false},"excerpt":{"rendered":"<p>HARRISON, PETER<\/p>\n","protected":false},"featured_media":340761,"template":"","meta":{"_acf_changed":false,"om_disable_all_campaigns":false,"rs_blank_template":"","rs_page_bg_color":"","slide_template_v7":"","inline_featured_image":false,"_monsterinsights_skip_tracking":false,"_monsterinsights_sitenote_active":false,"_monsterinsights_sitenote_note":"","_monsterinsights_sitenote_category":0},"product_brand":[],"product_cat":[90,540],"product_tag":[],"class_list":{"0":"post-118198","1":"product","2":"type-product","3":"status-publish","4":"has-post-thumbnail","6":"product_cat-altres","7":"product_cat-otros","9":"first","10":"instock","11":"taxable","12":"shipping-taxable","13":"purchasable","14":"product-type-simple"},"acf":{"editorial":[{"ID":6351,"post_author":"3","post_date":"2022-07-28 17:50:19","post_date_gmt":"2022-07-28 15:50:19","post_content":"","post_title":"Sal Terrae","post_excerpt":"","post_status":"publish","comment_status":"closed","ping_status":"closed","post_password":"","post_name":"sal-terrae","to_ping":"","pinged":"","post_modified":"2022-07-28 17:50:19","post_modified_gmt":"2022-07-28 15:50:19","post_content_filtered":"","post_parent":0,"guid":"http:\/\/dev.claret.cat\/editorial\/sal-terrae\/","menu_order":0,"post_type":"editorial","post_mime_type":"","comment_count":"0","filter":"raw"}],"autor":"HARRISON, PETER","codart":"842932902","libros-coleccion":"Ciencia y religi\u00f3n","ediciones":"1","encuadernacion":"R\u00fastica","fecha_de_publicacion":"21\/01\/2020","novedad":"1","paginas":"336","subtitulo":"","orden":"0","portada":"0","idioma":"spa","autores-libros":[{"ID":167104,"post_author":"3","post_date":"2022-10-14 18:08:34","post_date_gmt":"2022-10-14 16:08:34","post_content":"","post_title":"PETER HARRISON","post_excerpt":"","post_status":"publish","comment_status":"closed","ping_status":"closed","post_password":"","post_name":"peter-harrison","to_ping":"","pinged":"","post_modified":"2022-10-14 18:08:34","post_modified_gmt":"2022-10-14 16:08:34","post_content_filtered":"","post_parent":0,"guid":"http:\/\/dev.claret.cat\/autor\/peter-harrison\/","menu_order":0,"post_type":"autor","post_mime_type":"","comment_count":"0","filter":"raw"}],"booktrailer":"","resenas":""},"aioseo_notices":[],"_links":{"self":[{"href":"https:\/\/www.claret.cat\/es\/wp-json\/wp\/v2\/product\/118198","targetHints":{"allow":["GET"]}}],"collection":[{"href":"https:\/\/www.claret.cat\/es\/wp-json\/wp\/v2\/product"}],"about":[{"href":"https:\/\/www.claret.cat\/es\/wp-json\/wp\/v2\/types\/product"}],"wp:featuredmedia":[{"embeddable":true,"href":"https:\/\/www.claret.cat\/es\/wp-json\/wp\/v2\/media\/340761"}],"wp:attachment":[{"href":"https:\/\/www.claret.cat\/es\/wp-json\/wp\/v2\/media?parent=118198"}],"wp:term":[{"taxonomy":"product_brand","embeddable":true,"href":"https:\/\/www.claret.cat\/es\/wp-json\/wp\/v2\/product_brand?post=118198"},{"taxonomy":"product_cat","embeddable":true,"href":"https:\/\/www.claret.cat\/es\/wp-json\/wp\/v2\/product_cat?post=118198"},{"taxonomy":"product_tag","embeddable":true,"href":"https:\/\/www.claret.cat\/es\/wp-json\/wp\/v2\/product_tag?post=118198"}],"curies":[{"name":"wp","href":"https:\/\/api.w.org\/{rel}","templated":true}]}}