{"id":118201,"date":"2022-10-12T15:43:13","date_gmt":"2022-10-12T13:43:13","guid":{"rendered":"http:\/\/dev.claret.cat\/producte\/ovimamis-y-papaguarais\/"},"modified":"2024-05-02T12:28:08","modified_gmt":"2024-05-02T10:28:08","slug":"ovimamis-y-papaguarais-9788427144316","status":"publish","type":"product","link":"https:\/\/www.claret.cat\/es\/libro\/ovimamis-y-papaguarais-9788427144316\/","title":{"rendered":"OVIMAMIS Y PAPAGUAR\u00c1IS"},"content":{"rendered":"<p>Si eres de los que piensan que jam\u00e1s comer\u00edas lo que sale del culo de un animal o que nunca te alimentar\u00edas de ra\u00edces es mejor que conozcas a los ovimamis y a los papaguarais, habitantes de dos pueblos vecinos pero separados por un enorme barranco y grandes diferencias&#8230; \u00bfO no tan grandes? Un cuento actual inspirado en la \u00e9pica de las narraciones tradicionales, cargado de valores y enriquecido con unas ilustraciones divertidas y llenas de color.<\/p>\n","protected":false},"excerpt":{"rendered":"<p>IGLESIAS, GRACIA; ROSIQUE, SUSANA<\/p>\n","protected":false},"featured_media":332707,"template":"","meta":{"_acf_changed":false,"om_disable_all_campaigns":false,"rs_blank_template":"","rs_page_bg_color":"","slide_template_v7":"","inline_featured_image":false,"_monsterinsights_skip_tracking":false,"_monsterinsights_sitenote_active":false,"_monsterinsights_sitenote_note":"","_monsterinsights_sitenote_category":0},"product_brand":[],"product_cat":[131,361],"product_tag":[],"class_list":{"0":"post-118201","1":"product","2":"type-product","3":"status-publish","4":"has-post-thumbnail","6":"product_cat-contes-per-infants-0-6-anys","7":"product_cat-cuentos-para-ninos-0-6-anos","9":"first","10":"instock","11":"taxable","12":"shipping-taxable","13":"purchasable","14":"product-type-simple"},"acf":{"editorial":[{"ID":8258,"post_author":"3","post_date":"2022-09-30 09:21:32","post_date_gmt":"2022-09-30 07:21:32","post_content":"","post_title":"MENSAJERO","post_excerpt":"","post_status":"publish","comment_status":"closed","ping_status":"closed","post_password":"","post_name":"mensajero","to_ping":"","pinged":"","post_modified":"2022-09-30 09:21:32","post_modified_gmt":"2022-09-30 07:21:32","post_content_filtered":"","post_parent":0,"guid":"http:\/\/dev.claret.cat\/editorial\/mensajero\/","menu_order":0,"post_type":"editorial","post_mime_type":"","comment_count":"0","filter":"raw"}],"autor":"IGLESIAS, GRACIA; ROSIQUE, SUSANA","codart":"842714431","libros-coleccion":"Lectores sin fronteras. Ilustrados","ediciones":"1","encuadernacion":"Carton\u00e9","fecha_de_publicacion":"21\/01\/2020","novedad":"1","paginas":"44","subtitulo":"","orden":"0","portada":"0","idioma":"spa","autores-libros":[{"ID":157085,"post_author":"3","post_date":"2022-10-14 15:26:00","post_date_gmt":"2022-10-14 13:26:00","post_content":"","post_title":"GRACIA IGLESIAS","post_excerpt":"","post_status":"publish","comment_status":"closed","ping_status":"closed","post_password":"","post_name":"gracia-iglesias","to_ping":"","pinged":"","post_modified":"2022-10-14 15:26:00","post_modified_gmt":"2022-10-14 13:26:00","post_content_filtered":"","post_parent":0,"guid":"http:\/\/dev.claret.cat\/autor\/gracia-iglesias\/","menu_order":0,"post_type":"autor","post_mime_type":"","comment_count":"0","filter":"raw"},{"ID":169963,"post_author":"3","post_date":"2022-10-14 22:31:26","post_date_gmt":"2022-10-14 20:31:26","post_content":"","post_title":"SUSANA ROSIQUE","post_excerpt":"","post_status":"publish","comment_status":"closed","ping_status":"closed","post_password":"","post_name":"susana-rosique","to_ping":"","pinged":"","post_modified":"2022-10-14 22:31:26","post_modified_gmt":"2022-10-14 20:31:26","post_content_filtered":"","post_parent":0,"guid":"http:\/\/dev.claret.cat\/autor\/susana-rosique\/","menu_order":0,"post_type":"autor","post_mime_type":"","comment_count":"0","filter":"raw"}]},"aioseo_notices":[],"_links":{"self":[{"href":"https:\/\/www.claret.cat\/es\/wp-json\/wp\/v2\/product\/118201","targetHints":{"allow":["GET"]}}],"collection":[{"href":"https:\/\/www.claret.cat\/es\/wp-json\/wp\/v2\/product"}],"about":[{"href":"https:\/\/www.claret.cat\/es\/wp-json\/wp\/v2\/types\/product"}],"wp:featuredmedia":[{"embeddable":true,"href":"https:\/\/www.claret.cat\/es\/wp-json\/wp\/v2\/media\/332707"}],"wp:attachment":[{"href":"https:\/\/www.claret.cat\/es\/wp-json\/wp\/v2\/media?parent=118201"}],"wp:term":[{"taxonomy":"product_brand","embeddable":true,"href":"https:\/\/www.claret.cat\/es\/wp-json\/wp\/v2\/product_brand?post=118201"},{"taxonomy":"product_cat","embeddable":true,"href":"https:\/\/www.claret.cat\/es\/wp-json\/wp\/v2\/product_cat?post=118201"},{"taxonomy":"product_tag","embeddable":true,"href":"https:\/\/www.claret.cat\/es\/wp-json\/wp\/v2\/product_tag?post=118201"}],"curies":[{"name":"wp","href":"https:\/\/api.w.org\/{rel}","templated":true}]}}