{"id":118213,"date":"2022-10-12T15:43:24","date_gmt":"2022-10-12T13:43:24","guid":{"rendered":"http:\/\/dev.claret.cat\/producte\/siddhartha\/"},"modified":"2026-03-24T17:25:39","modified_gmt":"2026-03-24T16:25:39","slug":"siddhartha-9788417423131","status":"publish","type":"product","link":"https:\/\/www.claret.cat\/es\/libro\/siddhartha-9788417423131\/","title":{"rendered":"SIDDHARTHA"},"content":{"rendered":"<p>Siddhartha \u00e9s un jove hind\u00fa, fill d&#8217;un braman, que decideix abandonar el poble i la fam\u00edlia a la recerca del seu cam\u00ed vital. Amb el seu amic Govinda, inicien una recerca espiritual que els dur\u00e0 a viure diverses experi\u00e8ncies il\u00b7luminadores, com ara la trobada amb Buda. Siddhartha coneixer\u00e0 les sectes m\u00e9s severes, per\u00f2 tamb\u00e9 els luxes de la ciutat i, de la m\u00e0 de l&#8217;encisadora Kamala, els plaers de l&#8217;amor f\u00edsic. Hermann Hesse, que es va anticipar a la crisi de valors del segle XX, assaja la s\u00edntesi del pensament oriental i occidental en aquesta novel\u00b7la al\u00b7leg\u00f2rica. Siddhartha \u00e9s una petita obra mestra que interpel\u00b7la el lector sobre les grans decisions que configuren la identitat.<\/p>\n","protected":false},"excerpt":{"rendered":"<p>HESSE, HERMANN<\/p>\n","protected":false},"featured_media":118214,"template":"","meta":{"_acf_changed":false,"om_disable_all_campaigns":false,"rs_blank_template":"","rs_page_bg_color":"","slide_template_v7":"","inline_featured_image":false,"_monsterinsights_skip_tracking":false,"_monsterinsights_sitenote_active":false,"_monsterinsights_sitenote_note":"","_monsterinsights_sitenote_category":0},"product_brand":[],"product_cat":[127,357],"product_tag":[],"class_list":{"0":"post-118213","1":"product","2":"type-product","3":"status-publish","4":"has-post-thumbnail","6":"product_cat-novella-contemporania","7":"product_cat-novela-contemporanea","9":"first","10":"instock","11":"taxable","12":"shipping-taxable","13":"purchasable","14":"product-type-simple"},"acf":{"editorial":[{"ID":6281,"post_author":"3","post_date":"2022-07-28 17:48:50","post_date_gmt":"2022-07-28 15:48:50","post_content":"","post_title":"LABUTXACA","post_excerpt":"","post_status":"publish","comment_status":"closed","ping_status":"closed","post_password":"","post_name":"labutxaca","to_ping":"","pinged":"","post_modified":"2022-07-28 17:48:50","post_modified_gmt":"2022-07-28 15:48:50","post_content_filtered":"","post_parent":0,"guid":"http:\/\/dev.claret.cat\/editorial\/labutxaca\/","menu_order":0,"post_type":"editorial","post_mime_type":"","comment_count":"0","filter":"raw"}],"autor":"HESSE, HERMANN","codart":"841742313","libros-coleccion":"LABUTXACA","ediciones":"1","encuadernacion":"R\u00fastica","fecha_de_publicacion":"01\/01\/2020","novedad":"1","paginas":"172","subtitulo":"","orden":"0","portada":"0","idioma":"cat","autores-libros":[{"ID":157544,"post_author":"3","post_date":"2022-10-14 15:29:40","post_date_gmt":"2022-10-14 13:29:40","post_content":"","post_title":"HERMANN HESSE","post_excerpt":"","post_status":"publish","comment_status":"closed","ping_status":"closed","post_password":"","post_name":"hermann-hesse","to_ping":"","pinged":"","post_modified":"2022-10-14 15:29:40","post_modified_gmt":"2022-10-14 13:29:40","post_content_filtered":"","post_parent":0,"guid":"http:\/\/dev.claret.cat\/autor\/hermann-hesse\/","menu_order":0,"post_type":"autor","post_mime_type":"","comment_count":"0","filter":"raw"}],"booktrailer":"","resenas":""},"aioseo_notices":[],"_links":{"self":[{"href":"https:\/\/www.claret.cat\/es\/wp-json\/wp\/v2\/product\/118213","targetHints":{"allow":["GET"]}}],"collection":[{"href":"https:\/\/www.claret.cat\/es\/wp-json\/wp\/v2\/product"}],"about":[{"href":"https:\/\/www.claret.cat\/es\/wp-json\/wp\/v2\/types\/product"}],"wp:featuredmedia":[{"embeddable":true,"href":"https:\/\/www.claret.cat\/es\/wp-json\/wp\/v2\/media\/118214"}],"wp:attachment":[{"href":"https:\/\/www.claret.cat\/es\/wp-json\/wp\/v2\/media?parent=118213"}],"wp:term":[{"taxonomy":"product_brand","embeddable":true,"href":"https:\/\/www.claret.cat\/es\/wp-json\/wp\/v2\/product_brand?post=118213"},{"taxonomy":"product_cat","embeddable":true,"href":"https:\/\/www.claret.cat\/es\/wp-json\/wp\/v2\/product_cat?post=118213"},{"taxonomy":"product_tag","embeddable":true,"href":"https:\/\/www.claret.cat\/es\/wp-json\/wp\/v2\/product_tag?post=118213"}],"curies":[{"name":"wp","href":"https:\/\/api.w.org\/{rel}","templated":true}]}}