{"id":118352,"date":"2022-10-12T15:45:24","date_gmt":"2022-10-12T13:45:24","guid":{"rendered":"http:\/\/dev.claret.cat\/producte\/coliflor\/"},"modified":"2023-01-28T17:28:01","modified_gmt":"2023-01-28T16:28:01","slug":"coliflor-9788448026042","status":"publish","type":"product","link":"https:\/\/www.claret.cat\/es\/libro\/coliflor-9788448026042\/","title":{"rendered":"COLIFLOR"},"content":{"rendered":"<p>La coliflor es la reina indiscutible del mundo vegetal por ser altamente nutritiva y estar disponible durante todo el a\u00f1o. Es amada por muchos y, aun as\u00ed, desconocemos lo vers\u00e1til que puede llegar a ser.<br \/> En Coliflor, Oz Telem realiza un gran homenaje a esta extraordinaria verdura y nos presenta 70 maneras distintas de incorporarla a nuestros men\u00fas diarios. Las caracter\u00edsticas \u00fanicas de la coliflor le permiten reemplazar a muchos otros alimentos.<br \/> Ofrece opciones para todos los gustos, ya sea sirvi\u00e9ndola asada, frita, en pur\u00e9, horneada o al vapor. Desde las alitas de coliflor picantes y las pakora de coliflor fritas, hasta los san\u00edsimos linguini con rag\u00fa de coliflor, cada receta de este libro incluye \u00fatiles consejos y variaciones, as\u00ed como alternativas sin carne o sin gluten.<\/p>\n","protected":false},"excerpt":{"rendered":"<p>OZ TELEM<\/p>\n","protected":false},"featured_media":118353,"template":"","meta":{"_acf_changed":false,"om_disable_all_campaigns":false,"rs_blank_template":"","rs_page_bg_color":"","slide_template_v7":"","inline_featured_image":false,"_monsterinsights_skip_tracking":false,"_monsterinsights_sitenote_active":false,"_monsterinsights_sitenote_note":"","_monsterinsights_sitenote_category":0},"product_brand":[],"product_cat":[103],"product_tag":[],"class_list":{"0":"post-118352","1":"product","2":"type-product","3":"status-publish","4":"has-post-thumbnail","6":"product_cat-cuina","8":"first","9":"instock","10":"taxable","11":"shipping-taxable","12":"purchasable","13":"product-type-simple"},"acf":{"autor":"OZ TELEM","codart":"844802604","libros-coleccion":"COCINA","ediciones":"1","encuadernacion":"Carton\u00e9","fecha_de_publicacion":"01\/01\/2020","novedad":"1","paginas":"236","subtitulo":"","orden":"0","portada":"0","idioma":"spa","editorial":[{"ID":148426,"post_author":"3","post_date":"2022-10-14 11:58:09","post_date_gmt":"2022-10-14 09:58:09","post_content":"","post_title":"LIBROS C\u00daPULA","post_excerpt":"","post_status":"publish","comment_status":"closed","ping_status":"closed","post_password":"","post_name":"libros-cupula","to_ping":"","pinged":"","post_modified":"2022-10-14 11:58:09","post_modified_gmt":"2022-10-14 09:58:09","post_content_filtered":"","post_parent":0,"guid":"http:\/\/dev.claret.cat\/editorial\/libros-cupula\/","menu_order":0,"post_type":"editorial","post_mime_type":"","comment_count":"0","filter":"raw"}],"autores-libros":[{"ID":166364,"post_author":"3","post_date":"2022-10-14 18:02:34","post_date_gmt":"2022-10-14 16:02:34","post_content":"","post_title":"OZ TELEM","post_excerpt":"","post_status":"publish","comment_status":"closed","ping_status":"closed","post_password":"","post_name":"oz-telem","to_ping":"","pinged":"","post_modified":"2022-10-14 18:02:34","post_modified_gmt":"2022-10-14 16:02:34","post_content_filtered":"","post_parent":0,"guid":"http:\/\/dev.claret.cat\/autor\/oz-telem\/","menu_order":0,"post_type":"autor","post_mime_type":"","comment_count":"0","filter":"raw"}]},"aioseo_notices":[],"_links":{"self":[{"href":"https:\/\/www.claret.cat\/es\/wp-json\/wp\/v2\/product\/118352","targetHints":{"allow":["GET"]}}],"collection":[{"href":"https:\/\/www.claret.cat\/es\/wp-json\/wp\/v2\/product"}],"about":[{"href":"https:\/\/www.claret.cat\/es\/wp-json\/wp\/v2\/types\/product"}],"wp:featuredmedia":[{"embeddable":true,"href":"https:\/\/www.claret.cat\/es\/wp-json\/wp\/v2\/media\/118353"}],"wp:attachment":[{"href":"https:\/\/www.claret.cat\/es\/wp-json\/wp\/v2\/media?parent=118352"}],"wp:term":[{"taxonomy":"product_brand","embeddable":true,"href":"https:\/\/www.claret.cat\/es\/wp-json\/wp\/v2\/product_brand?post=118352"},{"taxonomy":"product_cat","embeddable":true,"href":"https:\/\/www.claret.cat\/es\/wp-json\/wp\/v2\/product_cat?post=118352"},{"taxonomy":"product_tag","embeddable":true,"href":"https:\/\/www.claret.cat\/es\/wp-json\/wp\/v2\/product_tag?post=118352"}],"curies":[{"name":"wp","href":"https:\/\/api.w.org\/{rel}","templated":true}]}}