{"id":118367,"date":"2022-10-12T15:45:36","date_gmt":"2022-10-12T13:45:36","guid":{"rendered":"http:\/\/dev.claret.cat\/producte\/blackpink\/"},"modified":"2023-01-28T09:22:03","modified_gmt":"2023-01-28T08:22:03","slug":"blackpink-9788448026745","status":"publish","type":"product","link":"https:\/\/www.claret.cat\/es\/libro\/blackpink-9788448026745\/","title":{"rendered":"BLACKPINK"},"content":{"rendered":"<p>En este libro descubrir\u00e1s la historia y recorrido del grupo Blackpink y profundizar\u00e1s en las vidas de Jisoo, Jennie, Ros\u00e9 y Lisa. Descubre c\u00f3mo se conocieron, cu\u00e1les son sus aficiones, qu\u00e9 piensan de sus fans, apunta sus consejos para la vida y pon a prueba sus tips de belleza y estilo. \u00a1Todo eso y mucho m\u00e1s!<\/p>\n","protected":false},"excerpt":{"rendered":"<p>BUSTER BOOKS<\/p>\n","protected":false},"featured_media":118368,"template":"","meta":{"_acf_changed":false,"om_disable_all_campaigns":false,"rs_blank_template":"","rs_page_bg_color":"","slide_template_v7":"","inline_featured_image":false,"_monsterinsights_skip_tracking":false,"_monsterinsights_sitenote_active":false,"_monsterinsights_sitenote_note":"","_monsterinsights_sitenote_category":0},"product_brand":[],"product_cat":[116,117,111],"product_tag":[],"class_list":{"0":"post-118367","1":"product","2":"type-product","3":"status-publish","4":"has-post-thumbnail","6":"product_cat-influencers","7":"product_cat-juvenil","8":"product_cat-musica","10":"first","11":"instock","12":"taxable","13":"shipping-taxable","14":"purchasable","15":"product-type-simple"},"acf":{"autor":"BUSTER BOOKS","codart":"844802674","libros-coleccion":"Hobbies","ediciones":"1","encuadernacion":"Carton\u00e9","fecha_de_publicacion":"01\/01\/2020","novedad":"1","paginas":"59","subtitulo":"LA GIRL BAND N\u00ba 1 DEL K- POP","orden":"0","portada":"0","idioma":"spa","editorial":[{"ID":148426,"post_author":"3","post_date":"2022-10-14 11:58:09","post_date_gmt":"2022-10-14 09:58:09","post_content":"","post_title":"LIBROS C\u00daPULA","post_excerpt":"","post_status":"publish","comment_status":"closed","ping_status":"closed","post_password":"","post_name":"libros-cupula","to_ping":"","pinged":"","post_modified":"2022-10-14 11:58:09","post_modified_gmt":"2022-10-14 09:58:09","post_content_filtered":"","post_parent":0,"guid":"http:\/\/dev.claret.cat\/editorial\/libros-cupula\/","menu_order":0,"post_type":"editorial","post_mime_type":"","comment_count":"0","filter":"raw"}],"autores-libros":[{"ID":151968,"post_author":"3","post_date":"2022-10-14 14:45:04","post_date_gmt":"2022-10-14 12:45:04","post_content":"","post_title":"BUSTER BOOKS","post_excerpt":"","post_status":"publish","comment_status":"closed","ping_status":"closed","post_password":"","post_name":"buster-books","to_ping":"","pinged":"","post_modified":"2022-10-14 14:45:04","post_modified_gmt":"2022-10-14 12:45:04","post_content_filtered":"","post_parent":0,"guid":"http:\/\/dev.claret.cat\/autor\/buster-books\/","menu_order":0,"post_type":"autor","post_mime_type":"","comment_count":"0","filter":"raw"}]},"aioseo_notices":[],"_links":{"self":[{"href":"https:\/\/www.claret.cat\/es\/wp-json\/wp\/v2\/product\/118367","targetHints":{"allow":["GET"]}}],"collection":[{"href":"https:\/\/www.claret.cat\/es\/wp-json\/wp\/v2\/product"}],"about":[{"href":"https:\/\/www.claret.cat\/es\/wp-json\/wp\/v2\/types\/product"}],"wp:featuredmedia":[{"embeddable":true,"href":"https:\/\/www.claret.cat\/es\/wp-json\/wp\/v2\/media\/118368"}],"wp:attachment":[{"href":"https:\/\/www.claret.cat\/es\/wp-json\/wp\/v2\/media?parent=118367"}],"wp:term":[{"taxonomy":"product_brand","embeddable":true,"href":"https:\/\/www.claret.cat\/es\/wp-json\/wp\/v2\/product_brand?post=118367"},{"taxonomy":"product_cat","embeddable":true,"href":"https:\/\/www.claret.cat\/es\/wp-json\/wp\/v2\/product_cat?post=118367"},{"taxonomy":"product_tag","embeddable":true,"href":"https:\/\/www.claret.cat\/es\/wp-json\/wp\/v2\/product_tag?post=118367"}],"curies":[{"name":"wp","href":"https:\/\/api.w.org\/{rel}","templated":true}]}}