{"id":118373,"date":"2022-10-12T15:45:41","date_gmt":"2022-10-12T13:45:41","guid":{"rendered":"http:\/\/dev.claret.cat\/producte\/arabia-saudi-bahrein-los-eau-kuwait-oman-y-qatar-2\/"},"modified":"2023-01-28T01:09:49","modified_gmt":"2023-01-28T00:09:49","slug":"arabia-saudi-bahrein-los-eau-kuwait-oman-y-qatar-2-9788408215639","status":"publish","type":"product","link":"https:\/\/www.claret.cat\/es\/libro\/arabia-saudi-bahrein-los-eau-kuwait-oman-y-qatar-2-9788408215639\/","title":{"rendered":"ARABIA SAUD\u00cd, BAHR\u00c9IN, LOS EAU, KUWAIT, OM\u00c1N Y QATAR 2"},"content":{"rendered":"<p>El espectacular vac\u00edo del paisaje ar\u00e1bigo aporta un lienzo en blanco sobre el que se proyecta un c\u00famulo de maravillas culturales, religiosas, intelectuales y comerciales. Arabia evoca a la reina de Saba y las caravanas de camellos que portaban incienso desde Dhofar, en Om\u00e1n; los dhows cargados de perlas en Dilmun; las ruinas del imperio de Madain Saleh, en Arabia Saud\u00ed. Hoy caravanas y dhows realizan diferentes actividades, pero el l\u00e9xico de Las mil y una noches que introdujo el vulnerable y ex\u00f3tico mundo de Sherezade en Occidente a\u00fan ayuda a definir la pen\u00ednsula. Ya sea visitando un fuerte, regateando en un zoco o adentr\u00e1ndose en laber\u00ednticos callejones, no se tarda en descubrir la magia eterna de Arabia.<\/p>\n","protected":false},"excerpt":{"rendered":"<p>BREMNER, JADE \/ LEE, JESSICA \/ QUINTERO, JOSEPHINE \/ WALKER, JENNY \/ KEITH, LAU<\/p>\n","protected":false},"featured_media":118374,"template":"","meta":{"_acf_changed":false,"om_disable_all_campaigns":false,"rs_blank_template":"","rs_page_bg_color":"","slide_template_v7":"","inline_featured_image":false,"_monsterinsights_skip_tracking":false,"_monsterinsights_sitenote_active":false,"_monsterinsights_sitenote_note":"","_monsterinsights_sitenote_category":0},"product_brand":[],"product_cat":[107],"product_tag":[],"class_list":{"0":"post-118373","1":"product","2":"type-product","3":"status-publish","4":"has-post-thumbnail","6":"product_cat-guies-de-viatge","8":"first","9":"instock","10":"taxable","11":"shipping-taxable","12":"purchasable","13":"product-type-simple"},"acf":{"editorial":[{"ID":6233,"post_author":"3","post_date":"2022-07-28 17:47:48","post_date_gmt":"2022-07-28 15:47:48","post_content":"","post_title":"EDITORIAL PLANETA","post_excerpt":"","post_status":"publish","comment_status":"closed","ping_status":"closed","post_password":"","post_name":"editorial-planeta","to_ping":"","pinged":"","post_modified":"2022-07-28 17:47:48","post_modified_gmt":"2022-07-28 15:47:48","post_content_filtered":"","post_parent":0,"guid":"http:\/\/dev.claret.cat\/editorial\/editorial-planeta\/","menu_order":0,"post_type":"editorial","post_mime_type":"","comment_count":"0","filter":"raw"}],"autores-libros":[{"ID":159068,"post_author":"3","post_date":"2022-10-14 15:41:50","post_date_gmt":"2022-10-14 13:41:50","post_content":"","post_title":"JESSICA LEE","post_excerpt":"","post_status":"publish","comment_status":"closed","ping_status":"closed","post_password":"","post_name":"jessica-lee","to_ping":"","pinged":"","post_modified":"2022-10-14 15:41:50","post_modified_gmt":"2022-10-14 13:41:50","post_content_filtered":"","post_parent":0,"guid":"http:\/\/dev.claret.cat\/autor\/jessica-lee\/","menu_order":0,"post_type":"autor","post_mime_type":"","comment_count":"0","filter":"raw"},{"ID":160878,"post_author":"3","post_date":"2022-10-14 15:56:36","post_date_gmt":"2022-10-14 13:56:36","post_content":"","post_title":"JOSEPHINE QUINTERO","post_excerpt":"","post_status":"publish","comment_status":"closed","ping_status":"closed","post_password":"","post_name":"josephine-quintero","to_ping":"","pinged":"","post_modified":"2022-10-14 15:56:36","post_modified_gmt":"2022-10-14 13:56:36","post_content_filtered":"","post_parent":0,"guid":"http:\/\/dev.claret.cat\/autor\/josephine-quintero\/","menu_order":0,"post_type":"autor","post_mime_type":"","comment_count":"0","filter":"raw"},{"ID":159006,"post_author":"3","post_date":"2022-10-14 15:41:20","post_date_gmt":"2022-10-14 13:41:20","post_content":"","post_title":"JENNY WALKER","post_excerpt":"","post_status":"publish","comment_status":"closed","ping_status":"closed","post_password":"","post_name":"jenny-walker","to_ping":"","pinged":"","post_modified":"2022-10-14 15:41:20","post_modified_gmt":"2022-10-14 13:41:20","post_content_filtered":"","post_parent":0,"guid":"http:\/\/dev.claret.cat\/autor\/jenny-walker\/","menu_order":0,"post_type":"autor","post_mime_type":"","comment_count":"0","filter":"raw"},{"ID":158338,"post_author":"3","post_date":"2022-10-14 15:36:03","post_date_gmt":"2022-10-14 13:36:03","post_content":"","post_title":"JADE BREMNER","post_excerpt":"","post_status":"publish","comment_status":"closed","ping_status":"closed","post_password":"","post_name":"jade-bremner","to_ping":"","pinged":"","post_modified":"2022-10-14 15:36:03","post_modified_gmt":"2022-10-14 13:36:03","post_content_filtered":"","post_parent":0,"guid":"http:\/\/dev.claret.cat\/autor\/jade-bremner\/","menu_order":0,"post_type":"autor","post_mime_type":"","comment_count":"0","filter":"raw"},{"ID":161901,"post_author":"3","post_date":"2022-10-14 17:26:46","post_date_gmt":"2022-10-14 15:26:46","post_content":"","post_title":"LAU KEITH","post_excerpt":"","post_status":"publish","comment_status":"closed","ping_status":"closed","post_password":"","post_name":"lau-keith","to_ping":"","pinged":"","post_modified":"2022-10-14 17:26:46","post_modified_gmt":"2022-10-14 15:26:46","post_content_filtered":"","post_parent":0,"guid":"http:\/\/dev.claret.cat\/autor\/lau-keith\/","menu_order":0,"post_type":"autor","post_mime_type":"","comment_count":"0","filter":"raw"}],"autor":"BREMNER, JADE \/ LEE, JESSICA \/ QUINTERO, JOSEPHINE \/ WALKER, JENNY \/ KEITH, LAU","codart":"840821563","libros-coleccion":"Lonely Planet","ediciones":"1","encuadernacion":"R\u00fastica","fecha_de_publicacion":"01\/01\/2020","novedad":"1","paginas":"507","subtitulo":"","orden":"0","portada":"0","idioma":"spa"},"aioseo_notices":[],"_links":{"self":[{"href":"https:\/\/www.claret.cat\/es\/wp-json\/wp\/v2\/product\/118373","targetHints":{"allow":["GET"]}}],"collection":[{"href":"https:\/\/www.claret.cat\/es\/wp-json\/wp\/v2\/product"}],"about":[{"href":"https:\/\/www.claret.cat\/es\/wp-json\/wp\/v2\/types\/product"}],"wp:featuredmedia":[{"embeddable":true,"href":"https:\/\/www.claret.cat\/es\/wp-json\/wp\/v2\/media\/118374"}],"wp:attachment":[{"href":"https:\/\/www.claret.cat\/es\/wp-json\/wp\/v2\/media?parent=118373"}],"wp:term":[{"taxonomy":"product_brand","embeddable":true,"href":"https:\/\/www.claret.cat\/es\/wp-json\/wp\/v2\/product_brand?post=118373"},{"taxonomy":"product_cat","embeddable":true,"href":"https:\/\/www.claret.cat\/es\/wp-json\/wp\/v2\/product_cat?post=118373"},{"taxonomy":"product_tag","embeddable":true,"href":"https:\/\/www.claret.cat\/es\/wp-json\/wp\/v2\/product_tag?post=118373"}],"curies":[{"name":"wp","href":"https:\/\/api.w.org\/{rel}","templated":true}]}}