{"id":118424,"date":"2022-10-12T15:46:22","date_gmt":"2022-10-12T13:46:22","guid":{"rendered":"http:\/\/dev.claret.cat\/producte\/fahrenheit-451-2\/"},"modified":"2023-01-28T17:36:09","modified_gmt":"2023-01-28T16:36:09","slug":"fahrenheit-451-9788445006771","status":"publish","type":"product","link":"https:\/\/www.claret.cat\/es\/libro\/fahrenheit-451-9788445006771\/","title":{"rendered":"FAHRENHEIT 451"},"content":{"rendered":"<p>Fahrenheit 451: la temperatura a la que el papel se enciende y arde.<\/p>\n<p>Guy Montag es un bombero y el trabajo de un bombero es quemar libros, que est\u00e1n prohibidos porque son causa de discordia y sufrimiento.<\/p>\n<p>El Sabueso Mec\u00e1nico del Departamento de Incendios, armado con una letal inyecci\u00f3n hipod\u00e9rmica, escoltado por helic\u00f3pteros, est\u00e1 preparado para rastrear a los disidentes que a\u00fan conservan y leen libros.<br \/>Como\u00a01984, de George Orwell, como\u00a0Un mundo feliz, de Aldous Huxley,\u00a0Fahrenheit 451 describe una civilizaci\u00f3n occidental esclavizada por los medios, los tranquilizantes y el conformismo.<\/p>\n<p>La visi\u00f3n de Bradbury es asombrosamente prof\u00e9tica: pantallas de televisi\u00f3n que ocupan paredes y exhiben folletines interactivos; avenidas donde los coches corren a 150 kil\u00f3metros por hora persiguiendo a peatones; una poblaci\u00f3n que no escucha otra cosa que una ins\u00edpida corriente de m\u00fasica y noticias transmitidas por unos diminutos auriculares insertados en las orejas.<\/p>\n<p>\u00abFahrenheit 451\u00a0es el m\u00e1s convincente de todos los infiernos conformistas.\u00bb KINGSLEY AMIS<\/p>\n","protected":false},"excerpt":{"rendered":"<p>BRADBURY, RAY<\/p>\n","protected":false},"featured_media":118425,"template":"","meta":{"_acf_changed":false,"om_disable_all_campaigns":false,"rs_blank_template":"","rs_page_bg_color":"","slide_template_v7":"","inline_featured_image":false,"_monsterinsights_skip_tracking":false,"_monsterinsights_sitenote_active":false,"_monsterinsights_sitenote_note":"","_monsterinsights_sitenote_category":0},"product_brand":[],"product_cat":[127],"product_tag":[],"class_list":{"0":"post-118424","1":"product","2":"type-product","3":"status-publish","4":"has-post-thumbnail","6":"product_cat-novella-contemporania","8":"first","9":"instock","10":"taxable","11":"shipping-taxable","12":"purchasable","13":"product-type-simple"},"acf":{"editorial":[{"ID":6308,"post_author":"3","post_date":"2022-07-28 17:49:24","post_date_gmt":"2022-07-28 15:49:24","post_content":"","post_title":"Minotauro","post_excerpt":"","post_status":"publish","comment_status":"closed","ping_status":"closed","post_password":"","post_name":"minotauro","to_ping":"","pinged":"","post_modified":"2022-07-28 17:49:24","post_modified_gmt":"2022-07-28 15:49:24","post_content_filtered":"","post_parent":0,"guid":"http:\/\/dev.claret.cat\/editorial\/minotauro\/","menu_order":0,"post_type":"editorial","post_mime_type":"","comment_count":"0","filter":"raw"}],"autor":"BRADBURY, RAY","codart":"844500677","libros-coleccion":"Minotauro Esenciales","ediciones":"1","encuadernacion":"R\u00fastica","fecha_de_publicacion":"01\/01\/2020","novedad":"1","paginas":"265","subtitulo":"","orden":"0","portada":"0","idioma":"spa","autores-libros":[{"ID":167870,"post_author":"3","post_date":"2022-10-14 18:14:40","post_date_gmt":"2022-10-14 16:14:40","post_content":"","post_title":"RAY BRADBURY","post_excerpt":"","post_status":"publish","comment_status":"closed","ping_status":"closed","post_password":"","post_name":"ray-bradbury","to_ping":"","pinged":"","post_modified":"2022-10-14 18:14:40","post_modified_gmt":"2022-10-14 16:14:40","post_content_filtered":"","post_parent":0,"guid":"http:\/\/dev.claret.cat\/autor\/ray-bradbury\/","menu_order":0,"post_type":"autor","post_mime_type":"","comment_count":"0","filter":"raw"}]},"aioseo_notices":[],"_links":{"self":[{"href":"https:\/\/www.claret.cat\/es\/wp-json\/wp\/v2\/product\/118424","targetHints":{"allow":["GET"]}}],"collection":[{"href":"https:\/\/www.claret.cat\/es\/wp-json\/wp\/v2\/product"}],"about":[{"href":"https:\/\/www.claret.cat\/es\/wp-json\/wp\/v2\/types\/product"}],"wp:featuredmedia":[{"embeddable":true,"href":"https:\/\/www.claret.cat\/es\/wp-json\/wp\/v2\/media\/118425"}],"wp:attachment":[{"href":"https:\/\/www.claret.cat\/es\/wp-json\/wp\/v2\/media?parent=118424"}],"wp:term":[{"taxonomy":"product_brand","embeddable":true,"href":"https:\/\/www.claret.cat\/es\/wp-json\/wp\/v2\/product_brand?post=118424"},{"taxonomy":"product_cat","embeddable":true,"href":"https:\/\/www.claret.cat\/es\/wp-json\/wp\/v2\/product_cat?post=118424"},{"taxonomy":"product_tag","embeddable":true,"href":"https:\/\/www.claret.cat\/es\/wp-json\/wp\/v2\/product_tag?post=118424"}],"curies":[{"name":"wp","href":"https:\/\/api.w.org\/{rel}","templated":true}]}}