{"id":118439,"date":"2022-10-12T15:46:33","date_gmt":"2022-10-12T13:46:33","guid":{"rendered":"http:\/\/dev.claret.cat\/producte\/la-vida-fantastica-lecciones-de-vida-de-un-nino-con-suenos\/"},"modified":"2023-01-28T21:19:11","modified_gmt":"2023-01-28T20:19:11","slug":"la-vida-fantastica-lecciones-de-vida-de-un-nino-con-suenos-9788408221944","status":"publish","type":"product","link":"https:\/\/www.claret.cat\/es\/libro\/la-vida-fantastica-lecciones-de-vida-de-un-nino-con-suenos-9788408221944\/","title":{"rendered":"LA VIDA FANT\u00c1STICA. LECCIONES DE VIDA DE UN NI\u00d1O CON SUE\u00d1OS"},"content":{"rendered":"<p>\u00abMi enfermedad me ha hecho vivir etapas dificiles y he tenido que pasar por muchos momentos tristes. Pero todos estos instantes me han ensenado a valorar las cosas de verdad: estar con las personas que me quieren y luchan para hacerme feliz, disfrutar de cada instante, avanzar y no rendirme nunca. Si en tu vida mantienes la esperanza, disfrutaras de una vida fantastica.\u00bb<\/p>\n","protected":false},"excerpt":{"rendered":"<p>DIDAC BAUTISTA<\/p>\n","protected":false},"featured_media":118440,"template":"","meta":{"_acf_changed":false,"om_disable_all_campaigns":false,"rs_blank_template":"","rs_page_bg_color":"","slide_template_v7":"","inline_featured_image":false,"_monsterinsights_skip_tracking":false,"_monsterinsights_sitenote_active":false,"_monsterinsights_sitenote_note":"","_monsterinsights_sitenote_category":0},"product_brand":[],"product_cat":[131],"product_tag":[],"class_list":{"0":"post-118439","1":"product","2":"type-product","3":"status-publish","4":"has-post-thumbnail","6":"product_cat-contes-per-infants-0-6-anys","8":"first","9":"instock","10":"taxable","11":"shipping-taxable","12":"purchasable","13":"product-type-simple"},"acf":{"editorial":[{"ID":6233,"post_author":"3","post_date":"2022-07-28 17:47:48","post_date_gmt":"2022-07-28 15:47:48","post_content":"","post_title":"EDITORIAL PLANETA","post_excerpt":"","post_status":"publish","comment_status":"closed","ping_status":"closed","post_password":"","post_name":"editorial-planeta","to_ping":"","pinged":"","post_modified":"2022-07-28 17:47:48","post_modified_gmt":"2022-07-28 15:47:48","post_content_filtered":"","post_parent":0,"guid":"http:\/\/dev.claret.cat\/editorial\/editorial-planeta\/","menu_order":0,"post_type":"editorial","post_mime_type":"","comment_count":"0","filter":"raw"}],"autores-libros":[{"ID":154144,"post_author":"3","post_date":"2022-10-14 15:02:27","post_date_gmt":"2022-10-14 13:02:27","post_content":"","post_title":"DIDAC BAUTISTA","post_excerpt":"","post_status":"publish","comment_status":"closed","ping_status":"closed","post_password":"","post_name":"didac-bautista","to_ping":"","pinged":"","post_modified":"2022-10-14 15:02:27","post_modified_gmt":"2022-10-14 13:02:27","post_content_filtered":"","post_parent":0,"guid":"http:\/\/dev.claret.cat\/autor\/didac-bautista\/","menu_order":0,"post_type":"autor","post_mime_type":"","comment_count":"0","filter":"raw"}],"autor":"DIDAC BAUTISTA","codart":"840822194","libros-coleccion":"Destino. Fuera de colecci\u00f3n","ediciones":"1","encuadernacion":"Carton\u00e9","fecha_de_publicacion":"01\/01\/2020","novedad":"1","paginas":"58","subtitulo":"ILUSTRACIONES DE CARME SOL\u00c9 VENDRELL","orden":"0","portada":"0","idioma":"spa"},"aioseo_notices":[],"_links":{"self":[{"href":"https:\/\/www.claret.cat\/es\/wp-json\/wp\/v2\/product\/118439","targetHints":{"allow":["GET"]}}],"collection":[{"href":"https:\/\/www.claret.cat\/es\/wp-json\/wp\/v2\/product"}],"about":[{"href":"https:\/\/www.claret.cat\/es\/wp-json\/wp\/v2\/types\/product"}],"wp:featuredmedia":[{"embeddable":true,"href":"https:\/\/www.claret.cat\/es\/wp-json\/wp\/v2\/media\/118440"}],"wp:attachment":[{"href":"https:\/\/www.claret.cat\/es\/wp-json\/wp\/v2\/media?parent=118439"}],"wp:term":[{"taxonomy":"product_brand","embeddable":true,"href":"https:\/\/www.claret.cat\/es\/wp-json\/wp\/v2\/product_brand?post=118439"},{"taxonomy":"product_cat","embeddable":true,"href":"https:\/\/www.claret.cat\/es\/wp-json\/wp\/v2\/product_cat?post=118439"},{"taxonomy":"product_tag","embeddable":true,"href":"https:\/\/www.claret.cat\/es\/wp-json\/wp\/v2\/product_tag?post=118439"}],"curies":[{"name":"wp","href":"https:\/\/api.w.org\/{rel}","templated":true}]}}