{"id":118481,"date":"2022-10-12T15:47:09","date_gmt":"2022-10-12T13:47:09","guid":{"rendered":"http:\/\/dev.claret.cat\/producte\/aprender-a-participar-desde-la-escuela\/"},"modified":"2023-01-28T11:22:16","modified_gmt":"2023-01-28T10:22:16","slug":"aprender-a-participar-desde-la-escuela-9788427726734","status":"publish","type":"product","link":"https:\/\/www.claret.cat\/es\/libro\/aprender-a-participar-desde-la-escuela-9788427726734\/","title":{"rendered":"APRENDER A PARTICIPAR DESDE LA ESCUELA"},"content":{"rendered":"<p>La participaci\u00f3n social es una clave esencial para poder transformar el mundo a la medida de las necesidades de la humanidad. Sin ella, el futuro ser\u00e1 m\u00e1s infeliz y oscuro para la inmensa mayor\u00eda de personas. Pero la participaci\u00f3n, para ser constructiva, requiere de valores, actitudes, conocimientos, habilidades y competencias que la hagan posible. Y la escuela, la comunidad educativa y su entorno comunitario, son espacios id\u00f3neos para iniciar los aprendizajes necesarios que continuar\u00e1n a lo largo de toda la vida. Este libro se ocupa de la Educaci\u00f3n para la Participaci\u00f3n desde la Escuela y su entorno. Su primera parte se ocupa de las razones y los fundamentos de la participaci\u00f3n social. La segunda describe algunas experiencias inspiradoras. La tercera propone un conjunto de pistas pr\u00e1cticas y algunas t\u00e9cnicas, para iniciar actividades y proyectos que promuevan y eduquen para la participaci\u00f3n desde la escuela. El libro se dirige a toda la comunidad educativa, al profesorado, a las madres y padres, al alumnado, y a su entorno socio-comunitario. Porque la tarea de educar en y para la participaci\u00f3n es colectiva y colaborativa, implica a todos los actores y actrices, a toda la comunidad, a toda la tribu.<\/p>\n","protected":false},"excerpt":{"rendered":"<p>RIVA, FERNANDO DE LA \/ MORENO, ANTONIO<\/p>\n","protected":false},"featured_media":118482,"template":"","meta":{"_acf_changed":false,"om_disable_all_campaigns":false,"rs_blank_template":"","rs_page_bg_color":"","slide_template_v7":"","inline_featured_image":false,"_monsterinsights_skip_tracking":false,"_monsterinsights_sitenote_active":false,"_monsterinsights_sitenote_note":"","_monsterinsights_sitenote_category":0},"product_brand":[],"product_cat":[189],"product_tag":[],"class_list":{"0":"post-118481","1":"product","2":"type-product","3":"status-publish","4":"has-post-thumbnail","6":"product_cat-didactica-i-praxi-escolar","8":"first","9":"instock","10":"taxable","11":"shipping-taxable","12":"purchasable","13":"product-type-simple"},"acf":{"editorial":[{"ID":6312,"post_author":"3","post_date":"2022-07-28 17:49:29","post_date_gmt":"2022-07-28 15:49:29","post_content":"","post_title":"NARCEA DE EDICIONES","post_excerpt":"","post_status":"publish","comment_status":"closed","ping_status":"closed","post_password":"","post_name":"narcea-de-ediciones","to_ping":"","pinged":"","post_modified":"2022-07-28 17:49:29","post_modified_gmt":"2022-07-28 15:49:29","post_content_filtered":"","post_parent":0,"guid":"http:\/\/dev.claret.cat\/editorial\/narcea-de-ediciones\/","menu_order":0,"post_type":"editorial","post_mime_type":"","comment_count":"0","filter":"raw"}],"autor":"RIVA, FERNANDO DE LA \/ MORENO, ANTONIO","codart":"842772673","libros-coleccion":"Educaci\u00f3n hoy","ediciones":"1","encuadernacion":"R\u00fastica","fecha_de_publicacion":"01\/11\/2019","novedad":"1","paginas":"128","subtitulo":"","orden":"0","portada":"0","idioma":"spa","autores-libros":[{"ID":155810,"post_author":"3","post_date":"2022-10-14 15:15:48","post_date_gmt":"2022-10-14 13:15:48","post_content":"","post_title":"FERNANDO DE LA RIVA","post_excerpt":"","post_status":"publish","comment_status":"closed","ping_status":"closed","post_password":"","post_name":"fernando-de-la-riva","to_ping":"","pinged":"","post_modified":"2022-10-14 15:15:48","post_modified_gmt":"2022-10-14 13:15:48","post_content_filtered":"","post_parent":0,"guid":"http:\/\/dev.claret.cat\/autor\/fernando-de-la-riva\/","menu_order":0,"post_type":"autor","post_mime_type":"","comment_count":"0","filter":"raw"},{"ID":150972,"post_author":"3","post_date":"2022-10-14 14:37:12","post_date_gmt":"2022-10-14 12:37:12","post_content":"","post_title":"ANTONIO MORENO","post_excerpt":"","post_status":"publish","comment_status":"closed","ping_status":"closed","post_password":"","post_name":"antonio-moreno","to_ping":"","pinged":"","post_modified":"2022-10-14 14:37:12","post_modified_gmt":"2022-10-14 12:37:12","post_content_filtered":"","post_parent":0,"guid":"http:\/\/dev.claret.cat\/autor\/antonio-moreno\/","menu_order":0,"post_type":"autor","post_mime_type":"","comment_count":"0","filter":"raw"}]},"aioseo_notices":[],"_links":{"self":[{"href":"https:\/\/www.claret.cat\/es\/wp-json\/wp\/v2\/product\/118481","targetHints":{"allow":["GET"]}}],"collection":[{"href":"https:\/\/www.claret.cat\/es\/wp-json\/wp\/v2\/product"}],"about":[{"href":"https:\/\/www.claret.cat\/es\/wp-json\/wp\/v2\/types\/product"}],"wp:featuredmedia":[{"embeddable":true,"href":"https:\/\/www.claret.cat\/es\/wp-json\/wp\/v2\/media\/118482"}],"wp:attachment":[{"href":"https:\/\/www.claret.cat\/es\/wp-json\/wp\/v2\/media?parent=118481"}],"wp:term":[{"taxonomy":"product_brand","embeddable":true,"href":"https:\/\/www.claret.cat\/es\/wp-json\/wp\/v2\/product_brand?post=118481"},{"taxonomy":"product_cat","embeddable":true,"href":"https:\/\/www.claret.cat\/es\/wp-json\/wp\/v2\/product_cat?post=118481"},{"taxonomy":"product_tag","embeddable":true,"href":"https:\/\/www.claret.cat\/es\/wp-json\/wp\/v2\/product_tag?post=118481"}],"curies":[{"name":"wp","href":"https:\/\/api.w.org\/{rel}","templated":true}]}}