{"id":11849,"date":"2022-10-01T00:39:26","date_gmt":"2022-09-30T22:39:26","guid":{"rendered":"http:\/\/dev.claret.cat\/producte\/ha-enterrado-la-ciencia-a-dios\/"},"modified":"2023-01-28T03:34:13","modified_gmt":"2023-01-28T02:34:13","slug":"ha-enterrado-la-ciencia-a-dios-9788415189213","status":"publish","type":"product","link":"https:\/\/www.claret.cat\/es\/libro\/ha-enterrado-la-ciencia-a-dios-9788415189213\/","title":{"rendered":"\u00bfHA ENTERRADO LA CIENCIA A DIOS?"},"content":{"rendered":"<p>El presente libro es la versi\u00f3n ampliada de una serie de conferencias impartidas durante un curso titulado \u201cFe, raz\u00f3n y ciencia\u201d, organizado por el Departamento de Educaci\u00f3n de la Universidad de Oxford en diciembre del 2000. En \u00e9l se valora la evidencia que aporta la ciencia moderna en relaci\u00f3n al debate entre las interpretaciones atea y te\u00edsta del universo.<\/p>\n","protected":false},"excerpt":{"rendered":"<p>LENNOX, JOHN C.<\/p>\n","protected":false},"featured_media":75764,"template":"","meta":{"_acf_changed":false,"om_disable_all_campaigns":false,"rs_blank_template":"","rs_page_bg_color":"","slide_template_v7":"","inline_featured_image":false,"_monsterinsights_skip_tracking":false,"_monsterinsights_sitenote_active":false,"_monsterinsights_sitenote_note":"","_monsterinsights_sitenote_category":0},"product_brand":[],"product_cat":[76],"product_tag":[],"class_list":{"0":"post-11849","1":"product","2":"type-product","3":"status-publish","4":"has-post-thumbnail","6":"product_cat-teologia","8":"first","9":"instock","10":"taxable","11":"shipping-taxable","12":"purchasable","13":"product-type-simple"},"acf":{"autor":"LENNOX, JOHN C.","codart":"841518921","libros-coleccion":"","ediciones":"1","encuadernacion":"R\u00fastica","fecha_de_publicacion":"08\/03\/2016","novedad":"0","paginas":"141","subtitulo":"","orden":"999","portada":"0","idioma":"spa","editorial":[{"ID":6121,"post_author":"3","post_date":"2022-07-28 17:45:20","post_date_gmt":"2022-07-28 15:45:20","post_content":"","post_title":"ANDAMIO, PUBLICACIONES","post_excerpt":"","post_status":"publish","comment_status":"closed","ping_status":"closed","post_password":"","post_name":"andamio-publicaciones","to_ping":"","pinged":"","post_modified":"2022-07-28 17:45:20","post_modified_gmt":"2022-07-28 15:45:20","post_content_filtered":"","post_parent":0,"guid":"http:\/\/dev.claret.cat\/editorial\/andamio-publicaciones\/","menu_order":0,"post_type":"editorial","post_mime_type":"","comment_count":"0","filter":"raw"}],"autores-libros":[{"ID":159621,"post_author":"3","post_date":"2022-10-14 15:46:21","post_date_gmt":"2022-10-14 13:46:21","post_content":"","post_title":"JOHN C. LENNOX","post_excerpt":"","post_status":"publish","comment_status":"closed","ping_status":"closed","post_password":"","post_name":"john-c-lennox","to_ping":"","pinged":"","post_modified":"2022-10-14 15:46:21","post_modified_gmt":"2022-10-14 13:46:21","post_content_filtered":"","post_parent":0,"guid":"http:\/\/dev.claret.cat\/autor\/john-c-lennox\/","menu_order":0,"post_type":"autor","post_mime_type":"","comment_count":"0","filter":"raw"}]},"aioseo_notices":[],"_links":{"self":[{"href":"https:\/\/www.claret.cat\/es\/wp-json\/wp\/v2\/product\/11849","targetHints":{"allow":["GET"]}}],"collection":[{"href":"https:\/\/www.claret.cat\/es\/wp-json\/wp\/v2\/product"}],"about":[{"href":"https:\/\/www.claret.cat\/es\/wp-json\/wp\/v2\/types\/product"}],"wp:featuredmedia":[{"embeddable":true,"href":"https:\/\/www.claret.cat\/es\/wp-json\/wp\/v2\/media\/75764"}],"wp:attachment":[{"href":"https:\/\/www.claret.cat\/es\/wp-json\/wp\/v2\/media?parent=11849"}],"wp:term":[{"taxonomy":"product_brand","embeddable":true,"href":"https:\/\/www.claret.cat\/es\/wp-json\/wp\/v2\/product_brand?post=11849"},{"taxonomy":"product_cat","embeddable":true,"href":"https:\/\/www.claret.cat\/es\/wp-json\/wp\/v2\/product_cat?post=11849"},{"taxonomy":"product_tag","embeddable":true,"href":"https:\/\/www.claret.cat\/es\/wp-json\/wp\/v2\/product_tag?post=11849"}],"curies":[{"name":"wp","href":"https:\/\/api.w.org\/{rel}","templated":true}]}}