{"id":11852,"date":"2022-10-01T00:39:28","date_gmt":"2022-09-30T22:39:28","guid":{"rendered":"http:\/\/dev.claret.cat\/producte\/fundamentos-para-una-etica-biblica\/"},"modified":"2023-01-28T15:46:54","modified_gmt":"2023-01-28T14:46:54","slug":"fundamentos-para-una-etica-biblica-9788415189220","status":"publish","type":"product","link":"https:\/\/www.claret.cat\/es\/libro\/fundamentos-para-una-etica-biblica-9788415189220\/","title":{"rendered":"FUNDAMENTOS PARA UNA \u00c9TICA B\u00cdBLICA"},"content":{"rendered":"<p>En medio de una sociedad que ha fijado su rumbo hacia la libertad individual en t\u00e9rminos absolutos, a cualquier coste, aunque ello conlleve abandonar todo tipo de valores, la Iglesia se levanta como un postrer basti\u00f3n en la defensa de un sistema estructurado de conceptos \u00e9ticos de responsabilidad social.<br \/>El escenario, con todo, no es halag\u00fce\u00f1o. El proceso degenerativo a nivel de los procesos educativos es cada vez mayor. El cristianismo no goza de buena prensa en el \u00e1mbito hist\u00f3rico y los datos emp\u00edricos no nos favorecen. Ello hace que muchos educadores y maestros, a menudo, se muestren desconcertados a la hora de decidir con exactitud qu\u00e9 es lo que deben plantear y defender a nivel \u00e9tico ante sus alumnos. Pero si deseamos el \u00e9xito de nuestra misi\u00f3n, hemos de ser capaces de plantear y proponer al mundo que nos rodea un sistema de valores \u00e9ticos que, sin abandonar su base b\u00edblica, resulten atractivos y cre\u00edbles a la sociedad actual.<\/p>\n","protected":false},"excerpt":{"rendered":"<p>LENNOX, JOHN C.<\/p>\n","protected":false},"featured_media":75762,"template":"","meta":{"_acf_changed":false,"om_disable_all_campaigns":false,"rs_blank_template":"","rs_page_bg_color":"","slide_template_v7":"","inline_featured_image":false,"_monsterinsights_skip_tracking":false,"_monsterinsights_sitenote_active":false,"_monsterinsights_sitenote_note":"","_monsterinsights_sitenote_category":0},"product_brand":[],"product_cat":[75],"product_tag":[],"class_list":{"0":"post-11852","1":"product","2":"type-product","3":"status-publish","4":"has-post-thumbnail","6":"product_cat-biblia","8":"first","9":"instock","10":"taxable","11":"shipping-taxable","12":"purchasable","13":"product-type-simple"},"acf":{"autor":"LENNOX, JOHN C.","codart":"841518922","libros-coleccion":"","ediciones":"1","encuadernacion":"R\u00fastica","fecha_de_publicacion":"08\/03\/2016","novedad":"0","paginas":"336","subtitulo":"LA BIBLIA Y LA EDUCACI\u00d3N \u00c9TICA PARA UN MUNDO EN TRANSICI\u00d3N","orden":"999","portada":"0","idioma":"spa","editorial":[{"ID":6121,"post_author":"3","post_date":"2022-07-28 17:45:20","post_date_gmt":"2022-07-28 15:45:20","post_content":"","post_title":"ANDAMIO, PUBLICACIONES","post_excerpt":"","post_status":"publish","comment_status":"closed","ping_status":"closed","post_password":"","post_name":"andamio-publicaciones","to_ping":"","pinged":"","post_modified":"2022-07-28 17:45:20","post_modified_gmt":"2022-07-28 15:45:20","post_content_filtered":"","post_parent":0,"guid":"http:\/\/dev.claret.cat\/editorial\/andamio-publicaciones\/","menu_order":0,"post_type":"editorial","post_mime_type":"","comment_count":"0","filter":"raw"}],"autores-libros":[{"ID":159621,"post_author":"3","post_date":"2022-10-14 15:46:21","post_date_gmt":"2022-10-14 13:46:21","post_content":"","post_title":"JOHN C. LENNOX","post_excerpt":"","post_status":"publish","comment_status":"closed","ping_status":"closed","post_password":"","post_name":"john-c-lennox","to_ping":"","pinged":"","post_modified":"2022-10-14 15:46:21","post_modified_gmt":"2022-10-14 13:46:21","post_content_filtered":"","post_parent":0,"guid":"http:\/\/dev.claret.cat\/autor\/john-c-lennox\/","menu_order":0,"post_type":"autor","post_mime_type":"","comment_count":"0","filter":"raw"}]},"aioseo_notices":[],"_links":{"self":[{"href":"https:\/\/www.claret.cat\/es\/wp-json\/wp\/v2\/product\/11852","targetHints":{"allow":["GET"]}}],"collection":[{"href":"https:\/\/www.claret.cat\/es\/wp-json\/wp\/v2\/product"}],"about":[{"href":"https:\/\/www.claret.cat\/es\/wp-json\/wp\/v2\/types\/product"}],"wp:featuredmedia":[{"embeddable":true,"href":"https:\/\/www.claret.cat\/es\/wp-json\/wp\/v2\/media\/75762"}],"wp:attachment":[{"href":"https:\/\/www.claret.cat\/es\/wp-json\/wp\/v2\/media?parent=11852"}],"wp:term":[{"taxonomy":"product_brand","embeddable":true,"href":"https:\/\/www.claret.cat\/es\/wp-json\/wp\/v2\/product_brand?post=11852"},{"taxonomy":"product_cat","embeddable":true,"href":"https:\/\/www.claret.cat\/es\/wp-json\/wp\/v2\/product_cat?post=11852"},{"taxonomy":"product_tag","embeddable":true,"href":"https:\/\/www.claret.cat\/es\/wp-json\/wp\/v2\/product_tag?post=11852"}],"curies":[{"name":"wp","href":"https:\/\/api.w.org\/{rel}","templated":true}]}}