{"id":118737,"date":"2022-10-12T15:51:04","date_gmt":"2022-10-12T13:51:04","guid":{"rendered":"http:\/\/dev.claret.cat\/producte\/los-cinco-minutos-de-san-juan-de-la-cruz\/"},"modified":"2026-02-09T11:31:45","modified_gmt":"2026-02-09T10:31:45","slug":"los-cinco-minutos-de-san-juan-de-la-cruz-9788479667030","status":"publish","type":"product","link":"https:\/\/www.claret.cat\/es\/libro\/los-cinco-minutos-de-san-juan-de-la-cruz-9788479667030\/","title":{"rendered":"LOS CINCO MINUTOS DE SAN JUAN DE LA CRUZ"},"content":{"rendered":"<p>San Juan de la Cruz, probablemente tan &#8216;escuchante&#8217; como buen respondedor, nos ha dejado una letan\u00eda de aforismos y frases cortas cargadas de doctrina &#8216;sustancial y s\u00f3lida&#8217; y caracterizadas por la brevedad.<br \/>Junto a estas credenciales de escritor, est\u00e1n tambi\u00e9n la &#8216;experiencia y ciencia&#8217; y su otra fuente: la atent\u00edsima &#8216;escucha&#8217; del otro. Prueba del contacto directo con cada ser humano, resumen del di\u00e1logo sostenido, son esas frases escuetas que entregaba a quienes buscaban su acompa\u00f1amiento espiritual.<br \/>Una obra, que se a\u00f1ade a la colecci\u00f3n &#8216;Los cinco minutos&#8217; que nos ayudar\u00e1 como inspiraci\u00f3n para nuestros d\u00edas. Un libro sabroso y \u00fatil que nos aproximar\u00e1 a esa fuente de vida que es Dios.<\/p>\n","protected":false},"excerpt":{"rendered":"<p>BELTR\u00c1N DE HEREDIA, JULIA<\/p>\n","protected":false},"featured_media":1081954,"template":"","meta":{"_acf_changed":false,"om_disable_all_campaigns":false,"rs_blank_template":"","rs_page_bg_color":"","slide_template_v7":"","inline_featured_image":false,"_monsterinsights_skip_tracking":false,"_monsterinsights_sitenote_active":false,"_monsterinsights_sitenote_note":"","_monsterinsights_sitenote_category":0},"product_brand":[],"product_cat":[497,248],"product_tag":[],"class_list":{"0":"post-118737","1":"product","2":"type-product","3":"status-publish","4":"has-post-thumbnail","6":"product_cat-meditaciones","7":"product_cat-meditacions","9":"first","10":"instock","11":"taxable","12":"shipping-taxable","13":"purchasable","14":"product-type-simple"},"acf":{"editorial":[{"ID":6337,"post_author":"3","post_date":"2022-07-28 17:50:01","post_date_gmt":"2022-07-28 15:50:01","post_content":"","post_title":"Publicaciones Claretianas","post_excerpt":"","post_status":"publish","comment_status":"closed","ping_status":"closed","post_password":"","post_name":"publicaciones-claretianas","to_ping":"","pinged":"","post_modified":"2022-07-28 17:50:01","post_modified_gmt":"2022-07-28 15:50:01","post_content_filtered":"","post_parent":0,"guid":"http:\/\/dev.claret.cat\/editorial\/publicaciones-claretianas\/","menu_order":0,"post_type":"editorial","post_mime_type":"","comment_count":"0","filter":"raw"}],"autor":"BELTR\u00c1N DE HEREDIA, JULIA","codart":"847966703","libros-coleccion":"","ediciones":"1","encuadernacion":"R\u00fastica","fecha_de_publicacion":"11\/01\/2020","novedad":"1","paginas":"172","subtitulo":"","orden":"0","portada":"0","idioma":"spa","autores-libros":[{"ID":161245,"post_author":"3","post_date":"2022-10-14 17:16:39","post_date_gmt":"2022-10-14 15:16:39","post_content":"","post_title":"JULIA BELTR\u00c1N DE HEREDIA","post_excerpt":"","post_status":"publish","comment_status":"closed","ping_status":"closed","post_password":"","post_name":"julia-beltran-de-heredia","to_ping":"","pinged":"","post_modified":"2022-10-14 17:16:39","post_modified_gmt":"2022-10-14 15:16:39","post_content_filtered":"","post_parent":0,"guid":"http:\/\/dev.claret.cat\/autor\/julia-beltran-de-heredia\/","menu_order":0,"post_type":"autor","post_mime_type":"","comment_count":"0","filter":"raw"}],"booktrailer":"","resenas":""},"aioseo_notices":[],"_links":{"self":[{"href":"https:\/\/www.claret.cat\/es\/wp-json\/wp\/v2\/product\/118737","targetHints":{"allow":["GET"]}}],"collection":[{"href":"https:\/\/www.claret.cat\/es\/wp-json\/wp\/v2\/product"}],"about":[{"href":"https:\/\/www.claret.cat\/es\/wp-json\/wp\/v2\/types\/product"}],"wp:featuredmedia":[{"embeddable":true,"href":"https:\/\/www.claret.cat\/es\/wp-json\/wp\/v2\/media\/1081954"}],"wp:attachment":[{"href":"https:\/\/www.claret.cat\/es\/wp-json\/wp\/v2\/media?parent=118737"}],"wp:term":[{"taxonomy":"product_brand","embeddable":true,"href":"https:\/\/www.claret.cat\/es\/wp-json\/wp\/v2\/product_brand?post=118737"},{"taxonomy":"product_cat","embeddable":true,"href":"https:\/\/www.claret.cat\/es\/wp-json\/wp\/v2\/product_cat?post=118737"},{"taxonomy":"product_tag","embeddable":true,"href":"https:\/\/www.claret.cat\/es\/wp-json\/wp\/v2\/product_tag?post=118737"}],"curies":[{"name":"wp","href":"https:\/\/api.w.org\/{rel}","templated":true}]}}