{"id":118740,"date":"2022-10-12T15:51:07","date_gmt":"2022-10-12T13:51:07","guid":{"rendered":"http:\/\/dev.claret.cat\/producte\/pedagogia-hospitalaria\/"},"modified":"2023-01-28T10:04:13","modified_gmt":"2023-01-28T09:04:13","slug":"pedagogia-hospitalaria-9788490772577","status":"publish","type":"product","link":"https:\/\/www.claret.cat\/es\/libro\/pedagogia-hospitalaria-9788490772577\/","title":{"rendered":"PEDAGOG\u00cdA HOSPITALARIA"},"content":{"rendered":"<p>En este libro se plantean algunos de los principales problemas a los que se enfrenta el alumnado que se encuentra en estado de vulnerabilidad por razones de salud, analizando el impacto de la enfermedad y de la hospitalizaci\u00f3n sobre su vida personal y familiar. Se abordan las diferentes l\u00edneas de actuaci\u00f3n que, desde la pedagog\u00eda hospitalaria, se plantean para su inclusi\u00f3n escolar, de modo que no pierda la continuidad en su proceso de desarrollo ni en sus aprendizajes, a la vez que se procura atender a las necesidades psicol\u00f3gicas y sociales derivadas de la concreta enfermedad que padece. El libro ofrece una serie de contenidos conceptuales, procedimentales y actitudinales que persiguen servir de gu\u00eda b\u00e1sica para los profesionales de la educaci\u00f3n que trabajan con alumnos enfermos y hospitalizados.<br \/> Est\u00e1 destinado a profesores de aulas hospitalarias y de atenci\u00f3n educativa domiciliaria; a orientadores y profesores de centros educativos; a alumnos o graduados de magisterio, pedagog\u00eda y psicolog\u00eda; y en general, a estudiantes, voluntarios o profesionales de \u00e1reas relacionadas con la educaci\u00f3n o la salud. Esta obra puede ser tambi\u00e9n de inter\u00e9s para padres y familiares de ni\u00f1os o adolescentes con alguna enfermedad grave.<\/p>\n","protected":false},"excerpt":{"rendered":"<p>LILZASO\u00c1IN RUMEU, OLGA<\/p>\n","protected":false},"featured_media":118741,"template":"","meta":{"_acf_changed":false,"om_disable_all_campaigns":false,"rs_blank_template":"","rs_page_bg_color":"","slide_template_v7":"","inline_featured_image":false,"_monsterinsights_skip_tracking":false,"_monsterinsights_sitenote_active":false,"_monsterinsights_sitenote_note":"","_monsterinsights_sitenote_category":0},"product_brand":[],"product_cat":[16],"product_tag":[],"class_list":{"0":"post-118740","1":"product","2":"type-product","3":"status-publish","4":"has-post-thumbnail","6":"product_cat-sense-categoria","8":"first","9":"instock","10":"taxable","11":"shipping-taxable","12":"purchasable","13":"product-type-simple"},"acf":{"editorial":[{"ID":148826,"post_author":"3","post_date":"2022-10-14 12:01:17","post_date_gmt":"2022-10-14 10:01:17","post_content":"","post_title":"Sintesis","post_excerpt":"","post_status":"publish","comment_status":"closed","ping_status":"closed","post_password":"","post_name":"sintesis","to_ping":"","pinged":"","post_modified":"2022-10-14 12:01:17","post_modified_gmt":"2022-10-14 10:01:17","post_content_filtered":"","post_parent":0,"guid":"http:\/\/dev.claret.cat\/editorial\/sintesis\/","menu_order":0,"post_type":"editorial","post_mime_type":"","comment_count":"0","filter":"raw"}],"autor":"LILZASO\u00c1IN RUMEU, OLGA","codart":"849077257","libros-coleccion":"Complementos de Formaci\u00f3n","ediciones":"1","encuadernacion":"R\u00fastica","fecha_de_publicacion":"01\/02\/2016","novedad":"1","paginas":"0","subtitulo":"","orden":"0","portada":"0","idioma":"spa","autores-libros":[{"ID":166151,"post_author":"3","post_date":"2022-10-14 18:00:50","post_date_gmt":"2022-10-14 16:00:50","post_content":"","post_title":"OLGA LILZASO\u00c1IN RUMEU","post_excerpt":"","post_status":"publish","comment_status":"closed","ping_status":"closed","post_password":"","post_name":"olga-lilzasoain-rumeu","to_ping":"","pinged":"","post_modified":"2022-10-14 18:00:50","post_modified_gmt":"2022-10-14 16:00:50","post_content_filtered":"","post_parent":0,"guid":"http:\/\/dev.claret.cat\/autor\/olga-lilzasoain-rumeu\/","menu_order":0,"post_type":"autor","post_mime_type":"","comment_count":"0","filter":"raw"}]},"aioseo_notices":[],"_links":{"self":[{"href":"https:\/\/www.claret.cat\/es\/wp-json\/wp\/v2\/product\/118740","targetHints":{"allow":["GET"]}}],"collection":[{"href":"https:\/\/www.claret.cat\/es\/wp-json\/wp\/v2\/product"}],"about":[{"href":"https:\/\/www.claret.cat\/es\/wp-json\/wp\/v2\/types\/product"}],"wp:featuredmedia":[{"embeddable":true,"href":"https:\/\/www.claret.cat\/es\/wp-json\/wp\/v2\/media\/118741"}],"wp:attachment":[{"href":"https:\/\/www.claret.cat\/es\/wp-json\/wp\/v2\/media?parent=118740"}],"wp:term":[{"taxonomy":"product_brand","embeddable":true,"href":"https:\/\/www.claret.cat\/es\/wp-json\/wp\/v2\/product_brand?post=118740"},{"taxonomy":"product_cat","embeddable":true,"href":"https:\/\/www.claret.cat\/es\/wp-json\/wp\/v2\/product_cat?post=118740"},{"taxonomy":"product_tag","embeddable":true,"href":"https:\/\/www.claret.cat\/es\/wp-json\/wp\/v2\/product_tag?post=118740"}],"curies":[{"name":"wp","href":"https:\/\/api.w.org\/{rel}","templated":true}]}}