{"id":118752,"date":"2022-10-12T15:51:19","date_gmt":"2022-10-12T13:51:19","guid":{"rendered":"http:\/\/dev.claret.cat\/producte\/la-noia-de-la-botiga-24-hores\/"},"modified":"2024-05-29T16:45:59","modified_gmt":"2024-05-29T14:45:59","slug":"la-noia-de-la-botiga-24-hores-9788417423124","status":"publish","type":"product","link":"https:\/\/www.claret.cat\/es\/libro\/la-noia-de-la-botiga-24-hores-9788417423124\/","title":{"rendered":"LA NOIA DE LA BOTIGA 24 HORES"},"content":{"rendered":"<p>La Keiko Furukura sempre va ser considerada una nena estranya, fins que a 18 anys va comen\u00e7ar a treballar a temps parcial en una botiga oberta les 24 hores. Per a la Keiko, la botiga va representar un m\u00f3n ordenat i predictible que li va permetre comportar-se com una persona normal. Mod\u00e8lica, fins i tot. Per\u00f2 quan en t\u00e9 36, encara continua en aquesta feina d&#8221;estudiants i mestresses de casa que necessiten un sobresou, i no ha tingut mai parella ni gaires amics. Ella est\u00e0 contenta amb la seva vida, si b\u00e9 s&#8221;adona que no respon a les expectatives de la societat i que la seva fam\u00edlia s&#8221;amo\u00efna. Quan un jove c\u00ednic i amargat comen\u00e7a a treballar a la botiga, la vida tranquil\u00b7la de la Keiko es veur\u00e0 alterada&#8230; per\u00f2, ser\u00e0 per a b\u00e9?<\/p>\n","protected":false},"excerpt":{"rendered":"<p>MURATA, SAYAKA<\/p>\n","protected":false},"featured_media":118753,"template":"","meta":{"_acf_changed":false,"om_disable_all_campaigns":false,"rs_blank_template":"","rs_page_bg_color":"","slide_template_v7":"","inline_featured_image":false,"_monsterinsights_skip_tracking":false,"_monsterinsights_sitenote_active":false,"_monsterinsights_sitenote_note":"","_monsterinsights_sitenote_category":0},"product_brand":[],"product_cat":[127,357],"product_tag":[],"class_list":{"0":"post-118752","1":"product","2":"type-product","3":"status-publish","4":"has-post-thumbnail","6":"product_cat-novella-contemporania","7":"product_cat-novela-contemporanea","9":"first","10":"instock","11":"taxable","12":"shipping-taxable","13":"purchasable","14":"product-type-simple"},"acf":{"editorial":[{"ID":6281,"post_author":"3","post_date":"2022-07-28 17:48:50","post_date_gmt":"2022-07-28 15:48:50","post_content":"","post_title":"LABUTXACA","post_excerpt":"","post_status":"publish","comment_status":"closed","ping_status":"closed","post_password":"","post_name":"labutxaca","to_ping":"","pinged":"","post_modified":"2022-07-28 17:48:50","post_modified_gmt":"2022-07-28 15:48:50","post_content_filtered":"","post_parent":0,"guid":"http:\/\/dev.claret.cat\/editorial\/labutxaca\/","menu_order":0,"post_type":"editorial","post_mime_type":"","comment_count":"0","filter":"raw"}],"autor":"MURATA, SAYAKA","codart":"841742312","libros-coleccion":"LABUTXACA","ediciones":"1","encuadernacion":"R\u00fastica","fecha_de_publicacion":"01\/01\/2020","novedad":"1","paginas":"155","subtitulo":"","orden":"0","portada":"0","idioma":"cat","autores-libros":[{"ID":169198,"post_author":"3","post_date":"2022-10-14 22:25:17","post_date_gmt":"2022-10-14 20:25:17","post_content":"","post_title":"SAYAKA MURATA","post_excerpt":"","post_status":"publish","comment_status":"closed","ping_status":"closed","post_password":"","post_name":"sayaka-murata","to_ping":"","pinged":"","post_modified":"2022-10-14 22:25:17","post_modified_gmt":"2022-10-14 20:25:17","post_content_filtered":"","post_parent":0,"guid":"http:\/\/dev.claret.cat\/autor\/sayaka-murata\/","menu_order":0,"post_type":"autor","post_mime_type":"","comment_count":"0","filter":"raw"}]},"aioseo_notices":[],"_links":{"self":[{"href":"https:\/\/www.claret.cat\/es\/wp-json\/wp\/v2\/product\/118752","targetHints":{"allow":["GET"]}}],"collection":[{"href":"https:\/\/www.claret.cat\/es\/wp-json\/wp\/v2\/product"}],"about":[{"href":"https:\/\/www.claret.cat\/es\/wp-json\/wp\/v2\/types\/product"}],"wp:featuredmedia":[{"embeddable":true,"href":"https:\/\/www.claret.cat\/es\/wp-json\/wp\/v2\/media\/118753"}],"wp:attachment":[{"href":"https:\/\/www.claret.cat\/es\/wp-json\/wp\/v2\/media?parent=118752"}],"wp:term":[{"taxonomy":"product_brand","embeddable":true,"href":"https:\/\/www.claret.cat\/es\/wp-json\/wp\/v2\/product_brand?post=118752"},{"taxonomy":"product_cat","embeddable":true,"href":"https:\/\/www.claret.cat\/es\/wp-json\/wp\/v2\/product_cat?post=118752"},{"taxonomy":"product_tag","embeddable":true,"href":"https:\/\/www.claret.cat\/es\/wp-json\/wp\/v2\/product_tag?post=118752"}],"curies":[{"name":"wp","href":"https:\/\/api.w.org\/{rel}","templated":true}]}}