{"id":118782,"date":"2022-10-12T15:51:47","date_gmt":"2022-10-12T13:51:47","guid":{"rendered":"http:\/\/dev.claret.cat\/producte\/1793-el-llop-i-el-vigilant-2\/"},"modified":"2024-01-31T20:41:05","modified_gmt":"2024-01-31T19:41:05","slug":"1793-el-llop-i-el-vigilant-9788475888071","status":"publish","type":"product","link":"https:\/\/www.claret.cat\/es\/libro\/1793-el-llop-i-el-vigilant-9788475888071\/","title":{"rendered":"1793. EL LLOP I EL VIGILANT"},"content":{"rendered":"<p>Estocolm, 1793. El rei Gustav III ha mort i el pa\u00eds el governa amb m\u00e0 de ferro un regent mentre els<br \/>vents republicans de la revoluci\u00f3 francesa inquieten els poders. El gu\u00e0rdia Mickel Cardell, un veter\u00e0<br \/>de la recent guerra russo-sueca, on va perdre un bra\u00e7, troba un cad\u00e0ver mutilat al llac de la ciutat: un<br \/>tronc i un cap, nom\u00e9s. El cas s&#8217;assigna a l&#8217;investigador Cecil Winge, un racionalista que viu els seus \u00faltims<br \/>dies, malalt de mort per la tuberculosi. Junts, Winge i Cardell es troben immersos en un m\u00f3n brutal<br \/>de lladres i perdularis, mercenaris i madams, un m\u00f3n en qu\u00e8 una sola mort posa al descobert que,<br \/>sota el vern\u00eds de poder i riquesa, estrat rere estrat, la ciutat est\u00e0 absolutament podrida per la corrupci\u00f3.<\/p>\n","protected":false},"excerpt":{"rendered":"<p>NATT OCH DAG, NIKLAS<\/p>\n","protected":false},"featured_media":118783,"template":"","meta":{"_acf_changed":false,"om_disable_all_campaigns":false,"rs_blank_template":"","rs_page_bg_color":"","slide_template_v7":"","inline_featured_image":false,"_monsterinsights_skip_tracking":false,"_monsterinsights_sitenote_active":false,"_monsterinsights_sitenote_note":"","_monsterinsights_sitenote_category":0},"product_brand":[],"product_cat":[127,130,357,360],"product_tag":[],"class_list":{"0":"post-118782","1":"product","2":"type-product","3":"status-publish","4":"has-post-thumbnail","6":"product_cat-novella-contemporania","7":"product_cat-novella-historica-i-ficcio","8":"product_cat-novela-contemporanea","9":"product_cat-novela-historica-y-ficcion","11":"first","12":"instock","13":"taxable","14":"shipping-taxable","15":"purchasable","16":"product-type-simple"},"acf":{"editorial":[{"ID":6336,"post_author":"3","post_date":"2022-07-28 17:50:00","post_date_gmt":"2022-07-28 15:50:00","post_content":"","post_title":"Proa","post_excerpt":"","post_status":"publish","comment_status":"closed","ping_status":"closed","post_password":"","post_name":"proa","to_ping":"","pinged":"","post_modified":"2022-07-28 17:50:00","post_modified_gmt":"2022-07-28 15:50:00","post_content_filtered":"","post_parent":0,"guid":"http:\/\/dev.claret.cat\/editorial\/proa\/","menu_order":0,"post_type":"editorial","post_mime_type":"","comment_count":"0","filter":"raw"}],"autores-libros":[{"ID":5892,"post_author":"3","post_date":"2022-07-28 17:33:44","post_date_gmt":"2022-07-28 15:33:44","post_content":"","post_title":"NIKLAS NATT OCH DAG","post_excerpt":"","post_status":"publish","comment_status":"closed","ping_status":"closed","post_password":"","post_name":"niklas-natt-och-dag","to_ping":"","pinged":"","post_modified":"2022-07-28 17:33:44","post_modified_gmt":"2022-07-28 15:33:44","post_content_filtered":"","post_parent":0,"guid":"http:\/\/dev.claret.cat\/autor\/niklas-natt-och-dag\/","menu_order":0,"post_type":"autor","post_mime_type":"","comment_count":"0","filter":"raw"}],"autor":"NATT OCH DAG, NIKLAS","codart":"847588807","libros-coleccion":"A TOT VENT-R\u00daST","ediciones":"1","encuadernacion":"R\u00fastica","fecha_de_publicacion":"01\/01\/2020","novedad":"1","paginas":"419","subtitulo":"","orden":"0","portada":"0","idioma":"cat"},"aioseo_notices":[],"_links":{"self":[{"href":"https:\/\/www.claret.cat\/es\/wp-json\/wp\/v2\/product\/118782","targetHints":{"allow":["GET"]}}],"collection":[{"href":"https:\/\/www.claret.cat\/es\/wp-json\/wp\/v2\/product"}],"about":[{"href":"https:\/\/www.claret.cat\/es\/wp-json\/wp\/v2\/types\/product"}],"wp:featuredmedia":[{"embeddable":true,"href":"https:\/\/www.claret.cat\/es\/wp-json\/wp\/v2\/media\/118783"}],"wp:attachment":[{"href":"https:\/\/www.claret.cat\/es\/wp-json\/wp\/v2\/media?parent=118782"}],"wp:term":[{"taxonomy":"product_brand","embeddable":true,"href":"https:\/\/www.claret.cat\/es\/wp-json\/wp\/v2\/product_brand?post=118782"},{"taxonomy":"product_cat","embeddable":true,"href":"https:\/\/www.claret.cat\/es\/wp-json\/wp\/v2\/product_cat?post=118782"},{"taxonomy":"product_tag","embeddable":true,"href":"https:\/\/www.claret.cat\/es\/wp-json\/wp\/v2\/product_tag?post=118782"}],"curies":[{"name":"wp","href":"https:\/\/api.w.org\/{rel}","templated":true}]}}