{"id":118911,"date":"2022-10-12T15:53:46","date_gmt":"2022-10-12T13:53:46","guid":{"rendered":"http:\/\/dev.claret.cat\/producte\/el-secreto-de-la-buena-digestion\/"},"modified":"2023-01-28T06:40:19","modified_gmt":"2023-01-28T05:40:19","slug":"el-secreto-de-la-buena-digestion-9788408221661","status":"publish","type":"product","link":"https:\/\/www.claret.cat\/es\/libro\/el-secreto-de-la-buena-digestion-9788408221661\/","title":{"rendered":"EL SECRETO DE LA BUENA DIGESTI\u00d3N"},"content":{"rendered":"<p>Nos sentamos a la mesa, pinchamos con el tenedor un trozo de comida, nos la llevamos a la boca, la masticamos, la deglutimos \u00bfY luego qu\u00e9?<br \/>Comemos al menos tres veces al d\u00eda durante toda nuestra vida, pero no sabemos casi nada de lo que ocurre dentro de nosotros cuando ingerimos un alimento. Como consecuencia, a menudo tampoco entendemos el modo en que nuestro cuerpo reacciona frente a lo que hemos comido. \u00bfPor qu\u00e9 hay cosas que nos sientan bien y otras que no? \u00bfQu\u00e9 relaci\u00f3n hay entre lo que comemos y las enfermedades que desarrollamos a lo largo de la vida? \u00bfQu\u00e9 nos dice el est\u00f3mago cuando hace ruido? El mal aliento, las migra\u00f1as, las hinchazones abdominales, las alergias, la obesidad y hasta las depresiones pueden tener su origen en una mala digesti\u00f3n.<br \/>Este libro, lleno de curiosidades, toca cada aspecto relevante de nuestro proceso digestivo, incluso hasta llegar a esa gran desconocida: la caca, que tanto puede contarnos sobre nuestra salud. Entender de manera sencilla la complejidad del intestino nos har\u00e1 m\u00e1s conscientes a la hora de decidir qu\u00e9 vamos a comer ma\u00f1ana para sentirnos mejor.<\/p>\n","protected":false},"excerpt":{"rendered":"<p>QUINTAS, \u00c1NGELA<\/p>\n","protected":false},"featured_media":118912,"template":"","meta":{"_acf_changed":false,"om_disable_all_campaigns":false,"rs_blank_template":"","rs_page_bg_color":"","slide_template_v7":"","inline_featured_image":false,"_monsterinsights_skip_tracking":false,"_monsterinsights_sitenote_active":false,"_monsterinsights_sitenote_note":"","_monsterinsights_sitenote_category":0},"product_brand":[],"product_cat":[97],"product_tag":[],"class_list":{"0":"post-118911","1":"product","2":"type-product","3":"status-publish","4":"has-post-thumbnail","6":"product_cat-salut","8":"first","9":"instock","10":"taxable","11":"shipping-taxable","12":"purchasable","13":"product-type-simple"},"acf":{"editorial":[{"ID":6233,"post_author":"3","post_date":"2022-07-28 17:47:48","post_date_gmt":"2022-07-28 15:47:48","post_content":"","post_title":"EDITORIAL PLANETA","post_excerpt":"","post_status":"publish","comment_status":"closed","ping_status":"closed","post_password":"","post_name":"editorial-planeta","to_ping":"","pinged":"","post_modified":"2022-07-28 17:47:48","post_modified_gmt":"2022-07-28 15:47:48","post_content_filtered":"","post_parent":0,"guid":"http:\/\/dev.claret.cat\/editorial\/editorial-planeta\/","menu_order":0,"post_type":"editorial","post_mime_type":"","comment_count":"0","filter":"raw"}],"autores-libros":[{"ID":150439,"post_author":"3","post_date":"2022-10-14 14:32:58","post_date_gmt":"2022-10-14 12:32:58","post_content":"","post_title":"\u00c1NGELA QUINTAS","post_excerpt":"","post_status":"publish","comment_status":"closed","ping_status":"closed","post_password":"","post_name":"angela-quintas","to_ping":"","pinged":"","post_modified":"2022-10-14 14:32:58","post_modified_gmt":"2022-10-14 12:32:58","post_content_filtered":"","post_parent":0,"guid":"http:\/\/dev.claret.cat\/autor\/angela-quintas\/","menu_order":0,"post_type":"autor","post_mime_type":"","comment_count":"0","filter":"raw"}],"autor":"QUINTAS, \u00c1NGELA","codart":"840822166","libros-coleccion":"NO FICCION","ediciones":"1","encuadernacion":"R\u00fastica","fecha_de_publicacion":"01\/01\/2020","novedad":"1","paginas":"252","subtitulo":"APRENDER A ENTENDER TU CUERPO","orden":"0","portada":"0","idioma":"spa"},"aioseo_notices":[],"_links":{"self":[{"href":"https:\/\/www.claret.cat\/es\/wp-json\/wp\/v2\/product\/118911","targetHints":{"allow":["GET"]}}],"collection":[{"href":"https:\/\/www.claret.cat\/es\/wp-json\/wp\/v2\/product"}],"about":[{"href":"https:\/\/www.claret.cat\/es\/wp-json\/wp\/v2\/types\/product"}],"wp:featuredmedia":[{"embeddable":true,"href":"https:\/\/www.claret.cat\/es\/wp-json\/wp\/v2\/media\/118912"}],"wp:attachment":[{"href":"https:\/\/www.claret.cat\/es\/wp-json\/wp\/v2\/media?parent=118911"}],"wp:term":[{"taxonomy":"product_brand","embeddable":true,"href":"https:\/\/www.claret.cat\/es\/wp-json\/wp\/v2\/product_brand?post=118911"},{"taxonomy":"product_cat","embeddable":true,"href":"https:\/\/www.claret.cat\/es\/wp-json\/wp\/v2\/product_cat?post=118911"},{"taxonomy":"product_tag","embeddable":true,"href":"https:\/\/www.claret.cat\/es\/wp-json\/wp\/v2\/product_tag?post=118911"}],"curies":[{"name":"wp","href":"https:\/\/api.w.org\/{rel}","templated":true}]}}