{"id":118920,"date":"2022-10-12T15:53:53","date_gmt":"2022-10-12T13:53:53","guid":{"rendered":"http:\/\/dev.claret.cat\/producte\/tapas-pintxos-y-tostas\/"},"modified":"2023-01-28T11:36:10","modified_gmt":"2023-01-28T10:36:10","slug":"tapas-pintxos-y-tostas-9788408219187","status":"publish","type":"product","link":"https:\/\/www.claret.cat\/es\/libro\/tapas-pintxos-y-tostas-9788408219187\/","title":{"rendered":"TAPAS, PINTXOS Y TOSTAS"},"content":{"rendered":"<p>Las tapas y los pintxos son la mayor se\u00f1a de identidad de la cultura gastron\u00f3mica espa\u00f1ola. Los pintxos tienen mucho de juego, de entretenimiento, y la selecci\u00f3n de tapas que en esta obra se presenta persigue una intenci\u00f3n muy clara, la de animar a todos a entrar en la cocina, a disfrutarla y utilizarla para transmitir placer a trav\u00e9s de lo m\u00e1s sencillo y b\u00e1sico que hay en ella, elaborar pintxos. Adem\u00e1s, hacer tapas es una forma sencilla de sacudir el estr\u00e9s con una sencilla pero a la vez buena alimentaci\u00f3n, sana, equilibrada y, por supuesto, deliciosa.<\/p>\n","protected":false},"excerpt":{"rendered":"<p>GUTI\u00c9RREZ, XABIER<\/p>\n","protected":false},"featured_media":118921,"template":"","meta":{"_acf_changed":false,"om_disable_all_campaigns":false,"rs_blank_template":"","rs_page_bg_color":"","slide_template_v7":"","inline_featured_image":false,"_monsterinsights_skip_tracking":false,"_monsterinsights_sitenote_active":false,"_monsterinsights_sitenote_note":"","_monsterinsights_sitenote_category":0},"product_brand":[],"product_cat":[103],"product_tag":[],"class_list":{"0":"post-118920","1":"product","2":"type-product","3":"status-publish","4":"has-post-thumbnail","6":"product_cat-cuina","8":"first","9":"instock","10":"taxable","11":"shipping-taxable","12":"purchasable","13":"product-type-simple"},"acf":{"editorial":[{"ID":6233,"post_author":"3","post_date":"2022-07-28 17:47:48","post_date_gmt":"2022-07-28 15:47:48","post_content":"","post_title":"EDITORIAL PLANETA","post_excerpt":"","post_status":"publish","comment_status":"closed","ping_status":"closed","post_password":"","post_name":"editorial-planeta","to_ping":"","pinged":"","post_modified":"2022-07-28 17:47:48","post_modified_gmt":"2022-07-28 15:47:48","post_content_filtered":"","post_parent":0,"guid":"http:\/\/dev.claret.cat\/editorial\/editorial-planeta\/","menu_order":0,"post_type":"editorial","post_mime_type":"","comment_count":"0","filter":"raw"}],"autores-libros":[{"ID":171374,"post_author":"3","post_date":"2022-10-14 22:42:53","post_date_gmt":"2022-10-14 20:42:53","post_content":"","post_title":"XABIER GUTIERREZ","post_excerpt":"","post_status":"publish","comment_status":"closed","ping_status":"closed","post_password":"","post_name":"xabier-gutierrez","to_ping":"","pinged":"","post_modified":"2022-10-14 22:42:53","post_modified_gmt":"2022-10-14 20:42:53","post_content_filtered":"","post_parent":0,"guid":"http:\/\/dev.claret.cat\/autor\/xabier-gutierrez\/","menu_order":0,"post_type":"autor","post_mime_type":"","comment_count":"0","filter":"raw"}],"autor":"GUTI\u00c9RREZ, XABIER","codart":"840821918","libros-coleccion":"Cocina T","ediciones":"1","encuadernacion":"R\u00fastica","fecha_de_publicacion":"01\/01\/2020","novedad":"1","paginas":"556","subtitulo":"","orden":"0","portada":"0","idioma":"spa"},"aioseo_notices":[],"_links":{"self":[{"href":"https:\/\/www.claret.cat\/es\/wp-json\/wp\/v2\/product\/118920","targetHints":{"allow":["GET"]}}],"collection":[{"href":"https:\/\/www.claret.cat\/es\/wp-json\/wp\/v2\/product"}],"about":[{"href":"https:\/\/www.claret.cat\/es\/wp-json\/wp\/v2\/types\/product"}],"wp:featuredmedia":[{"embeddable":true,"href":"https:\/\/www.claret.cat\/es\/wp-json\/wp\/v2\/media\/118921"}],"wp:attachment":[{"href":"https:\/\/www.claret.cat\/es\/wp-json\/wp\/v2\/media?parent=118920"}],"wp:term":[{"taxonomy":"product_brand","embeddable":true,"href":"https:\/\/www.claret.cat\/es\/wp-json\/wp\/v2\/product_brand?post=118920"},{"taxonomy":"product_cat","embeddable":true,"href":"https:\/\/www.claret.cat\/es\/wp-json\/wp\/v2\/product_cat?post=118920"},{"taxonomy":"product_tag","embeddable":true,"href":"https:\/\/www.claret.cat\/es\/wp-json\/wp\/v2\/product_tag?post=118920"}],"curies":[{"name":"wp","href":"https:\/\/api.w.org\/{rel}","templated":true}]}}