{"id":118923,"date":"2022-10-12T15:53:56","date_gmt":"2022-10-12T13:53:56","guid":{"rendered":"http:\/\/dev.claret.cat\/producte\/kioto-y-osaka-de-cerca-1\/"},"modified":"2023-01-28T12:06:50","modified_gmt":"2023-01-28T11:06:50","slug":"kioto-y-osaka-de-cerca-1-9788408214632","status":"publish","type":"product","link":"https:\/\/www.claret.cat\/es\/libro\/kioto-y-osaka-de-cerca-1-9788408214632\/","title":{"rendered":"KIOTO Y OSAKA DE CERCA 1"},"content":{"rendered":"<p>Kioto es la quintaesencia del Jap\u00f3n tradicional: recoletos templos, jardines sublimes, santuarios pintorescos, estampas callejeras con perfecci\u00f3n de postal y geishas furtivas que se deslizan por las calles hacia alguna cita secreta. Aunque la jungla de hormig\u00f3n gris de Osaka no se le compara en belleza, esta ciudad de ritmo acelerado, con vitalidad juvenil y envuelta en deslumbrante ne\u00f3n, impresiona por su excelente comida y ambiente nocturno, y tambi\u00e9n por la personalidad de sus habitantes.<\/p>\n","protected":false},"excerpt":{"rendered":"<p>MORGAN, KATE<\/p>\n","protected":false},"featured_media":118924,"template":"","meta":{"_acf_changed":false,"om_disable_all_campaigns":false,"rs_blank_template":"","rs_page_bg_color":"","slide_template_v7":"","inline_featured_image":false,"_monsterinsights_skip_tracking":false,"_monsterinsights_sitenote_active":false,"_monsterinsights_sitenote_note":"","_monsterinsights_sitenote_category":0},"product_brand":[],"product_cat":[107],"product_tag":[],"class_list":{"0":"post-118923","1":"product","2":"type-product","3":"status-publish","4":"has-post-thumbnail","6":"product_cat-guies-de-viatge","8":"first","9":"instock","10":"taxable","11":"shipping-taxable","12":"purchasable","13":"product-type-simple"},"acf":{"editorial":[{"ID":6233,"post_author":"3","post_date":"2022-07-28 17:47:48","post_date_gmt":"2022-07-28 15:47:48","post_content":"","post_title":"EDITORIAL PLANETA","post_excerpt":"","post_status":"publish","comment_status":"closed","ping_status":"closed","post_password":"","post_name":"editorial-planeta","to_ping":"","pinged":"","post_modified":"2022-07-28 17:47:48","post_modified_gmt":"2022-07-28 15:47:48","post_content_filtered":"","post_parent":0,"guid":"http:\/\/dev.claret.cat\/editorial\/editorial-planeta\/","menu_order":0,"post_type":"editorial","post_mime_type":"","comment_count":"0","filter":"raw"}],"autores-libros":[{"ID":161492,"post_author":"3","post_date":"2022-10-14 17:18:39","post_date_gmt":"2022-10-14 15:18:39","post_content":"","post_title":"KATE MORGAN","post_excerpt":"","post_status":"publish","comment_status":"closed","ping_status":"closed","post_password":"","post_name":"kate-morgan","to_ping":"","pinged":"","post_modified":"2022-10-14 17:18:39","post_modified_gmt":"2022-10-14 15:18:39","post_content_filtered":"","post_parent":0,"guid":"http:\/\/dev.claret.cat\/autor\/kate-morgan\/","menu_order":0,"post_type":"autor","post_mime_type":"","comment_count":"0","filter":"raw"}],"autor":"MORGAN, KATE","codart":"840821463","libros-coleccion":"Lonely Planet","ediciones":"1","encuadernacion":"R\u00fastica","fecha_de_publicacion":"01\/01\/2020","novedad":"1","paginas":"0","subtitulo":"","orden":"0","portada":"0","idioma":"spa"},"aioseo_notices":[],"_links":{"self":[{"href":"https:\/\/www.claret.cat\/es\/wp-json\/wp\/v2\/product\/118923","targetHints":{"allow":["GET"]}}],"collection":[{"href":"https:\/\/www.claret.cat\/es\/wp-json\/wp\/v2\/product"}],"about":[{"href":"https:\/\/www.claret.cat\/es\/wp-json\/wp\/v2\/types\/product"}],"wp:featuredmedia":[{"embeddable":true,"href":"https:\/\/www.claret.cat\/es\/wp-json\/wp\/v2\/media\/118924"}],"wp:attachment":[{"href":"https:\/\/www.claret.cat\/es\/wp-json\/wp\/v2\/media?parent=118923"}],"wp:term":[{"taxonomy":"product_brand","embeddable":true,"href":"https:\/\/www.claret.cat\/es\/wp-json\/wp\/v2\/product_brand?post=118923"},{"taxonomy":"product_cat","embeddable":true,"href":"https:\/\/www.claret.cat\/es\/wp-json\/wp\/v2\/product_cat?post=118923"},{"taxonomy":"product_tag","embeddable":true,"href":"https:\/\/www.claret.cat\/es\/wp-json\/wp\/v2\/product_tag?post=118923"}],"curies":[{"name":"wp","href":"https:\/\/api.w.org\/{rel}","templated":true}]}}