{"id":118950,"date":"2022-10-12T15:54:25","date_gmt":"2022-10-12T13:54:25","guid":{"rendered":"http:\/\/dev.claret.cat\/producte\/romeu-i-julieta\/"},"modified":"2024-01-31T22:23:12","modified_gmt":"2024-01-31T21:23:12","slug":"romeu-i-julieta-9788415954705","status":"publish","type":"product","link":"https:\/\/www.claret.cat\/es\/libro\/romeu-i-julieta-9788415954705\/","title":{"rendered":"ROMEU I JULIETA"},"content":{"rendered":"<p>Els joves Romeu i Julieta, fills de dues fam\u00edlies enfrontades en la Verona del segle XIV, s&#8217;oposen a les regles de l&#8217;odi i desafien el dest\u00ed, que els obligava a detestar-se. Shakespeare va convertir aquest mite en la hist\u00f2ria d&#8217;amor m\u00e9s coneguda de la literatura universal.<\/p>\n","protected":false},"excerpt":{"rendered":"<p>SHAKESPEARE, WILLIAM<\/p>\n","protected":false},"featured_media":118951,"template":"","meta":{"_acf_changed":false,"om_disable_all_campaigns":false,"rs_blank_template":"","rs_page_bg_color":"","slide_template_v7":"","inline_featured_image":false,"_monsterinsights_skip_tracking":false,"_monsterinsights_sitenote_active":false,"_monsterinsights_sitenote_note":"","_monsterinsights_sitenote_category":0},"product_brand":[],"product_cat":[354,123],"product_tag":[],"class_list":{"0":"post-118950","1":"product","2":"type-product","3":"status-publish","4":"has-post-thumbnail","6":"product_cat-clasica","7":"product_cat-classica","9":"first","10":"instock","11":"taxable","12":"shipping-taxable","13":"purchasable","14":"product-type-simple"},"acf":{"editorial":[{"ID":148053,"post_author":"3","post_date":"2022-10-14 11:55:16","post_date_gmt":"2022-10-14 09:55:16","post_content":"","post_title":"EDUCAULA","post_excerpt":"","post_status":"publish","comment_status":"closed","ping_status":"closed","post_password":"","post_name":"educaula","to_ping":"","pinged":"","post_modified":"2022-10-14 11:55:16","post_modified_gmt":"2022-10-14 09:55:16","post_content_filtered":"","post_parent":0,"guid":"http:\/\/dev.claret.cat\/editorial\/educaula\/","menu_order":0,"post_type":"editorial","post_mime_type":"","comment_count":"0","filter":"raw"}],"autores-libros":[{"ID":171334,"post_author":"3","post_date":"2022-10-14 22:42:33","post_date_gmt":"2022-10-14 20:42:33","post_content":"","post_title":"WILLIAM SHAKESPEARE","post_excerpt":"","post_status":"publish","comment_status":"closed","ping_status":"closed","post_password":"","post_name":"william-shakespeare","to_ping":"","pinged":"","post_modified":"2022-10-14 22:42:33","post_modified_gmt":"2022-10-14 20:42:33","post_content_filtered":"","post_parent":0,"guid":"http:\/\/dev.claret.cat\/autor\/william-shakespeare\/","menu_order":0,"post_type":"autor","post_mime_type":"","comment_count":"0","filter":"raw"}],"autor":"SHAKESPEARE, WILLIAM","codart":"841595470","libros-coleccion":"Educaci\u00f3 62","ediciones":"1","encuadernacion":"R\u00fastica","fecha_de_publicacion":"01\/01\/2020","novedad":"1","paginas":"222","subtitulo":"","orden":"0","portada":"0","idioma":"cat"},"aioseo_notices":[],"_links":{"self":[{"href":"https:\/\/www.claret.cat\/es\/wp-json\/wp\/v2\/product\/118950","targetHints":{"allow":["GET"]}}],"collection":[{"href":"https:\/\/www.claret.cat\/es\/wp-json\/wp\/v2\/product"}],"about":[{"href":"https:\/\/www.claret.cat\/es\/wp-json\/wp\/v2\/types\/product"}],"wp:featuredmedia":[{"embeddable":true,"href":"https:\/\/www.claret.cat\/es\/wp-json\/wp\/v2\/media\/118951"}],"wp:attachment":[{"href":"https:\/\/www.claret.cat\/es\/wp-json\/wp\/v2\/media?parent=118950"}],"wp:term":[{"taxonomy":"product_brand","embeddable":true,"href":"https:\/\/www.claret.cat\/es\/wp-json\/wp\/v2\/product_brand?post=118950"},{"taxonomy":"product_cat","embeddable":true,"href":"https:\/\/www.claret.cat\/es\/wp-json\/wp\/v2\/product_cat?post=118950"},{"taxonomy":"product_tag","embeddable":true,"href":"https:\/\/www.claret.cat\/es\/wp-json\/wp\/v2\/product_tag?post=118950"}],"curies":[{"name":"wp","href":"https:\/\/api.w.org\/{rel}","templated":true}]}}