{"id":118971,"date":"2022-10-12T15:54:44","date_gmt":"2022-10-12T13:54:44","guid":{"rendered":"http:\/\/dev.claret.cat\/producte\/la-dualitat-de-baptisteris-en-les-ciutats-episcopals-del-cristianisme-tardoantic\/"},"modified":"2024-05-23T00:50:21","modified_gmt":"2024-05-22T22:50:21","slug":"la-dualitat-de-baptisteris-en-les-ciutats-episcopals-del-cristianisme-tardoantic-9788494719530","status":"publish","type":"product","link":"https:\/\/www.claret.cat\/es\/libro\/la-dualitat-de-baptisteris-en-les-ciutats-episcopals-del-cristianisme-tardoantic-9788494719530\/","title":{"rendered":"LA DUALITAT DE BAPTISTERIS EN LES CIUTATS EPISCOPALS DEL CRISTIANISME TARDOANTIC"},"content":{"rendered":"<p>El segon volum de la col\u00b7lecci\u00f3 Studia Archaeologiae Christianae recull les pon\u00e8ncies del simposi internacional La dualitat de baptisteris en les ciutats episcopals del cristianisme tardoantic, organitzat per la Facultat d\u2019Hist\u00f2ria, Arqueologia i Arts Cristianes Antoni Gaud\u00ed (FHEAG \u2013 AUSP) els dies 26 i 27 de maig de 2016. L\u2019objectiu del simposi era posar damunt la taula els casos de les ciutats que presenten de forma contempor\u00e0nia m\u00e9s d\u2019un baptisteri i esbrinar el per qu\u00e8.<\/p>\n","protected":false},"excerpt":{"rendered":"<p>BELTR\u00c1N DE HEREDIA, JULIA; GODOY FERN\u00c1NDEZ, CRISTINA<\/p>\n","protected":false},"featured_media":362667,"template":"","meta":{"_acf_changed":false,"om_disable_all_campaigns":false,"rs_blank_template":"","rs_page_bg_color":"","slide_template_v7":"","inline_featured_image":false,"_monsterinsights_skip_tracking":false,"_monsterinsights_sitenote_active":false,"_monsterinsights_sitenote_note":"","_monsterinsights_sitenote_category":0},"product_brand":[],"product_cat":[90,540],"product_tag":[],"class_list":{"0":"post-118971","1":"product","2":"type-product","3":"status-publish","4":"has-post-thumbnail","6":"product_cat-altres","7":"product_cat-otros","9":"first","10":"outofstock","11":"taxable","12":"shipping-taxable","13":"purchasable","14":"product-type-simple"},"acf":{"editorial":[{"ID":6253,"post_author":"3","post_date":"2022-07-28 17:48:14","post_date_gmt":"2022-07-28 15:48:14","post_content":"","post_title":"Facultat Teologia de Catalunya","post_excerpt":"","post_status":"publish","comment_status":"closed","ping_status":"closed","post_password":"","post_name":"facultat-teologia-de-catalunya","to_ping":"","pinged":"","post_modified":"2022-07-28 17:48:14","post_modified_gmt":"2022-07-28 15:48:14","post_content_filtered":"","post_parent":0,"guid":"http:\/\/dev.claret.cat\/editorial\/facultat-teologia-de-catalunya\/","menu_order":0,"post_type":"editorial","post_mime_type":"","comment_count":"0","filter":"raw"}],"autor":"BELTR\u00c1N DE HEREDIA, JULIA; GODOY FERN\u00c1NDEZ, CRISTINA","codart":"849471953","libros-coleccion":"","ediciones":"1","encuadernacion":"R\u00fastica","fecha_de_publicacion":"06\/03\/2018","novedad":"1","paginas":"211","subtitulo":"","orden":"0","portada":"0","idioma":"cat","autores-libros":[{"ID":161245,"post_author":"3","post_date":"2022-10-14 17:16:39","post_date_gmt":"2022-10-14 15:16:39","post_content":"","post_title":"JULIA BELTR\u00c1N DE HEREDIA","post_excerpt":"","post_status":"publish","comment_status":"closed","ping_status":"closed","post_password":"","post_name":"julia-beltran-de-heredia","to_ping":"","pinged":"","post_modified":"2022-10-14 17:16:39","post_modified_gmt":"2022-10-14 15:16:39","post_content_filtered":"","post_parent":0,"guid":"http:\/\/dev.claret.cat\/autor\/julia-beltran-de-heredia\/","menu_order":0,"post_type":"autor","post_mime_type":"","comment_count":"0","filter":"raw"},{"ID":153351,"post_author":"3","post_date":"2022-10-14 14:56:04","post_date_gmt":"2022-10-14 12:56:04","post_content":"","post_title":"CRISTINA GODOY FERN\u00c1NDEZ","post_excerpt":"","post_status":"publish","comment_status":"closed","ping_status":"closed","post_password":"","post_name":"cristina-godoy-fernandez","to_ping":"","pinged":"","post_modified":"2022-10-14 14:56:04","post_modified_gmt":"2022-10-14 12:56:04","post_content_filtered":"","post_parent":0,"guid":"http:\/\/dev.claret.cat\/autor\/cristina-godoy-fernandez\/","menu_order":0,"post_type":"autor","post_mime_type":"","comment_count":"0","filter":"raw"}]},"aioseo_notices":[],"_links":{"self":[{"href":"https:\/\/www.claret.cat\/es\/wp-json\/wp\/v2\/product\/118971","targetHints":{"allow":["GET"]}}],"collection":[{"href":"https:\/\/www.claret.cat\/es\/wp-json\/wp\/v2\/product"}],"about":[{"href":"https:\/\/www.claret.cat\/es\/wp-json\/wp\/v2\/types\/product"}],"wp:featuredmedia":[{"embeddable":true,"href":"https:\/\/www.claret.cat\/es\/wp-json\/wp\/v2\/media\/362667"}],"wp:attachment":[{"href":"https:\/\/www.claret.cat\/es\/wp-json\/wp\/v2\/media?parent=118971"}],"wp:term":[{"taxonomy":"product_brand","embeddable":true,"href":"https:\/\/www.claret.cat\/es\/wp-json\/wp\/v2\/product_brand?post=118971"},{"taxonomy":"product_cat","embeddable":true,"href":"https:\/\/www.claret.cat\/es\/wp-json\/wp\/v2\/product_cat?post=118971"},{"taxonomy":"product_tag","embeddable":true,"href":"https:\/\/www.claret.cat\/es\/wp-json\/wp\/v2\/product_tag?post=118971"}],"curies":[{"name":"wp","href":"https:\/\/api.w.org\/{rel}","templated":true}]}}