{"id":119248,"date":"2022-10-12T15:58:28","date_gmt":"2022-10-12T13:58:28","guid":{"rendered":"http:\/\/dev.claret.cat\/producte\/diviertete-talleres-de-arte-con-herve-tullet\/"},"modified":"2023-01-28T10:51:57","modified_gmt":"2023-01-28T09:51:57","slug":"diviertete-talleres-de-arte-con-herve-tullet-9780714870816","status":"publish","type":"product","link":"https:\/\/www.claret.cat\/es\/libro\/diviertete-talleres-de-arte-con-herve-tullet-9780714870816\/","title":{"rendered":"DIVI\u00c9RTETE. TALLERES DE ARTE CON HERVE TULLET"},"content":{"rendered":"<p>Un libro para que los adultos realicen un mont\u00f3n de actividades con los ni\u00f1os Herv\u00e9 Tullet ense\u00f1a a los adultos a desarrollar los admirados talleres de arte que ha realizado a lo largo del mundo. Incluye 11 actividades para desarrollar la creatividad cada una cuenta con una lista de los materiales necesarios, una gu\u00eda paso a paso y consejos para convertirlos en un \u00e9xito. Estas actividades est\u00e1n pensadas para desarrollar la imaginaci\u00f3n de los ni\u00f1os, para que desarrollen lazos grupales y obtengan como resultado una obra grata visualmente sin que se necesiten habilidades art\u00edsticas. Las 11 actividades han sido realizadas con \u00e9xito en diferentes pa\u00edses en los 6 continentes, este libro es perfecto para organizar actividades de grupo en casa, en museos, en fiestas,&#8230; en cualquier lado!<\/p>\n","protected":false},"excerpt":{"rendered":"<p>TULLET, HERV\u00c9<\/p>\n","protected":false},"featured_media":119249,"template":"","meta":{"_acf_changed":false,"om_disable_all_campaigns":false,"rs_blank_template":"","rs_page_bg_color":"","slide_template_v7":"","inline_featured_image":false,"_monsterinsights_skip_tracking":false,"_monsterinsights_sitenote_active":false,"_monsterinsights_sitenote_note":"","_monsterinsights_sitenote_category":0},"product_brand":[],"product_cat":[135],"product_tag":[],"class_list":{"0":"post-119248","1":"product","2":"type-product","3":"status-publish","4":"has-post-thumbnail","6":"product_cat-entreteniment","8":"first","9":"instock","10":"taxable","11":"shipping-taxable","12":"purchasable","13":"product-type-simple"},"acf":{"autor":"TULLET, HERV\u00c9","codart":"071487081","libros-coleccion":"PHAIDON","ediciones":"1","encuadernacion":"Carton\u00e9","fecha_de_publicacion":"01\/08\/2015","novedad":"1","paginas":"72","subtitulo":"","orden":"0","portada":"0","idioma":"spa","editorial":[{"ID":148663,"post_author":"3","post_date":"2022-10-14 12:00:01","post_date_gmt":"2022-10-14 10:00:01","post_content":"","post_title":"PHAIDON PRESS LIMITED,BRITISH","post_excerpt":"","post_status":"publish","comment_status":"closed","ping_status":"closed","post_password":"","post_name":"phaidon-press-limitedbritish","to_ping":"","pinged":"","post_modified":"2022-10-14 12:00:01","post_modified_gmt":"2022-10-14 10:00:01","post_content_filtered":"","post_parent":0,"guid":"http:\/\/dev.claret.cat\/editorial\/phaidon-press-limitedbritish\/","menu_order":0,"post_type":"editorial","post_mime_type":"","comment_count":"0","filter":"raw"}],"autores-libros":[{"ID":157577,"post_author":"3","post_date":"2022-10-14 15:29:56","post_date_gmt":"2022-10-14 13:29:56","post_content":"","post_title":"HERV\u00c9 TULLET","post_excerpt":"","post_status":"publish","comment_status":"closed","ping_status":"closed","post_password":"","post_name":"herve-tullet","to_ping":"","pinged":"","post_modified":"2022-10-14 15:29:56","post_modified_gmt":"2022-10-14 13:29:56","post_content_filtered":"","post_parent":0,"guid":"http:\/\/dev.claret.cat\/autor\/herve-tullet\/","menu_order":0,"post_type":"autor","post_mime_type":"","comment_count":"0","filter":"raw"}]},"aioseo_notices":[],"_links":{"self":[{"href":"https:\/\/www.claret.cat\/es\/wp-json\/wp\/v2\/product\/119248","targetHints":{"allow":["GET"]}}],"collection":[{"href":"https:\/\/www.claret.cat\/es\/wp-json\/wp\/v2\/product"}],"about":[{"href":"https:\/\/www.claret.cat\/es\/wp-json\/wp\/v2\/types\/product"}],"wp:featuredmedia":[{"embeddable":true,"href":"https:\/\/www.claret.cat\/es\/wp-json\/wp\/v2\/media\/119249"}],"wp:attachment":[{"href":"https:\/\/www.claret.cat\/es\/wp-json\/wp\/v2\/media?parent=119248"}],"wp:term":[{"taxonomy":"product_brand","embeddable":true,"href":"https:\/\/www.claret.cat\/es\/wp-json\/wp\/v2\/product_brand?post=119248"},{"taxonomy":"product_cat","embeddable":true,"href":"https:\/\/www.claret.cat\/es\/wp-json\/wp\/v2\/product_cat?post=119248"},{"taxonomy":"product_tag","embeddable":true,"href":"https:\/\/www.claret.cat\/es\/wp-json\/wp\/v2\/product_tag?post=119248"}],"curies":[{"name":"wp","href":"https:\/\/api.w.org\/{rel}","templated":true}]}}